{"id":37848,"date":"2022-08-23T13:20:27","date_gmt":"2022-08-23T11:20:27","guid":{"rendered":"https:\/\/appelsenperen.amsterdam\/product\/dupont-cidre-cuvee-reserve-2020-7-5-75cl\/"},"modified":"2025-12-31T22:05:39","modified_gmt":"2025-12-31T21:05:39","slug":"dupont-cidre-cuvee-reserve-2020-7-5-75cl","status":"publish","type":"product","link":"https:\/\/appelsenperen.amsterdam\/en\/product\/dupont-cidre-cuvee-reserve-2020-7-5-75cl\/","title":{"rendered":"Famille Dupont Cidre Cuv\u00e9e R\u00e9serve 2020 7.5% 75cl"},"content":{"rendered":"<p>The Domaine Famille Dupont is located in the heart of the Normandy region of Pays d&#039;Auge. The estate&#039;s orchards cover 30 hectares in the heart of the Pays d&#039;Auge region, comprising 6000 apple trees in 13 different varieties. The family business, built up by three generations of cider makers, emphasizes quality and inventiveness.<\/p>\n<p>Using the best techniques, second generation cider maker Etienne Dupont has managed to achieve the same level of elegance and expressiveness as in the best wines. Some of these techniques, such as manually sorting the apples and even working with an oenologist, are very rare in cider making. But as with wine, the quality of the apples is still the first essential step.<\/p>\n<p>Thanks to their quality and authenticity, Domaine Dupont&#039;s ciders and calvados are today appreciated in many countries around the world. A large part of the production goes to export.<\/p>","protected":false},"excerpt":{"rendered":"<p id=\"tw-target-text\" class=\"tw-data-text tw-text-large tw-ta\" dir=\"ltr\" data-placeholder=\"Vertaling\"><span class=\"Y2IQFc\" lang=\"nl\">The Cidre Dupont Reserve is aged for six months in oak barrels that were also used to store Calvados. This aging gives a subtlety and excellent complexity. Delicate, powerful and complex, round and intense in the mouth. Aromas of cooked apples, balanced by the mixed tannins of Calvados. <\/span><\/p>","protected":false},"featured_media":0,"template":"","meta":[],"product_brand":[],"product_cat":[992],"product_tag":[],"class_list":{"0":"post-37848","1":"product","2":"type-product","3":"status-publish","5":"product_cat-geen-categorie","7":"first","8":"outofstock","9":"taxable","10":"shipping-taxable","11":"purchasable","12":"product-type-simple"},"yoast_head":"<!-- This site is optimized with the Yoast SEO plugin v27.2 - https:\/\/yoast.com\/product\/yoast-seo-wordpress\/ -->\n<title>Famille Dupont Cidre Cuv\u00e9e R\u00e9serve 2020 7.5% 75cl - Amsterdamse Ciderwinkel Appels &amp; Peren<\/title>\n<meta name=\"description\" content=\"De Dupont Cidre Cuv\u00e9e R\u00e9serve is zes maanden gerijpt in eikenhouten vaten die tevens werden gebruikt om Calvados te bewaren. Deze veroudering geeft een subtiliteit en uitstekende complexiteit.\" \/>\n<meta name=\"robots\" content=\"index, follow, max-snippet:-1, max-image-preview:large, max-video-preview:-1\" \/>\n<link rel=\"canonical\" href=\"https:\/\/appelsenperen.amsterdam\/en\/product\/dupont-cidre-cuvee-reserve-2020-7-5-75cl\/\" \/>\n<meta property=\"og:locale\" content=\"en_GB\" \/>\n<meta property=\"og:type\" content=\"article\" \/>\n<meta property=\"og:title\" content=\"Famille Dupont Cidre Cuv\u00e9e R\u00e9serve 2020 7.5% 75cl - Amsterdamse Ciderwinkel Appels &amp; Peren\" \/>\n<meta property=\"og:description\" content=\"De Dupont Cidre Cuv\u00e9e R\u00e9serve is zes maanden gerijpt in eikenhouten vaten die tevens werden gebruikt om Calvados te bewaren. Deze veroudering geeft een subtiliteit en uitstekende complexiteit.\" \/>\n<meta property=\"og:url\" content=\"https:\/\/appelsenperen.amsterdam\/en\/product\/dupont-cidre-cuvee-reserve-2020-7-5-75cl\/\" \/>\n<meta property=\"og:site_name\" content=\"Amsterdamse Ciderwinkel Appels &amp; Peren\" \/>\n<meta property=\"article:modified_time\" content=\"2025-12-31T21:05:39+00:00\" \/>\n<meta property=\"og:image\" content=\"https:\/\/appelsenperen.amsterdam\/wp-content\/uploads\/2022\/08\/Untitled-design-19.jpg\" \/>\n\t<meta property=\"og:image:width\" content=\"500\" \/>\n\t<meta property=\"og:image:height\" content=\"500\" \/>\n\t<meta property=\"og:image:type\" content=\"image\/jpeg\" \/>\n<meta name=\"twitter:card\" content=\"summary_large_image\" \/>\n<meta name=\"twitter:label1\" content=\"Estimated reading time\" \/>\n\t<meta name=\"twitter:data1\" content=\"1 minute\" \/>\n<script type=\"application\/ld+json\" class=\"yoast-schema-graph\">{\"@context\":\"https:\/\/schema.org\",\"@graph\":[{\"@type\":\"WebPage\",\"@id\":\"https:\/\/appelsenperen.amsterdam\/product\/dupont-cidre-cuvee-reserve-2020-7-5-75cl\/\",\"url\":\"https:\/\/appelsenperen.amsterdam\/product\/dupont-cidre-cuvee-reserve-2020-7-5-75cl\/\",\"name\":\"Famille Dupont Cidre Cuv\u00e9e R\u00e9serve 2020 7.5% 75cl - Amsterdamse Ciderwinkel Appels &amp; Peren\",\"isPartOf\":{\"@id\":\"https:\/\/appelsenperen.amsterdam\/#website\"},\"datePublished\":\"2022-08-23T11:20:27+00:00\",\"dateModified\":\"2025-12-31T21:05:39+00:00\",\"description\":\"De Dupont Cidre Cuv\u00e9e R\u00e9serve is zes maanden gerijpt in eikenhouten vaten die tevens werden gebruikt om Calvados te bewaren. Deze veroudering geeft een subtiliteit en uitstekende complexiteit.\",\"breadcrumb\":{\"@id\":\"https:\/\/appelsenperen.amsterdam\/product\/dupont-cidre-cuvee-reserve-2020-7-5-75cl\/#breadcrumb\"},\"inLanguage\":\"en-GB\",\"potentialAction\":[{\"@type\":\"ReadAction\",\"target\":[\"https:\/\/appelsenperen.amsterdam\/product\/dupont-cidre-cuvee-reserve-2020-7-5-75cl\/\"]}]},{\"@type\":\"BreadcrumbList\",\"@id\":\"https:\/\/appelsenperen.amsterdam\/product\/dupont-cidre-cuvee-reserve-2020-7-5-75cl\/#breadcrumb\",\"itemListElement\":[{\"@type\":\"ListItem\",\"position\":1,\"name\":\"Home\",\"item\":\"https:\/\/appelsenperen.amsterdam\/\"},{\"@type\":\"ListItem\",\"position\":2,\"name\":\"Webshop\",\"item\":\"https:\/\/appelsenperen.amsterdam\/webshop\/\"},{\"@type\":\"ListItem\",\"position\":3,\"name\":\"Famille Dupont Cidre Cuv\u00e9e R\u00e9serve 2020 7.5% 75cl\"}]},{\"@type\":\"WebSite\",\"@id\":\"https:\/\/appelsenperen.amsterdam\/#website\",\"url\":\"https:\/\/appelsenperen.amsterdam\/\",\"name\":\"Amsterdamse Ciderwinkel Appels &amp; Peren\",\"description\":\"Everybody loves cider\",\"publisher\":{\"@id\":\"https:\/\/appelsenperen.amsterdam\/#organization\"},\"potentialAction\":[{\"@type\":\"SearchAction\",\"target\":{\"@type\":\"EntryPoint\",\"urlTemplate\":\"https:\/\/appelsenperen.amsterdam\/?s={search_term_string}\"},\"query-input\":{\"@type\":\"PropertyValueSpecification\",\"valueRequired\":true,\"valueName\":\"search_term_string\"}}],\"inLanguage\":\"en-GB\"},{\"@type\":\"Organization\",\"@id\":\"https:\/\/appelsenperen.amsterdam\/#organization\",\"name\":\"Appels en Peren, Ambachtelijke Cider en Poir\u00e9\",\"url\":\"https:\/\/appelsenperen.amsterdam\/\",\"logo\":{\"@type\":\"ImageObject\",\"inLanguage\":\"en-GB\",\"@id\":\"https:\/\/appelsenperen.amsterdam\/#\/schema\/logo\/image\/\",\"url\":\"https:\/\/appelsenperen.amsterdam\/wp-content\/uploads\/2021\/05\/logo-appels-en-peren.jpg\",\"contentUrl\":\"https:\/\/appelsenperen.amsterdam\/wp-content\/uploads\/2021\/05\/logo-appels-en-peren.jpg\",\"width\":677,\"height\":167,\"caption\":\"Appels en Peren, Ambachtelijke Cider en Poir\u00e9\"},\"image\":{\"@id\":\"https:\/\/appelsenperen.amsterdam\/#\/schema\/logo\/image\/\"}}]}<\/script>\n<!-- \/ Yoast SEO plugin. -->","yoast_head_json":{"title":"Famille Dupont Cidre Cuv\u00e9e R\u00e9serve 2020 7.5% 75cl - Amsterdamse Ciderwinkel Appels &amp; Peren","description":"De Dupont Cidre Cuv\u00e9e R\u00e9serve is zes maanden gerijpt in eikenhouten vaten die tevens werden gebruikt om Calvados te bewaren. Deze veroudering geeft een subtiliteit en uitstekende complexiteit.","robots":{"index":"index","follow":"follow","max-snippet":"max-snippet:-1","max-image-preview":"max-image-preview:large","max-video-preview":"max-video-preview:-1"},"canonical":"https:\/\/appelsenperen.amsterdam\/en\/product\/dupont-cidre-cuvee-reserve-2020-7-5-75cl\/","og_locale":"en_GB","og_type":"article","og_title":"Famille Dupont Cidre Cuv\u00e9e R\u00e9serve 2020 7.5% 75cl - Amsterdamse Ciderwinkel Appels &amp; Peren","og_description":"De Dupont Cidre Cuv\u00e9e R\u00e9serve is zes maanden gerijpt in eikenhouten vaten die tevens werden gebruikt om Calvados te bewaren. Deze veroudering geeft een subtiliteit en uitstekende complexiteit.","og_url":"https:\/\/appelsenperen.amsterdam\/en\/product\/dupont-cidre-cuvee-reserve-2020-7-5-75cl\/","og_site_name":"Amsterdamse Ciderwinkel Appels &amp; Peren","article_modified_time":"2025-12-31T21:05:39+00:00","og_image":[{"width":500,"height":500,"url":"https:\/\/appelsenperen.amsterdam\/wp-content\/uploads\/2022\/08\/Untitled-design-19.jpg","type":"image\/jpeg"}],"twitter_card":"summary_large_image","twitter_misc":{"Estimated reading time":"1 minute"},"schema":{"@context":"https:\/\/schema.org","@graph":[{"@type":"WebPage","@id":"https:\/\/appelsenperen.amsterdam\/product\/dupont-cidre-cuvee-reserve-2020-7-5-75cl\/","url":"https:\/\/appelsenperen.amsterdam\/product\/dupont-cidre-cuvee-reserve-2020-7-5-75cl\/","name":"Famille Dupont Cidre Cuv\u00e9e R\u00e9serve 2020 7.5% 75cl - Amsterdamse Ciderwinkel Appels &amp; Peren","isPartOf":{"@id":"https:\/\/appelsenperen.amsterdam\/#website"},"datePublished":"2022-08-23T11:20:27+00:00","dateModified":"2025-12-31T21:05:39+00:00","description":"De Dupont Cidre Cuv\u00e9e R\u00e9serve is zes maanden gerijpt in eikenhouten vaten die tevens werden gebruikt om Calvados te bewaren. Deze veroudering geeft een subtiliteit en uitstekende complexiteit.","breadcrumb":{"@id":"https:\/\/appelsenperen.amsterdam\/product\/dupont-cidre-cuvee-reserve-2020-7-5-75cl\/#breadcrumb"},"inLanguage":"en-GB","potentialAction":[{"@type":"ReadAction","target":["https:\/\/appelsenperen.amsterdam\/product\/dupont-cidre-cuvee-reserve-2020-7-5-75cl\/"]}]},{"@type":"BreadcrumbList","@id":"https:\/\/appelsenperen.amsterdam\/product\/dupont-cidre-cuvee-reserve-2020-7-5-75cl\/#breadcrumb","itemListElement":[{"@type":"ListItem","position":1,"name":"Home","item":"https:\/\/appelsenperen.amsterdam\/"},{"@type":"ListItem","position":2,"name":"Webshop","item":"https:\/\/appelsenperen.amsterdam\/webshop\/"},{"@type":"ListItem","position":3,"name":"Famille Dupont Cidre Cuv\u00e9e R\u00e9serve 2020 7.5% 75cl"}]},{"@type":"WebSite","@id":"https:\/\/appelsenperen.amsterdam\/#website","url":"https:\/\/appelsenperen.amsterdam\/","name":"Amsterdam Cider Shop Apples &amp; Pears","description":"Everybody loves cider","publisher":{"@id":"https:\/\/appelsenperen.amsterdam\/#organization"},"potentialAction":[{"@type":"SearchAction","target":{"@type":"EntryPoint","urlTemplate":"https:\/\/appelsenperen.amsterdam\/?s={search_term_string}"},"query-input":{"@type":"PropertyValueSpecification","valueRequired":true,"valueName":"search_term_string"}}],"inLanguage":"en-GB"},{"@type":"Organization","@id":"https:\/\/appelsenperen.amsterdam\/#organization","name":"Apples and Pears, Artisanal Cider and Poir\u00e9","url":"https:\/\/appelsenperen.amsterdam\/","logo":{"@type":"ImageObject","inLanguage":"en-GB","@id":"https:\/\/appelsenperen.amsterdam\/#\/schema\/logo\/image\/","url":"https:\/\/appelsenperen.amsterdam\/wp-content\/uploads\/2021\/05\/logo-appels-en-peren.jpg","contentUrl":"https:\/\/appelsenperen.amsterdam\/wp-content\/uploads\/2021\/05\/logo-appels-en-peren.jpg","width":677,"height":167,"caption":"Appels en Peren, Ambachtelijke Cider en Poir\u00e9"},"image":{"@id":"https:\/\/appelsenperen.amsterdam\/#\/schema\/logo\/image\/"}}]}},"_links":{"self":[{"href":"https:\/\/appelsenperen.amsterdam\/en\/wp-json\/wp\/v2\/product\/37848","targetHints":{"allow":["GET"]}}],"collection":[{"href":"https:\/\/appelsenperen.amsterdam\/en\/wp-json\/wp\/v2\/product"}],"about":[{"href":"https:\/\/appelsenperen.amsterdam\/en\/wp-json\/wp\/v2\/types\/product"}],"wp:attachment":[{"href":"https:\/\/appelsenperen.amsterdam\/en\/wp-json\/wp\/v2\/media?parent=37848"}],"wp:term":[{"taxonomy":"product_brand","embeddable":true,"href":"https:\/\/appelsenperen.amsterdam\/en\/wp-json\/wp\/v2\/product_brand?post=37848"},{"taxonomy":"product_cat","embeddable":true,"href":"https:\/\/appelsenperen.amsterdam\/en\/wp-json\/wp\/v2\/product_cat?post=37848"},{"taxonomy":"product_tag","embeddable":true,"href":"https:\/\/appelsenperen.amsterdam\/en\/wp-json\/wp\/v2\/product_tag?post=37848"}],"curies":[{"name":"wp","href":"https:\/\/api.w.org\/{rel}","templated":true}]}}