{"id":37700,"date":"2022-06-24T21:00:24","date_gmt":"2022-06-24T19:00:24","guid":{"rendered":"https:\/\/appelsenperen.amsterdam\/product\/domaine-johanna-cecillon-poire-extra-brut-belenos-2018-bio-5-75cl\/"},"modified":"2025-12-31T22:05:27","modified_gmt":"2025-12-31T21:05:27","slug":"domaine-johanna-cecillon-poire-extra-brut-belenos-2018-bio-5-75cl","status":"publish","type":"product","link":"https:\/\/appelsenperen.amsterdam\/en\/product\/domaine-johanna-cecillon-poire-extra-brut-belenos-2018-bio-5-75cl\/","title":{"rendered":"Domaine Johanna C\u00e9cillon Poir\u00e9 Extra Brut Belenos 2018 ORGANIC 5% 75cl"},"content":{"rendered":"<p>Domaine Johanna Cecillon&#039;s ciders are produced by the French couple Johanna and Louis. They are the owners of eleven hectares of land in the communes of S\u00e9vignac and Tr\u00e9dias, in northern Brittany.<\/p>\n<p>The production of alcoholic refreshments is in the blood of both. From childhood, Johanna learned how to make cider from her grandparents and her father. That is why the Louis family has been producing various types of wine for generations. Because there is a lot of knowledge from both families, but also because of special training and dedicated passion, this couple set up their own project. That is why they are committed to the production of high-quality cider, made from apples from their own orchards.<br \/>\nIn these orchards they grow 14 different kinds of special cider apples. Hence, they have not only sweet apples, but sour and bittersweet apples as well. As a result, all these apples give the ciders a special taste of their own. The orchards are very pristine, they do not use chemicals out of respect for nature. In addition, there is pristine and natural vegetation around the trees and orchards.<br \/>\nIn addition, Domaine Cecillon&#039;s ciders are organic and no sulfites are added. The apples are picked by hand and stored in a dry place in bags until they reach the correct ripeness. After that, the fermentation takes place in tanks. Then the assembly takes place in oak barrels, with natural yeast. The carbon dioxide occurs naturally, after bottling.<\/p>\n<p>As a result, they are now currently creating three types of cider and one poir\u00e9. They are named after a Celtic god or goddess:<br \/>\n\u2022 Divona (goddess of streams and rivers). An easily drinkable, dry(er) cider<br \/>\n\u2022 Nantosuelta (goddess of nature, earth, fire and fertility). An elegant, somewhat more complex medium cider.<br \/>\n\u2022 Nerios (god of flowing springs). A very dry strong cider, with a fairly high alcohol percentage (7%)<br \/>\n\u2022 Belenos (sun god). A dry poir\u00e9<\/p>","protected":false},"excerpt":{"rendered":"<p id=\"tw-target-text\" class=\"tw-data-text tw-text-large tw-ta\" dir=\"ltr\" data-placeholder=\"Vertaling\"><span class=\"Y2IQFc\" lang=\"nl\">A poir\u00e9 from northern Brittany, made by a producer who works according to ancient traditions with respect for the land and nature. The pears are harvested manually in September. The fruits are stored in a sheltered place in wooden fruit boxes to promote ripening. The fermentation takes place in tanks and is then mixed with natural yeasts. <\/span><\/p>\n<p class=\"tw-data-text tw-text-large tw-ta\" dir=\"ltr\" data-placeholder=\"Vertaling\"><span class=\"Y2IQFc\" lang=\"nl\">The poir\u00e9 was bottled in April, with natural bubble formation and no added sulfur (non-carbonated and unpasteurized). The bottles are stored lying on slats for at least 24 months. <\/span><\/p>\n<p class=\"tw-data-text tw-text-large tw-ta\" dir=\"ltr\" data-placeholder=\"Vertaling\"><span class=\"Y2IQFc\" lang=\"nl\">This poir\u00e9 has a nice minerality, very refreshing, with notes of citrus fruit and a nice melon flavor. Ideal as an aperitif or with oysters and seafood, marinated artichoke, blue cheese or pear crumble with dark chocolate. <\/span><\/p>\n<p class=\"tw-data-text tw-text-large tw-ta\" dir=\"ltr\" data-placeholder=\"Vertaling\"><span class=\"Y2IQFc\" lang=\"nl\">Cool to 10\u00b0C before serving.<\/span><\/p>","protected":false},"featured_media":0,"template":"","meta":[],"product_brand":[],"product_cat":[992],"product_tag":[],"class_list":{"0":"post-37700","1":"product","2":"type-product","3":"status-publish","5":"product_cat-geen-categorie","7":"first","8":"instock","9":"taxable","10":"shipping-taxable","11":"purchasable","12":"product-type-simple"},"yoast_head":"<!-- This site is optimized with the Yoast SEO plugin v27.2 - https:\/\/yoast.com\/product\/yoast-seo-wordpress\/ -->\n<title>Domaine Johanna C\u00e9cillon Poir\u00e9 Extra Brut Belenos 2018 BIO 5% 75cl - Amsterdamse Ciderwinkel Appels &amp; Peren<\/title>\n<meta name=\"description\" content=\"Een poir\u00e9 uit het noorden van Bretagne, gemaakt door een producent die werkt volgens oude tradities met respect voor het land en de natuur.\" \/>\n<meta name=\"robots\" content=\"index, follow, max-snippet:-1, max-image-preview:large, max-video-preview:-1\" \/>\n<link rel=\"canonical\" href=\"https:\/\/appelsenperen.amsterdam\/en\/product\/domaine-johanna-cecillon-poire-extra-brut-belenos-2018-bio-5-75cl\/\" \/>\n<meta property=\"og:locale\" content=\"en_GB\" \/>\n<meta property=\"og:type\" content=\"article\" \/>\n<meta property=\"og:title\" content=\"Domaine Johanna C\u00e9cillon Poir\u00e9 Extra Brut Belenos 2018 BIO 5% 75cl - Amsterdamse Ciderwinkel Appels &amp; Peren\" \/>\n<meta property=\"og:description\" content=\"Een poir\u00e9 uit het noorden van Bretagne, gemaakt door een producent die werkt volgens oude tradities met respect voor het land en de natuur.\" \/>\n<meta property=\"og:url\" content=\"https:\/\/appelsenperen.amsterdam\/en\/product\/domaine-johanna-cecillon-poire-extra-brut-belenos-2018-bio-5-75cl\/\" \/>\n<meta property=\"og:site_name\" content=\"Amsterdamse Ciderwinkel Appels &amp; Peren\" \/>\n<meta property=\"article:modified_time\" content=\"2025-12-31T21:05:27+00:00\" \/>\n<meta property=\"og:image\" content=\"https:\/\/appelsenperen.amsterdam\/wp-content\/uploads\/2022\/06\/fr-poire-800x800-1-440x440.jpg.webp\" \/>\n\t<meta property=\"og:image:width\" content=\"440\" \/>\n\t<meta property=\"og:image:height\" content=\"440\" \/>\n\t<meta property=\"og:image:type\" content=\"image\/webp\" \/>\n<meta name=\"twitter:card\" content=\"summary_large_image\" \/>\n<meta name=\"twitter:label1\" content=\"Estimated reading time\" \/>\n\t<meta name=\"twitter:data1\" content=\"2 minutes\" \/>\n<script type=\"application\/ld+json\" class=\"yoast-schema-graph\">{\"@context\":\"https:\/\/schema.org\",\"@graph\":[{\"@type\":\"WebPage\",\"@id\":\"https:\/\/appelsenperen.amsterdam\/product\/domaine-johanna-cecillon-poire-extra-brut-belenos-2018-bio-5-75cl\/\",\"url\":\"https:\/\/appelsenperen.amsterdam\/product\/domaine-johanna-cecillon-poire-extra-brut-belenos-2018-bio-5-75cl\/\",\"name\":\"Domaine Johanna C\u00e9cillon Poir\u00e9 Extra Brut Belenos 2018 BIO 5% 75cl - Amsterdamse Ciderwinkel Appels &amp; Peren\",\"isPartOf\":{\"@id\":\"https:\/\/appelsenperen.amsterdam\/#website\"},\"datePublished\":\"2022-06-24T19:00:24+00:00\",\"dateModified\":\"2025-12-31T21:05:27+00:00\",\"description\":\"Een poir\u00e9 uit het noorden van Bretagne, gemaakt door een producent die werkt volgens oude tradities met respect voor het land en de natuur.\",\"breadcrumb\":{\"@id\":\"https:\/\/appelsenperen.amsterdam\/product\/domaine-johanna-cecillon-poire-extra-brut-belenos-2018-bio-5-75cl\/#breadcrumb\"},\"inLanguage\":\"en-GB\",\"potentialAction\":[{\"@type\":\"ReadAction\",\"target\":[\"https:\/\/appelsenperen.amsterdam\/product\/domaine-johanna-cecillon-poire-extra-brut-belenos-2018-bio-5-75cl\/\"]}]},{\"@type\":\"BreadcrumbList\",\"@id\":\"https:\/\/appelsenperen.amsterdam\/product\/domaine-johanna-cecillon-poire-extra-brut-belenos-2018-bio-5-75cl\/#breadcrumb\",\"itemListElement\":[{\"@type\":\"ListItem\",\"position\":1,\"name\":\"Home\",\"item\":\"https:\/\/appelsenperen.amsterdam\/\"},{\"@type\":\"ListItem\",\"position\":2,\"name\":\"Webshop\",\"item\":\"https:\/\/appelsenperen.amsterdam\/webshop\/\"},{\"@type\":\"ListItem\",\"position\":3,\"name\":\"Domaine Johanna C\u00e9cillon Poir\u00e9 Extra Brut Belenos 2018 BIO 5% 75cl\"}]},{\"@type\":\"WebSite\",\"@id\":\"https:\/\/appelsenperen.amsterdam\/#website\",\"url\":\"https:\/\/appelsenperen.amsterdam\/\",\"name\":\"Amsterdamse Ciderwinkel Appels &amp; Peren\",\"description\":\"Everybody loves cider\",\"publisher\":{\"@id\":\"https:\/\/appelsenperen.amsterdam\/#organization\"},\"potentialAction\":[{\"@type\":\"SearchAction\",\"target\":{\"@type\":\"EntryPoint\",\"urlTemplate\":\"https:\/\/appelsenperen.amsterdam\/?s={search_term_string}\"},\"query-input\":{\"@type\":\"PropertyValueSpecification\",\"valueRequired\":true,\"valueName\":\"search_term_string\"}}],\"inLanguage\":\"en-GB\"},{\"@type\":\"Organization\",\"@id\":\"https:\/\/appelsenperen.amsterdam\/#organization\",\"name\":\"Appels en Peren, Ambachtelijke Cider en Poir\u00e9\",\"url\":\"https:\/\/appelsenperen.amsterdam\/\",\"logo\":{\"@type\":\"ImageObject\",\"inLanguage\":\"en-GB\",\"@id\":\"https:\/\/appelsenperen.amsterdam\/#\/schema\/logo\/image\/\",\"url\":\"https:\/\/appelsenperen.amsterdam\/wp-content\/uploads\/2021\/05\/logo-appels-en-peren.jpg\",\"contentUrl\":\"https:\/\/appelsenperen.amsterdam\/wp-content\/uploads\/2021\/05\/logo-appels-en-peren.jpg\",\"width\":677,\"height\":167,\"caption\":\"Appels en Peren, Ambachtelijke Cider en Poir\u00e9\"},\"image\":{\"@id\":\"https:\/\/appelsenperen.amsterdam\/#\/schema\/logo\/image\/\"}}]}<\/script>\n<!-- \/ Yoast SEO plugin. -->","yoast_head_json":{"title":"Domaine Johanna C\u00e9cillon Poir\u00e9 Extra Brut Belenos 2018 BIO 5% 75cl - Amsterdamse Ciderwinkel Appels &amp; Peren","description":"Een poir\u00e9 uit het noorden van Bretagne, gemaakt door een producent die werkt volgens oude tradities met respect voor het land en de natuur.","robots":{"index":"index","follow":"follow","max-snippet":"max-snippet:-1","max-image-preview":"max-image-preview:large","max-video-preview":"max-video-preview:-1"},"canonical":"https:\/\/appelsenperen.amsterdam\/en\/product\/domaine-johanna-cecillon-poire-extra-brut-belenos-2018-bio-5-75cl\/","og_locale":"en_GB","og_type":"article","og_title":"Domaine Johanna C\u00e9cillon Poir\u00e9 Extra Brut Belenos 2018 BIO 5% 75cl - Amsterdamse Ciderwinkel Appels &amp; Peren","og_description":"Een poir\u00e9 uit het noorden van Bretagne, gemaakt door een producent die werkt volgens oude tradities met respect voor het land en de natuur.","og_url":"https:\/\/appelsenperen.amsterdam\/en\/product\/domaine-johanna-cecillon-poire-extra-brut-belenos-2018-bio-5-75cl\/","og_site_name":"Amsterdamse Ciderwinkel Appels &amp; Peren","article_modified_time":"2025-12-31T21:05:27+00:00","og_image":[{"width":440,"height":440,"url":"https:\/\/appelsenperen.amsterdam\/wp-content\/uploads\/2022\/06\/fr-poire-800x800-1-440x440.jpg.webp","type":"image\/webp"}],"twitter_card":"summary_large_image","twitter_misc":{"Estimated reading time":"2 minutes"},"schema":{"@context":"https:\/\/schema.org","@graph":[{"@type":"WebPage","@id":"https:\/\/appelsenperen.amsterdam\/product\/domaine-johanna-cecillon-poire-extra-brut-belenos-2018-bio-5-75cl\/","url":"https:\/\/appelsenperen.amsterdam\/product\/domaine-johanna-cecillon-poire-extra-brut-belenos-2018-bio-5-75cl\/","name":"Domaine Johanna C\u00e9cillon Poir\u00e9 Extra Brut Belenos 2018 BIO 5% 75cl - Amsterdamse Ciderwinkel Appels &amp; Peren","isPartOf":{"@id":"https:\/\/appelsenperen.amsterdam\/#website"},"datePublished":"2022-06-24T19:00:24+00:00","dateModified":"2025-12-31T21:05:27+00:00","description":"Een poir\u00e9 uit het noorden van Bretagne, gemaakt door een producent die werkt volgens oude tradities met respect voor het land en de natuur.","breadcrumb":{"@id":"https:\/\/appelsenperen.amsterdam\/product\/domaine-johanna-cecillon-poire-extra-brut-belenos-2018-bio-5-75cl\/#breadcrumb"},"inLanguage":"en-GB","potentialAction":[{"@type":"ReadAction","target":["https:\/\/appelsenperen.amsterdam\/product\/domaine-johanna-cecillon-poire-extra-brut-belenos-2018-bio-5-75cl\/"]}]},{"@type":"BreadcrumbList","@id":"https:\/\/appelsenperen.amsterdam\/product\/domaine-johanna-cecillon-poire-extra-brut-belenos-2018-bio-5-75cl\/#breadcrumb","itemListElement":[{"@type":"ListItem","position":1,"name":"Home","item":"https:\/\/appelsenperen.amsterdam\/"},{"@type":"ListItem","position":2,"name":"Webshop","item":"https:\/\/appelsenperen.amsterdam\/webshop\/"},{"@type":"ListItem","position":3,"name":"Domaine Johanna C\u00e9cillon Poir\u00e9 Extra Brut Belenos 2018 BIO 5% 75cl"}]},{"@type":"WebSite","@id":"https:\/\/appelsenperen.amsterdam\/#website","url":"https:\/\/appelsenperen.amsterdam\/","name":"Amsterdam Cider Shop Apples &amp; Pears","description":"Everybody loves cider","publisher":{"@id":"https:\/\/appelsenperen.amsterdam\/#organization"},"potentialAction":[{"@type":"SearchAction","target":{"@type":"EntryPoint","urlTemplate":"https:\/\/appelsenperen.amsterdam\/?s={search_term_string}"},"query-input":{"@type":"PropertyValueSpecification","valueRequired":true,"valueName":"search_term_string"}}],"inLanguage":"en-GB"},{"@type":"Organization","@id":"https:\/\/appelsenperen.amsterdam\/#organization","name":"Apples and Pears, Artisanal Cider and Poir\u00e9","url":"https:\/\/appelsenperen.amsterdam\/","logo":{"@type":"ImageObject","inLanguage":"en-GB","@id":"https:\/\/appelsenperen.amsterdam\/#\/schema\/logo\/image\/","url":"https:\/\/appelsenperen.amsterdam\/wp-content\/uploads\/2021\/05\/logo-appels-en-peren.jpg","contentUrl":"https:\/\/appelsenperen.amsterdam\/wp-content\/uploads\/2021\/05\/logo-appels-en-peren.jpg","width":677,"height":167,"caption":"Appels en Peren, Ambachtelijke Cider en Poir\u00e9"},"image":{"@id":"https:\/\/appelsenperen.amsterdam\/#\/schema\/logo\/image\/"}}]}},"_links":{"self":[{"href":"https:\/\/appelsenperen.amsterdam\/en\/wp-json\/wp\/v2\/product\/37700","targetHints":{"allow":["GET"]}}],"collection":[{"href":"https:\/\/appelsenperen.amsterdam\/en\/wp-json\/wp\/v2\/product"}],"about":[{"href":"https:\/\/appelsenperen.amsterdam\/en\/wp-json\/wp\/v2\/types\/product"}],"wp:attachment":[{"href":"https:\/\/appelsenperen.amsterdam\/en\/wp-json\/wp\/v2\/media?parent=37700"}],"wp:term":[{"taxonomy":"product_brand","embeddable":true,"href":"https:\/\/appelsenperen.amsterdam\/en\/wp-json\/wp\/v2\/product_brand?post=37700"},{"taxonomy":"product_cat","embeddable":true,"href":"https:\/\/appelsenperen.amsterdam\/en\/wp-json\/wp\/v2\/product_cat?post=37700"},{"taxonomy":"product_tag","embeddable":true,"href":"https:\/\/appelsenperen.amsterdam\/en\/wp-json\/wp\/v2\/product_tag?post=37700"}],"curies":[{"name":"wp","href":"https:\/\/api.w.org\/{rel}","templated":true}]}}