{"id":37305,"date":"2022-03-07T11:20:45","date_gmt":"2022-03-07T10:20:45","guid":{"rendered":"https:\/\/appelsenperen.amsterdam\/product\/le-pere-jules-pommeau-de-normandie-aoc-5-ans-17-70cl\/"},"modified":"2025-10-25T11:36:41","modified_gmt":"2025-10-25T09:36:41","slug":"le-pere-jules-pommeau-de-normandie-aoc-5-ans-17-70cl","status":"publish","type":"product","link":"https:\/\/appelsenperen.amsterdam\/en\/product\/le-pere-jules-pommeau-de-normandie-aoc-5-ans-17-70cl\/","title":{"rendered":"Le P\u00e8re Jules Pommeau de Normandie AOC 5 Ans 17% 70cl"},"content":{"rendered":"<p><strong>\u00a0<\/strong>Le P\u00e8re Jules is a family business in Normandy founded in 1919 by Jules Desfri\u00e8ches. In 1923 &#039;father Jules&#039; also started making calvados. The cider apples (and pears) come from our own orchards so that the ciders bear the IGP (Indication G\u00e9ographique Prot\u00e9g\u00e9e) quality mark and the calvados the Appellation Calvados Pays d&#039;Auge Contr\u00f4l\u00e9e. Now three generations of Desfri\u00e8ches are involved in the traditional production of cider, poir\u00e9 and calvados.<\/p>","protected":false},"excerpt":{"rendered":"<p>A subtle combination of freshly squeezed apple cider and Calvados that has been matured for a year. The drink is then aged for several years in oak barrels, resulting in a smooth, harmonious taste full of aromas. Perfect as an aperitif.<\/p>","protected":false},"featured_media":0,"template":"","meta":[],"product_brand":[],"product_cat":[992],"product_tag":[],"class_list":{"0":"post-37305","1":"product","2":"type-product","3":"status-publish","5":"product_cat-geen-categorie","7":"first","8":"outofstock","9":"taxable","10":"shipping-taxable","11":"purchasable","12":"product-type-simple"},"yoast_head":"<!-- This site is optimized with the Yoast SEO plugin v27.2 - https:\/\/yoast.com\/product\/yoast-seo-wordpress\/ -->\n<title>Le P\u00e8re Jules Pommeau de Normandie AOC 5 Ans 17% 70cl - Amsterdamse Ciderwinkel Appels &amp; Peren<\/title>\n<meta name=\"description\" content=\"Le P\u00e8re Jules Pommeau de Normandie is een subtiele combinatie van vers geperste appelcider en Calvados die al een jaar heeft gerijpt.\" \/>\n<meta name=\"robots\" content=\"index, follow, max-snippet:-1, max-image-preview:large, max-video-preview:-1\" \/>\n<link rel=\"canonical\" href=\"https:\/\/appelsenperen.amsterdam\/en\/product\/le-pere-jules-pommeau-de-normandie-aoc-5-ans-17-70cl\/\" \/>\n<meta property=\"og:locale\" content=\"en_GB\" \/>\n<meta property=\"og:type\" content=\"article\" \/>\n<meta property=\"og:title\" content=\"Le P\u00e8re Jules Pommeau de Normandie AOC 5 Ans 17% 70cl - Amsterdamse Ciderwinkel Appels &amp; Peren\" \/>\n<meta property=\"og:description\" content=\"Le P\u00e8re Jules Pommeau de Normandie is een subtiele combinatie van vers geperste appelcider en Calvados die al een jaar heeft gerijpt.\" \/>\n<meta property=\"og:url\" content=\"https:\/\/appelsenperen.amsterdam\/en\/product\/le-pere-jules-pommeau-de-normandie-aoc-5-ans-17-70cl\/\" \/>\n<meta property=\"og:site_name\" content=\"Amsterdamse Ciderwinkel Appels &amp; Peren\" \/>\n<meta property=\"article:modified_time\" content=\"2025-10-25T09:36:41+00:00\" \/>\n<meta property=\"og:image\" content=\"https:\/\/appelsenperen.amsterdam\/wp-content\/uploads\/2022\/03\/5.jpg\" \/>\n\t<meta property=\"og:image:width\" content=\"500\" \/>\n\t<meta property=\"og:image:height\" content=\"500\" \/>\n\t<meta property=\"og:image:type\" content=\"image\/jpeg\" \/>\n<meta name=\"twitter:card\" content=\"summary_large_image\" \/>\n<meta name=\"twitter:label1\" content=\"Estimated reading time\" \/>\n\t<meta name=\"twitter:data1\" content=\"1 minute\" \/>\n<script type=\"application\/ld+json\" class=\"yoast-schema-graph\">{\"@context\":\"https:\/\/schema.org\",\"@graph\":[{\"@type\":\"WebPage\",\"@id\":\"https:\/\/appelsenperen.amsterdam\/product\/le-pere-jules-pommeau-de-normandie-aoc-5-ans-17-70cl\/\",\"url\":\"https:\/\/appelsenperen.amsterdam\/product\/le-pere-jules-pommeau-de-normandie-aoc-5-ans-17-70cl\/\",\"name\":\"Le P\u00e8re Jules Pommeau de Normandie AOC 5 Ans 17% 70cl - Amsterdamse Ciderwinkel Appels &amp; Peren\",\"isPartOf\":{\"@id\":\"https:\/\/appelsenperen.amsterdam\/#website\"},\"datePublished\":\"2022-03-07T10:20:45+00:00\",\"dateModified\":\"2025-10-25T09:36:41+00:00\",\"description\":\"Le P\u00e8re Jules Pommeau de Normandie is een subtiele combinatie van vers geperste appelcider en Calvados die al een jaar heeft gerijpt.\",\"breadcrumb\":{\"@id\":\"https:\/\/appelsenperen.amsterdam\/product\/le-pere-jules-pommeau-de-normandie-aoc-5-ans-17-70cl\/#breadcrumb\"},\"inLanguage\":\"en-GB\",\"potentialAction\":[{\"@type\":\"ReadAction\",\"target\":[\"https:\/\/appelsenperen.amsterdam\/product\/le-pere-jules-pommeau-de-normandie-aoc-5-ans-17-70cl\/\"]}]},{\"@type\":\"BreadcrumbList\",\"@id\":\"https:\/\/appelsenperen.amsterdam\/product\/le-pere-jules-pommeau-de-normandie-aoc-5-ans-17-70cl\/#breadcrumb\",\"itemListElement\":[{\"@type\":\"ListItem\",\"position\":1,\"name\":\"Home\",\"item\":\"https:\/\/appelsenperen.amsterdam\/\"},{\"@type\":\"ListItem\",\"position\":2,\"name\":\"Webshop\",\"item\":\"https:\/\/appelsenperen.amsterdam\/webshop\/\"},{\"@type\":\"ListItem\",\"position\":3,\"name\":\"Le P\u00e8re Jules Pommeau de Normandie AOC 5 Ans 17% 70cl\"}]},{\"@type\":\"WebSite\",\"@id\":\"https:\/\/appelsenperen.amsterdam\/#website\",\"url\":\"https:\/\/appelsenperen.amsterdam\/\",\"name\":\"Amsterdamse Ciderwinkel Appels &amp; Peren\",\"description\":\"Everybody loves cider\",\"publisher\":{\"@id\":\"https:\/\/appelsenperen.amsterdam\/#organization\"},\"potentialAction\":[{\"@type\":\"SearchAction\",\"target\":{\"@type\":\"EntryPoint\",\"urlTemplate\":\"https:\/\/appelsenperen.amsterdam\/?s={search_term_string}\"},\"query-input\":{\"@type\":\"PropertyValueSpecification\",\"valueRequired\":true,\"valueName\":\"search_term_string\"}}],\"inLanguage\":\"en-GB\"},{\"@type\":\"Organization\",\"@id\":\"https:\/\/appelsenperen.amsterdam\/#organization\",\"name\":\"Appels en Peren, Ambachtelijke Cider en Poir\u00e9\",\"url\":\"https:\/\/appelsenperen.amsterdam\/\",\"logo\":{\"@type\":\"ImageObject\",\"inLanguage\":\"en-GB\",\"@id\":\"https:\/\/appelsenperen.amsterdam\/#\/schema\/logo\/image\/\",\"url\":\"https:\/\/appelsenperen.amsterdam\/wp-content\/uploads\/2021\/05\/logo-appels-en-peren.jpg\",\"contentUrl\":\"https:\/\/appelsenperen.amsterdam\/wp-content\/uploads\/2021\/05\/logo-appels-en-peren.jpg\",\"width\":677,\"height\":167,\"caption\":\"Appels en Peren, Ambachtelijke Cider en Poir\u00e9\"},\"image\":{\"@id\":\"https:\/\/appelsenperen.amsterdam\/#\/schema\/logo\/image\/\"}}]}<\/script>\n<!-- \/ Yoast SEO plugin. -->","yoast_head_json":{"title":"Le P\u00e8re Jules Pommeau de Normandie AOC 5 Ans 17% 70cl - Amsterdamse Ciderwinkel Appels &amp; Peren","description":"Le P\u00e8re Jules Pommeau de Normandie is een subtiele combinatie van vers geperste appelcider en Calvados die al een jaar heeft gerijpt.","robots":{"index":"index","follow":"follow","max-snippet":"max-snippet:-1","max-image-preview":"max-image-preview:large","max-video-preview":"max-video-preview:-1"},"canonical":"https:\/\/appelsenperen.amsterdam\/en\/product\/le-pere-jules-pommeau-de-normandie-aoc-5-ans-17-70cl\/","og_locale":"en_GB","og_type":"article","og_title":"Le P\u00e8re Jules Pommeau de Normandie AOC 5 Ans 17% 70cl - Amsterdamse Ciderwinkel Appels &amp; Peren","og_description":"Le P\u00e8re Jules Pommeau de Normandie is een subtiele combinatie van vers geperste appelcider en Calvados die al een jaar heeft gerijpt.","og_url":"https:\/\/appelsenperen.amsterdam\/en\/product\/le-pere-jules-pommeau-de-normandie-aoc-5-ans-17-70cl\/","og_site_name":"Amsterdamse Ciderwinkel Appels &amp; Peren","article_modified_time":"2025-10-25T09:36:41+00:00","og_image":[{"width":500,"height":500,"url":"https:\/\/appelsenperen.amsterdam\/wp-content\/uploads\/2022\/03\/5.jpg","type":"image\/jpeg"}],"twitter_card":"summary_large_image","twitter_misc":{"Estimated reading time":"1 minute"},"schema":{"@context":"https:\/\/schema.org","@graph":[{"@type":"WebPage","@id":"https:\/\/appelsenperen.amsterdam\/product\/le-pere-jules-pommeau-de-normandie-aoc-5-ans-17-70cl\/","url":"https:\/\/appelsenperen.amsterdam\/product\/le-pere-jules-pommeau-de-normandie-aoc-5-ans-17-70cl\/","name":"Le P\u00e8re Jules Pommeau de Normandie AOC 5 Ans 17% 70cl - Amsterdamse Ciderwinkel Appels &amp; Peren","isPartOf":{"@id":"https:\/\/appelsenperen.amsterdam\/#website"},"datePublished":"2022-03-07T10:20:45+00:00","dateModified":"2025-10-25T09:36:41+00:00","description":"Le P\u00e8re Jules Pommeau de Normandie is een subtiele combinatie van vers geperste appelcider en Calvados die al een jaar heeft gerijpt.","breadcrumb":{"@id":"https:\/\/appelsenperen.amsterdam\/product\/le-pere-jules-pommeau-de-normandie-aoc-5-ans-17-70cl\/#breadcrumb"},"inLanguage":"en-GB","potentialAction":[{"@type":"ReadAction","target":["https:\/\/appelsenperen.amsterdam\/product\/le-pere-jules-pommeau-de-normandie-aoc-5-ans-17-70cl\/"]}]},{"@type":"BreadcrumbList","@id":"https:\/\/appelsenperen.amsterdam\/product\/le-pere-jules-pommeau-de-normandie-aoc-5-ans-17-70cl\/#breadcrumb","itemListElement":[{"@type":"ListItem","position":1,"name":"Home","item":"https:\/\/appelsenperen.amsterdam\/"},{"@type":"ListItem","position":2,"name":"Webshop","item":"https:\/\/appelsenperen.amsterdam\/webshop\/"},{"@type":"ListItem","position":3,"name":"Le P\u00e8re Jules Pommeau de Normandie AOC 5 Ans 17% 70cl"}]},{"@type":"WebSite","@id":"https:\/\/appelsenperen.amsterdam\/#website","url":"https:\/\/appelsenperen.amsterdam\/","name":"Amsterdam Cider Shop Apples &amp; Pears","description":"Everybody loves cider","publisher":{"@id":"https:\/\/appelsenperen.amsterdam\/#organization"},"potentialAction":[{"@type":"SearchAction","target":{"@type":"EntryPoint","urlTemplate":"https:\/\/appelsenperen.amsterdam\/?s={search_term_string}"},"query-input":{"@type":"PropertyValueSpecification","valueRequired":true,"valueName":"search_term_string"}}],"inLanguage":"en-GB"},{"@type":"Organization","@id":"https:\/\/appelsenperen.amsterdam\/#organization","name":"Apples and Pears, Artisanal Cider and Poir\u00e9","url":"https:\/\/appelsenperen.amsterdam\/","logo":{"@type":"ImageObject","inLanguage":"en-GB","@id":"https:\/\/appelsenperen.amsterdam\/#\/schema\/logo\/image\/","url":"https:\/\/appelsenperen.amsterdam\/wp-content\/uploads\/2021\/05\/logo-appels-en-peren.jpg","contentUrl":"https:\/\/appelsenperen.amsterdam\/wp-content\/uploads\/2021\/05\/logo-appels-en-peren.jpg","width":677,"height":167,"caption":"Appels en Peren, Ambachtelijke Cider en Poir\u00e9"},"image":{"@id":"https:\/\/appelsenperen.amsterdam\/#\/schema\/logo\/image\/"}}]}},"_links":{"self":[{"href":"https:\/\/appelsenperen.amsterdam\/en\/wp-json\/wp\/v2\/product\/37305","targetHints":{"allow":["GET"]}}],"collection":[{"href":"https:\/\/appelsenperen.amsterdam\/en\/wp-json\/wp\/v2\/product"}],"about":[{"href":"https:\/\/appelsenperen.amsterdam\/en\/wp-json\/wp\/v2\/types\/product"}],"wp:attachment":[{"href":"https:\/\/appelsenperen.amsterdam\/en\/wp-json\/wp\/v2\/media?parent=37305"}],"wp:term":[{"taxonomy":"product_brand","embeddable":true,"href":"https:\/\/appelsenperen.amsterdam\/en\/wp-json\/wp\/v2\/product_brand?post=37305"},{"taxonomy":"product_cat","embeddable":true,"href":"https:\/\/appelsenperen.amsterdam\/en\/wp-json\/wp\/v2\/product_cat?post=37305"},{"taxonomy":"product_tag","embeddable":true,"href":"https:\/\/appelsenperen.amsterdam\/en\/wp-json\/wp\/v2\/product_tag?post=37305"}],"curies":[{"name":"wp","href":"https:\/\/api.w.org\/{rel}","templated":true}]}}