{"id":35650,"date":"2021-06-07T23:30:53","date_gmt":"2021-06-07T21:30:53","guid":{"rendered":"https:\/\/2021.appelsenperen.amsterdam\/?product=melenig-ruz-cuvee-speciale-bio-75cl"},"modified":"2026-03-28T15:27:43","modified_gmt":"2026-03-28T14:27:43","slug":"melenig-ruz-cuvee-speciale-bio-75cl","status":"publish","type":"product","link":"https:\/\/appelsenperen.amsterdam\/en\/product\/melenig-ruz-cuvee-speciale-bio-75cl\/","title":{"rendered":"Melenig RUZ Cuv\u00e9e Sp\u00e9ciale organic 5% 75cl"},"content":{"rendered":"<p>The cidery of Melenig is located in the heart of the Cornouaille region. Spread over seven hectares of land and with seven traditional types of cider apples, cider is made from organic apples in a traditional way.  <\/p>\n<p>look at <a href=\"https:\/\/appelsenperen.amsterdam\/en\/webshop\/?swoof=1&#038;pa_producent=melenig\">here<\/a> all ciders from Ciderie Melenig<\/p>","protected":false},"excerpt":{"rendered":"<p>The RUZ is the most beautiful cider in Melenig and is therefore called: \u201cCuv\u00e9e Speciale\u201d! This organic cider is full of character (bitter and sweet) and is therefore very suitable to drink as an aperitif or with a dessert.<\/p>","protected":false},"featured_media":35651,"template":"","meta":[],"product_brand":[],"product_cat":[992],"product_tag":[235,427,382,437],"class_list":{"0":"post-35650","1":"product","2":"type-product","3":"status-publish","4":"has-post-thumbnail","6":"product_cat-geen-categorie","7":"product_tag-cider","8":"product_tag-cuvee","9":"product_tag-frankrijk","10":"product_tag-melenig","12":"first","13":"instock","14":"taxable","15":"shipping-taxable","16":"purchasable","17":"product-type-simple"},"yoast_head":"<!-- This site is optimized with the Yoast SEO plugin v27.2 - https:\/\/yoast.com\/product\/yoast-seo-wordpress\/ -->\n<title>Melenig RUZ Cuv\u00e9e Sp\u00e9ciale vol karakter<\/title>\n<meta name=\"description\" content=\"Deze Melenig Ruz is een speciale cuv\u00e9e, het heeft een sterk temperament. Een van de beste cuv\u00e9es, een cider vol karakter en fruitge aroma&#039;s. De zoetheid van Ruz maakt het meer geschikt om te drinken als een aperitief of bij een dessert.\" \/>\n<meta name=\"robots\" content=\"index, follow, max-snippet:-1, max-image-preview:large, max-video-preview:-1\" \/>\n<link rel=\"canonical\" href=\"https:\/\/appelsenperen.amsterdam\/en\/product\/melenig-ruz-cuvee-speciale-bio-75cl\/\" \/>\n<meta property=\"og:locale\" content=\"en_GB\" \/>\n<meta property=\"og:type\" content=\"article\" \/>\n<meta property=\"og:title\" content=\"Melenig RUZ Cuv\u00e9e Sp\u00e9ciale vol karakter\" \/>\n<meta property=\"og:description\" content=\"Deze Melenig Ruz is een speciale cuv\u00e9e, het heeft een sterk temperament. Een van de beste cuv\u00e9es, een cider vol karakter en fruitge aroma&#039;s. De zoetheid van Ruz maakt het meer geschikt om te drinken als een aperitief of bij een dessert.\" \/>\n<meta property=\"og:url\" content=\"https:\/\/appelsenperen.amsterdam\/en\/product\/melenig-ruz-cuvee-speciale-bio-75cl\/\" \/>\n<meta property=\"og:site_name\" content=\"Amsterdamse Ciderwinkel Appels &amp; Peren\" \/>\n<meta property=\"article:modified_time\" content=\"2026-03-28T14:27:43+00:00\" \/>\n<meta property=\"og:image\" content=\"https:\/\/appelsenperen.amsterdam\/wp-content\/uploads\/2021\/11\/MelenigRuzCornouaille1.jpg\" \/>\n\t<meta property=\"og:image:width\" content=\"500\" \/>\n\t<meta property=\"og:image:height\" content=\"500\" \/>\n\t<meta property=\"og:image:type\" content=\"image\/jpeg\" \/>\n<meta name=\"twitter:card\" content=\"summary_large_image\" \/>\n<meta name=\"twitter:label1\" content=\"Estimated reading time\" \/>\n\t<meta name=\"twitter:data1\" content=\"1 minute\" \/>\n<script type=\"application\/ld+json\" class=\"yoast-schema-graph\">{\"@context\":\"https:\/\/schema.org\",\"@graph\":[{\"@type\":\"WebPage\",\"@id\":\"https:\/\/appelsenperen.amsterdam\/product\/melenig-ruz-cuvee-speciale-bio-75cl\/\",\"url\":\"https:\/\/appelsenperen.amsterdam\/product\/melenig-ruz-cuvee-speciale-bio-75cl\/\",\"name\":\"Melenig RUZ Cuv\u00e9e Sp\u00e9ciale vol karakter\",\"isPartOf\":{\"@id\":\"https:\/\/appelsenperen.amsterdam\/#website\"},\"primaryImageOfPage\":{\"@id\":\"https:\/\/appelsenperen.amsterdam\/product\/melenig-ruz-cuvee-speciale-bio-75cl\/#primaryimage\"},\"image\":{\"@id\":\"https:\/\/appelsenperen.amsterdam\/product\/melenig-ruz-cuvee-speciale-bio-75cl\/#primaryimage\"},\"thumbnailUrl\":\"https:\/\/appelsenperen.amsterdam\/wp-content\/uploads\/2021\/11\/MelenigRuzCornouaille1.jpg\",\"datePublished\":\"2021-06-07T21:30:53+00:00\",\"dateModified\":\"2026-03-28T14:27:43+00:00\",\"description\":\"Deze Melenig Ruz is een speciale cuv\u00e9e, het heeft een sterk temperament. Een van de beste cuv\u00e9es, een cider vol karakter en fruitge aroma's. De zoetheid van Ruz maakt het meer geschikt om te drinken als een aperitief of bij een dessert.\",\"breadcrumb\":{\"@id\":\"https:\/\/appelsenperen.amsterdam\/product\/melenig-ruz-cuvee-speciale-bio-75cl\/#breadcrumb\"},\"inLanguage\":\"en-GB\",\"potentialAction\":[{\"@type\":\"ReadAction\",\"target\":[\"https:\/\/appelsenperen.amsterdam\/product\/melenig-ruz-cuvee-speciale-bio-75cl\/\"]}]},{\"@type\":\"ImageObject\",\"inLanguage\":\"en-GB\",\"@id\":\"https:\/\/appelsenperen.amsterdam\/product\/melenig-ruz-cuvee-speciale-bio-75cl\/#primaryimage\",\"url\":\"https:\/\/appelsenperen.amsterdam\/wp-content\/uploads\/2021\/11\/MelenigRuzCornouaille1.jpg\",\"contentUrl\":\"https:\/\/appelsenperen.amsterdam\/wp-content\/uploads\/2021\/11\/MelenigRuzCornouaille1.jpg\",\"width\":500,\"height\":500,\"caption\":\"Melenig Ruz Cornouaille\"},{\"@type\":\"BreadcrumbList\",\"@id\":\"https:\/\/appelsenperen.amsterdam\/product\/melenig-ruz-cuvee-speciale-bio-75cl\/#breadcrumb\",\"itemListElement\":[{\"@type\":\"ListItem\",\"position\":1,\"name\":\"Home\",\"item\":\"https:\/\/appelsenperen.amsterdam\/\"},{\"@type\":\"ListItem\",\"position\":2,\"name\":\"Webshop\",\"item\":\"https:\/\/appelsenperen.amsterdam\/webshop\/\"},{\"@type\":\"ListItem\",\"position\":3,\"name\":\"Melenig RUZ Cuv\u00e9e Sp\u00e9ciale bio 5% 75cl\"}]},{\"@type\":\"WebSite\",\"@id\":\"https:\/\/appelsenperen.amsterdam\/#website\",\"url\":\"https:\/\/appelsenperen.amsterdam\/\",\"name\":\"Amsterdamse Ciderwinkel Appels &amp; Peren\",\"description\":\"Everybody loves cider\",\"publisher\":{\"@id\":\"https:\/\/appelsenperen.amsterdam\/#organization\"},\"potentialAction\":[{\"@type\":\"SearchAction\",\"target\":{\"@type\":\"EntryPoint\",\"urlTemplate\":\"https:\/\/appelsenperen.amsterdam\/?s={search_term_string}\"},\"query-input\":{\"@type\":\"PropertyValueSpecification\",\"valueRequired\":true,\"valueName\":\"search_term_string\"}}],\"inLanguage\":\"en-GB\"},{\"@type\":\"Organization\",\"@id\":\"https:\/\/appelsenperen.amsterdam\/#organization\",\"name\":\"Appels en Peren, Ambachtelijke Cider en Poir\u00e9\",\"url\":\"https:\/\/appelsenperen.amsterdam\/\",\"logo\":{\"@type\":\"ImageObject\",\"inLanguage\":\"en-GB\",\"@id\":\"https:\/\/appelsenperen.amsterdam\/#\/schema\/logo\/image\/\",\"url\":\"https:\/\/appelsenperen.amsterdam\/wp-content\/uploads\/2021\/05\/logo-appels-en-peren.jpg\",\"contentUrl\":\"https:\/\/appelsenperen.amsterdam\/wp-content\/uploads\/2021\/05\/logo-appels-en-peren.jpg\",\"width\":677,\"height\":167,\"caption\":\"Appels en Peren, Ambachtelijke Cider en Poir\u00e9\"},\"image\":{\"@id\":\"https:\/\/appelsenperen.amsterdam\/#\/schema\/logo\/image\/\"}}]}<\/script>\n<!-- \/ Yoast SEO plugin. -->","yoast_head_json":{"title":"Melenig RUZ Cuv\u00e9e Sp\u00e9ciale vol karakter","description":"Deze Melenig Ruz is een speciale cuv\u00e9e, het heeft een sterk temperament. Een van de beste cuv\u00e9es, een cider vol karakter en fruitge aroma's. De zoetheid van Ruz maakt het meer geschikt om te drinken als een aperitief of bij een dessert.","robots":{"index":"index","follow":"follow","max-snippet":"max-snippet:-1","max-image-preview":"max-image-preview:large","max-video-preview":"max-video-preview:-1"},"canonical":"https:\/\/appelsenperen.amsterdam\/en\/product\/melenig-ruz-cuvee-speciale-bio-75cl\/","og_locale":"en_GB","og_type":"article","og_title":"Melenig RUZ Cuv\u00e9e Sp\u00e9ciale vol karakter","og_description":"Deze Melenig Ruz is een speciale cuv\u00e9e, het heeft een sterk temperament. Een van de beste cuv\u00e9es, een cider vol karakter en fruitge aroma's. De zoetheid van Ruz maakt het meer geschikt om te drinken als een aperitief of bij een dessert.","og_url":"https:\/\/appelsenperen.amsterdam\/en\/product\/melenig-ruz-cuvee-speciale-bio-75cl\/","og_site_name":"Amsterdamse Ciderwinkel Appels &amp; Peren","article_modified_time":"2026-03-28T14:27:43+00:00","og_image":[{"width":500,"height":500,"url":"https:\/\/appelsenperen.amsterdam\/wp-content\/uploads\/2021\/11\/MelenigRuzCornouaille1.jpg","type":"image\/jpeg"}],"twitter_card":"summary_large_image","twitter_misc":{"Estimated reading time":"1 minute"},"schema":{"@context":"https:\/\/schema.org","@graph":[{"@type":"WebPage","@id":"https:\/\/appelsenperen.amsterdam\/product\/melenig-ruz-cuvee-speciale-bio-75cl\/","url":"https:\/\/appelsenperen.amsterdam\/product\/melenig-ruz-cuvee-speciale-bio-75cl\/","name":"Melenig RUZ Cuv\u00e9e Sp\u00e9ciale vol karakter","isPartOf":{"@id":"https:\/\/appelsenperen.amsterdam\/#website"},"primaryImageOfPage":{"@id":"https:\/\/appelsenperen.amsterdam\/product\/melenig-ruz-cuvee-speciale-bio-75cl\/#primaryimage"},"image":{"@id":"https:\/\/appelsenperen.amsterdam\/product\/melenig-ruz-cuvee-speciale-bio-75cl\/#primaryimage"},"thumbnailUrl":"https:\/\/appelsenperen.amsterdam\/wp-content\/uploads\/2021\/11\/MelenigRuzCornouaille1.jpg","datePublished":"2021-06-07T21:30:53+00:00","dateModified":"2026-03-28T14:27:43+00:00","description":"Deze Melenig Ruz is een speciale cuv\u00e9e, het heeft een sterk temperament. Een van de beste cuv\u00e9es, een cider vol karakter en fruitge aroma's. De zoetheid van Ruz maakt het meer geschikt om te drinken als een aperitief of bij een dessert.","breadcrumb":{"@id":"https:\/\/appelsenperen.amsterdam\/product\/melenig-ruz-cuvee-speciale-bio-75cl\/#breadcrumb"},"inLanguage":"en-GB","potentialAction":[{"@type":"ReadAction","target":["https:\/\/appelsenperen.amsterdam\/product\/melenig-ruz-cuvee-speciale-bio-75cl\/"]}]},{"@type":"ImageObject","inLanguage":"en-GB","@id":"https:\/\/appelsenperen.amsterdam\/product\/melenig-ruz-cuvee-speciale-bio-75cl\/#primaryimage","url":"https:\/\/appelsenperen.amsterdam\/wp-content\/uploads\/2021\/11\/MelenigRuzCornouaille1.jpg","contentUrl":"https:\/\/appelsenperen.amsterdam\/wp-content\/uploads\/2021\/11\/MelenigRuzCornouaille1.jpg","width":500,"height":500,"caption":"Melenig Ruz Cornouaille"},{"@type":"BreadcrumbList","@id":"https:\/\/appelsenperen.amsterdam\/product\/melenig-ruz-cuvee-speciale-bio-75cl\/#breadcrumb","itemListElement":[{"@type":"ListItem","position":1,"name":"Home","item":"https:\/\/appelsenperen.amsterdam\/"},{"@type":"ListItem","position":2,"name":"Webshop","item":"https:\/\/appelsenperen.amsterdam\/webshop\/"},{"@type":"ListItem","position":3,"name":"Melenig RUZ Cuv\u00e9e Sp\u00e9ciale bio 5% 75cl"}]},{"@type":"WebSite","@id":"https:\/\/appelsenperen.amsterdam\/#website","url":"https:\/\/appelsenperen.amsterdam\/","name":"Amsterdam Cider Shop Apples &amp; Pears","description":"Everybody loves cider","publisher":{"@id":"https:\/\/appelsenperen.amsterdam\/#organization"},"potentialAction":[{"@type":"SearchAction","target":{"@type":"EntryPoint","urlTemplate":"https:\/\/appelsenperen.amsterdam\/?s={search_term_string}"},"query-input":{"@type":"PropertyValueSpecification","valueRequired":true,"valueName":"search_term_string"}}],"inLanguage":"en-GB"},{"@type":"Organization","@id":"https:\/\/appelsenperen.amsterdam\/#organization","name":"Apples and Pears, Artisanal Cider and Poir\u00e9","url":"https:\/\/appelsenperen.amsterdam\/","logo":{"@type":"ImageObject","inLanguage":"en-GB","@id":"https:\/\/appelsenperen.amsterdam\/#\/schema\/logo\/image\/","url":"https:\/\/appelsenperen.amsterdam\/wp-content\/uploads\/2021\/05\/logo-appels-en-peren.jpg","contentUrl":"https:\/\/appelsenperen.amsterdam\/wp-content\/uploads\/2021\/05\/logo-appels-en-peren.jpg","width":677,"height":167,"caption":"Appels en Peren, Ambachtelijke Cider en Poir\u00e9"},"image":{"@id":"https:\/\/appelsenperen.amsterdam\/#\/schema\/logo\/image\/"}}]}},"_links":{"self":[{"href":"https:\/\/appelsenperen.amsterdam\/en\/wp-json\/wp\/v2\/product\/35650","targetHints":{"allow":["GET"]}}],"collection":[{"href":"https:\/\/appelsenperen.amsterdam\/en\/wp-json\/wp\/v2\/product"}],"about":[{"href":"https:\/\/appelsenperen.amsterdam\/en\/wp-json\/wp\/v2\/types\/product"}],"wp:featuredmedia":[{"embeddable":true,"href":"https:\/\/appelsenperen.amsterdam\/en\/wp-json\/wp\/v2\/media\/35651"}],"wp:attachment":[{"href":"https:\/\/appelsenperen.amsterdam\/en\/wp-json\/wp\/v2\/media?parent=35650"}],"wp:term":[{"taxonomy":"product_brand","embeddable":true,"href":"https:\/\/appelsenperen.amsterdam\/en\/wp-json\/wp\/v2\/product_brand?post=35650"},{"taxonomy":"product_cat","embeddable":true,"href":"https:\/\/appelsenperen.amsterdam\/en\/wp-json\/wp\/v2\/product_cat?post=35650"},{"taxonomy":"product_tag","embeddable":true,"href":"https:\/\/appelsenperen.amsterdam\/en\/wp-json\/wp\/v2\/product_tag?post=35650"}],"curies":[{"name":"wp","href":"https:\/\/api.w.org\/{rel}","templated":true}]}}