{"id":35632,"date":"2021-05-25T16:30:52","date_gmt":"2021-05-25T14:30:52","guid":{"rendered":"https:\/\/2021.appelsenperen.amsterdam\/?product=ferme-de-billy-cidre-corse-75cl"},"modified":"2024-05-22T09:33:31","modified_gmt":"2024-05-22T07:33:31","slug":"ferme-de-billy-cidre-corse-75cl","status":"publish","type":"product","link":"https:\/\/appelsenperen.amsterdam\/en\/product\/ferme-de-billy-cidre-corse-75cl\/","title":{"rendered":"Ferme de Billy Cidre Corse 6.5% 75cl"},"content":{"rendered":"<p>La Ferme de Billy is located in Normandy in a small village of Rock. In the heart of the Calvados, in the plain of Caen and nestled between the Bessin and the Pays d&#039;Auge. La Ferme de Billy make high quality ciders, apple juice, pommeau and calvados and have been awarded many times over the years. <\/p>","protected":false},"excerpt":{"rendered":"<p>A cider full of character with good bitterness and a slight sweetness. This cuv\u00e9e was awarded the 2019 Gold Medal and the 2018 Bronze Medal at the Concours G\u00e9n\u00e9ral Agricole in Paris.<\/p>","protected":false},"featured_media":35633,"template":"","meta":[],"product_brand":[],"product_cat":[992],"product_tag":[273,421,422,334],"class_list":{"0":"post-35632","1":"product","2":"type-product","3":"status-publish","4":"has-post-thumbnail","6":"product_cat-geen-categorie","7":"product_tag-cidre","8":"product_tag-corse","9":"product_tag-ferme-de-billy","10":"product_tag-normandie","12":"first","13":"outofstock","14":"taxable","15":"shipping-taxable","16":"purchasable","17":"product-type-simple"},"yoast_head":"<!-- This site is optimized with the Yoast SEO plugin v27.2 - https:\/\/yoast.com\/product\/yoast-seo-wordpress\/ -->\n<title>Ferme de Billy Cidre Cors\u00e9 cider vol van karakter - Appels en Peren<\/title>\n<meta name=\"description\" content=\"Ferme de Billy Cidre Cors\u00e9 is een cider vol karakter met een goede bitterheid en een lichte zoetheid. Deze cuv\u00e9e heeft de Gouden medaille 2019 en bronzen medaille 2018 op het Concours G\u00e9n\u00e9ral Agricole van Paris gekregen.\" \/>\n<meta name=\"robots\" content=\"index, follow, max-snippet:-1, max-image-preview:large, max-video-preview:-1\" \/>\n<link rel=\"canonical\" href=\"https:\/\/appelsenperen.amsterdam\/en\/product\/ferme-de-billy-cidre-corse-75cl\/\" \/>\n<meta property=\"og:locale\" content=\"en_GB\" \/>\n<meta property=\"og:type\" content=\"article\" \/>\n<meta property=\"og:title\" content=\"Ferme de Billy Cidre Cors\u00e9 cider vol van karakter - Appels en Peren\" \/>\n<meta property=\"og:description\" content=\"Ferme de Billy Cidre Cors\u00e9 is een cider vol karakter met een goede bitterheid en een lichte zoetheid. Deze cuv\u00e9e heeft de Gouden medaille 2019 en bronzen medaille 2018 op het Concours G\u00e9n\u00e9ral Agricole van Paris gekregen.\" \/>\n<meta property=\"og:url\" content=\"https:\/\/appelsenperen.amsterdam\/en\/product\/ferme-de-billy-cidre-corse-75cl\/\" \/>\n<meta property=\"og:site_name\" content=\"Amsterdamse Ciderwinkel Appels &amp; Peren\" \/>\n<meta property=\"article:modified_time\" content=\"2024-05-22T07:33:31+00:00\" \/>\n<meta property=\"og:image\" content=\"https:\/\/appelsenperen.amsterdam\/wp-content\/uploads\/2021\/11\/FermedeBillyCidreCors.jpg\" \/>\n\t<meta property=\"og:image:width\" content=\"500\" \/>\n\t<meta property=\"og:image:height\" content=\"500\" \/>\n\t<meta property=\"og:image:type\" content=\"image\/jpeg\" \/>\n<meta name=\"twitter:card\" content=\"summary_large_image\" \/>\n<script type=\"application\/ld+json\" class=\"yoast-schema-graph\">{\"@context\":\"https:\/\/schema.org\",\"@graph\":[{\"@type\":\"WebPage\",\"@id\":\"https:\/\/appelsenperen.amsterdam\/product\/ferme-de-billy-cidre-corse-75cl\/\",\"url\":\"https:\/\/appelsenperen.amsterdam\/product\/ferme-de-billy-cidre-corse-75cl\/\",\"name\":\"Ferme de Billy Cidre Cors\u00e9 cider vol van karakter - Appels en Peren\",\"isPartOf\":{\"@id\":\"https:\/\/appelsenperen.amsterdam\/#website\"},\"primaryImageOfPage\":{\"@id\":\"https:\/\/appelsenperen.amsterdam\/product\/ferme-de-billy-cidre-corse-75cl\/#primaryimage\"},\"image\":{\"@id\":\"https:\/\/appelsenperen.amsterdam\/product\/ferme-de-billy-cidre-corse-75cl\/#primaryimage\"},\"thumbnailUrl\":\"https:\/\/appelsenperen.amsterdam\/wp-content\/uploads\/2021\/11\/FermedeBillyCidreCors.jpg\",\"datePublished\":\"2021-05-25T14:30:52+00:00\",\"dateModified\":\"2024-05-22T07:33:31+00:00\",\"description\":\"Ferme de Billy Cidre Cors\u00e9 is een cider vol karakter met een goede bitterheid en een lichte zoetheid. Deze cuv\u00e9e heeft de Gouden medaille 2019 en bronzen medaille 2018 op het Concours G\u00e9n\u00e9ral Agricole van Paris gekregen.\",\"breadcrumb\":{\"@id\":\"https:\/\/appelsenperen.amsterdam\/product\/ferme-de-billy-cidre-corse-75cl\/#breadcrumb\"},\"inLanguage\":\"en-GB\",\"potentialAction\":[{\"@type\":\"ReadAction\",\"target\":[\"https:\/\/appelsenperen.amsterdam\/product\/ferme-de-billy-cidre-corse-75cl\/\"]}]},{\"@type\":\"ImageObject\",\"inLanguage\":\"en-GB\",\"@id\":\"https:\/\/appelsenperen.amsterdam\/product\/ferme-de-billy-cidre-corse-75cl\/#primaryimage\",\"url\":\"https:\/\/appelsenperen.amsterdam\/wp-content\/uploads\/2021\/11\/FermedeBillyCidreCors.jpg\",\"contentUrl\":\"https:\/\/appelsenperen.amsterdam\/wp-content\/uploads\/2021\/11\/FermedeBillyCidreCors.jpg\",\"width\":500,\"height\":500,\"caption\":\"Ferme de Billy Cidre Cors\u00e9\"},{\"@type\":\"BreadcrumbList\",\"@id\":\"https:\/\/appelsenperen.amsterdam\/product\/ferme-de-billy-cidre-corse-75cl\/#breadcrumb\",\"itemListElement\":[{\"@type\":\"ListItem\",\"position\":1,\"name\":\"Home\",\"item\":\"https:\/\/appelsenperen.amsterdam\/\"},{\"@type\":\"ListItem\",\"position\":2,\"name\":\"Webshop\",\"item\":\"https:\/\/appelsenperen.amsterdam\/webshop\/\"},{\"@type\":\"ListItem\",\"position\":3,\"name\":\"Ferme de Billy Cidre Cors\u00e9 6.5% 75cl\"}]},{\"@type\":\"WebSite\",\"@id\":\"https:\/\/appelsenperen.amsterdam\/#website\",\"url\":\"https:\/\/appelsenperen.amsterdam\/\",\"name\":\"Amsterdamse Ciderwinkel Appels &amp; Peren\",\"description\":\"Everybody loves cider\",\"publisher\":{\"@id\":\"https:\/\/appelsenperen.amsterdam\/#organization\"},\"potentialAction\":[{\"@type\":\"SearchAction\",\"target\":{\"@type\":\"EntryPoint\",\"urlTemplate\":\"https:\/\/appelsenperen.amsterdam\/?s={search_term_string}\"},\"query-input\":{\"@type\":\"PropertyValueSpecification\",\"valueRequired\":true,\"valueName\":\"search_term_string\"}}],\"inLanguage\":\"en-GB\"},{\"@type\":\"Organization\",\"@id\":\"https:\/\/appelsenperen.amsterdam\/#organization\",\"name\":\"Appels en Peren, Ambachtelijke Cider en Poir\u00e9\",\"url\":\"https:\/\/appelsenperen.amsterdam\/\",\"logo\":{\"@type\":\"ImageObject\",\"inLanguage\":\"en-GB\",\"@id\":\"https:\/\/appelsenperen.amsterdam\/#\/schema\/logo\/image\/\",\"url\":\"https:\/\/appelsenperen.amsterdam\/wp-content\/uploads\/2021\/05\/logo-appels-en-peren.jpg\",\"contentUrl\":\"https:\/\/appelsenperen.amsterdam\/wp-content\/uploads\/2021\/05\/logo-appels-en-peren.jpg\",\"width\":677,\"height\":167,\"caption\":\"Appels en Peren, Ambachtelijke Cider en Poir\u00e9\"},\"image\":{\"@id\":\"https:\/\/appelsenperen.amsterdam\/#\/schema\/logo\/image\/\"}}]}<\/script>\n<!-- \/ Yoast SEO plugin. -->","yoast_head_json":{"title":"Ferme de Billy Cidre Cors\u00e9 cider full of character - Apples and Pears","description":"Ferme de Billy Cidre Cors\u00e9 is a cider full of character with a good bitterness and a light sweetness. This cuv\u00e9e received the 2019 Gold Medal and the 2018 Bronze Medal at the Concours G\u00e9n\u00e9ral Agricole in Paris.","robots":{"index":"index","follow":"follow","max-snippet":"max-snippet:-1","max-image-preview":"max-image-preview:large","max-video-preview":"max-video-preview:-1"},"canonical":"https:\/\/appelsenperen.amsterdam\/en\/product\/ferme-de-billy-cidre-corse-75cl\/","og_locale":"en_GB","og_type":"article","og_title":"Ferme de Billy Cidre Cors\u00e9 cider vol van karakter - Appels en Peren","og_description":"Ferme de Billy Cidre Cors\u00e9 is een cider vol karakter met een goede bitterheid en een lichte zoetheid. Deze cuv\u00e9e heeft de Gouden medaille 2019 en bronzen medaille 2018 op het Concours G\u00e9n\u00e9ral Agricole van Paris gekregen.","og_url":"https:\/\/appelsenperen.amsterdam\/en\/product\/ferme-de-billy-cidre-corse-75cl\/","og_site_name":"Amsterdamse Ciderwinkel Appels &amp; Peren","article_modified_time":"2024-05-22T07:33:31+00:00","og_image":[{"width":500,"height":500,"url":"https:\/\/appelsenperen.amsterdam\/wp-content\/uploads\/2021\/11\/FermedeBillyCidreCors.jpg","type":"image\/jpeg"}],"twitter_card":"summary_large_image","schema":{"@context":"https:\/\/schema.org","@graph":[{"@type":"WebPage","@id":"https:\/\/appelsenperen.amsterdam\/product\/ferme-de-billy-cidre-corse-75cl\/","url":"https:\/\/appelsenperen.amsterdam\/product\/ferme-de-billy-cidre-corse-75cl\/","name":"Ferme de Billy Cidre Cors\u00e9 cider full of character - Apples and Pears","isPartOf":{"@id":"https:\/\/appelsenperen.amsterdam\/#website"},"primaryImageOfPage":{"@id":"https:\/\/appelsenperen.amsterdam\/product\/ferme-de-billy-cidre-corse-75cl\/#primaryimage"},"image":{"@id":"https:\/\/appelsenperen.amsterdam\/product\/ferme-de-billy-cidre-corse-75cl\/#primaryimage"},"thumbnailUrl":"https:\/\/appelsenperen.amsterdam\/wp-content\/uploads\/2021\/11\/FermedeBillyCidreCors.jpg","datePublished":"2021-05-25T14:30:52+00:00","dateModified":"2024-05-22T07:33:31+00:00","description":"Ferme de Billy Cidre Cors\u00e9 is a cider full of character with a good bitterness and a light sweetness. This cuv\u00e9e received the 2019 Gold Medal and the 2018 Bronze Medal at the Concours G\u00e9n\u00e9ral Agricole in Paris.","breadcrumb":{"@id":"https:\/\/appelsenperen.amsterdam\/product\/ferme-de-billy-cidre-corse-75cl\/#breadcrumb"},"inLanguage":"en-GB","potentialAction":[{"@type":"ReadAction","target":["https:\/\/appelsenperen.amsterdam\/product\/ferme-de-billy-cidre-corse-75cl\/"]}]},{"@type":"ImageObject","inLanguage":"en-GB","@id":"https:\/\/appelsenperen.amsterdam\/product\/ferme-de-billy-cidre-corse-75cl\/#primaryimage","url":"https:\/\/appelsenperen.amsterdam\/wp-content\/uploads\/2021\/11\/FermedeBillyCidreCors.jpg","contentUrl":"https:\/\/appelsenperen.amsterdam\/wp-content\/uploads\/2021\/11\/FermedeBillyCidreCors.jpg","width":500,"height":500,"caption":"Ferme de Billy Cidre Cors\u00e9"},{"@type":"BreadcrumbList","@id":"https:\/\/appelsenperen.amsterdam\/product\/ferme-de-billy-cidre-corse-75cl\/#breadcrumb","itemListElement":[{"@type":"ListItem","position":1,"name":"Home","item":"https:\/\/appelsenperen.amsterdam\/"},{"@type":"ListItem","position":2,"name":"Webshop","item":"https:\/\/appelsenperen.amsterdam\/webshop\/"},{"@type":"ListItem","position":3,"name":"Ferme de Billy Cidre Cors\u00e9 6.5% 75cl"}]},{"@type":"WebSite","@id":"https:\/\/appelsenperen.amsterdam\/#website","url":"https:\/\/appelsenperen.amsterdam\/","name":"Amsterdam Cider Shop Apples &amp; Pears","description":"Everybody loves cider","publisher":{"@id":"https:\/\/appelsenperen.amsterdam\/#organization"},"potentialAction":[{"@type":"SearchAction","target":{"@type":"EntryPoint","urlTemplate":"https:\/\/appelsenperen.amsterdam\/?s={search_term_string}"},"query-input":{"@type":"PropertyValueSpecification","valueRequired":true,"valueName":"search_term_string"}}],"inLanguage":"en-GB"},{"@type":"Organization","@id":"https:\/\/appelsenperen.amsterdam\/#organization","name":"Apples and Pears, Artisanal Cider and Poir\u00e9","url":"https:\/\/appelsenperen.amsterdam\/","logo":{"@type":"ImageObject","inLanguage":"en-GB","@id":"https:\/\/appelsenperen.amsterdam\/#\/schema\/logo\/image\/","url":"https:\/\/appelsenperen.amsterdam\/wp-content\/uploads\/2021\/05\/logo-appels-en-peren.jpg","contentUrl":"https:\/\/appelsenperen.amsterdam\/wp-content\/uploads\/2021\/05\/logo-appels-en-peren.jpg","width":677,"height":167,"caption":"Appels en Peren, Ambachtelijke Cider en Poir\u00e9"},"image":{"@id":"https:\/\/appelsenperen.amsterdam\/#\/schema\/logo\/image\/"}}]}},"_links":{"self":[{"href":"https:\/\/appelsenperen.amsterdam\/en\/wp-json\/wp\/v2\/product\/35632","targetHints":{"allow":["GET"]}}],"collection":[{"href":"https:\/\/appelsenperen.amsterdam\/en\/wp-json\/wp\/v2\/product"}],"about":[{"href":"https:\/\/appelsenperen.amsterdam\/en\/wp-json\/wp\/v2\/types\/product"}],"wp:featuredmedia":[{"embeddable":true,"href":"https:\/\/appelsenperen.amsterdam\/en\/wp-json\/wp\/v2\/media\/35633"}],"wp:attachment":[{"href":"https:\/\/appelsenperen.amsterdam\/en\/wp-json\/wp\/v2\/media?parent=35632"}],"wp:term":[{"taxonomy":"product_brand","embeddable":true,"href":"https:\/\/appelsenperen.amsterdam\/en\/wp-json\/wp\/v2\/product_brand?post=35632"},{"taxonomy":"product_cat","embeddable":true,"href":"https:\/\/appelsenperen.amsterdam\/en\/wp-json\/wp\/v2\/product_cat?post=35632"},{"taxonomy":"product_tag","embeddable":true,"href":"https:\/\/appelsenperen.amsterdam\/en\/wp-json\/wp\/v2\/product_tag?post=35632"}],"curies":[{"name":"wp","href":"https:\/\/api.w.org\/{rel}","templated":true}]}}