{"id":35618,"date":"2021-05-18T15:03:18","date_gmt":"2021-05-18T13:03:18","guid":{"rendered":"https:\/\/2021.appelsenperen.amsterdam\/?product=la-cave-normande-poire-domfront-aop-cuvee-reserve-75cl"},"modified":"2026-04-04T23:32:27","modified_gmt":"2026-04-04T21:32:27","slug":"la-cave-normande-poire-domfront-aop-cuvee-reserve-75cl","status":"publish","type":"product","link":"https:\/\/appelsenperen.amsterdam\/en\/product\/la-cave-normande-poire-domfront-aop-cuvee-reserve-75cl\/","title":{"rendered":"La Cave Normande Poire 75cl Domfront AOP R\u00e9serve Methode Traditionelle 4% 75cl"},"content":{"rendered":"<p>La Cave Normande has been around since 1950 and is a real family business of the Guesdon family. They belong to the Domfrontais appellation, which is a guarantee of high quality!<br \/>\nCalvados, perry, cider, apple juice, pear juice and a pear aperitif are produced on their farm. There around their farm it is surrounded by the 100 year old apple and pear trees, which were planted by their grandparents. Including the typical Domfrontais varieties such as Plant de Blanc, Fausset, Blot, Champagne and Gros Gontier. In an environment that is perfect for growing apples and pears, production and harvesting is carried out under the best conditions. The fruit is harvested by hand or by machine and then sent to the processing facility. Here it is washed, sorted and mashed.<\/p>\n<p>look at <a href=\"\/en\/producent\/la-cave-normande\/\">here<\/a> all products from La Cave Normande<\/p>","protected":false},"excerpt":{"rendered":"<p>La Cave Normande Poire Domfront AOP Cuv\u00e9e R\u00e9serve is produced on the family farm. Made from a harmonious blend and aged for a minimum of 12 months in the best barrels. This pear wine is light and fruity. Delicious as an aperitif and goes perfectly with shellfish and fish.<\/p>","protected":false},"featured_media":35619,"template":"","meta":[],"product_brand":[],"product_cat":[992],"product_tag":[237,272,288,270,291],"class_list":{"0":"post-35618","1":"product","2":"type-product","3":"status-publish","4":"has-post-thumbnail","6":"product_cat-geen-categorie","7":"product_tag-aperitief","8":"product_tag-biologisch","9":"product_tag-normande","10":"product_tag-poire","11":"product_tag-reserve","13":"first","14":"outofstock","15":"taxable","16":"shipping-taxable","17":"purchasable","18":"product-type-simple"},"yoast_head":"<!-- This site is optimized with the Yoast SEO plugin v27.2 - https:\/\/yoast.com\/product\/yoast-seo-wordpress\/ -->\n<title>La Cave Normande Poire Domfront AOP Cuv\u00e9e R\u00e9serve 75cl<\/title>\n<meta name=\"description\" content=\"La Cave Normande Poire Domfront AOP Cuv\u00e9e R\u00e9serve is geproduceerd op de familieboerderij. Gemaakt uit een harmonieuze melange en wordt minimaal 12 maanden gerijpt in de beste vaten. Deze perenwijn is licht en fruitig. Heerlijk als aperitief en gaat perfect samen met schaaldieren en vis.\" \/>\n<meta name=\"robots\" content=\"index, follow, max-snippet:-1, max-image-preview:large, max-video-preview:-1\" \/>\n<link rel=\"canonical\" href=\"https:\/\/appelsenperen.amsterdam\/en\/product\/la-cave-normande-poire-domfront-aop-cuvee-reserve-75cl\/\" \/>\n<meta property=\"og:locale\" content=\"en_GB\" \/>\n<meta property=\"og:type\" content=\"article\" \/>\n<meta property=\"og:title\" content=\"La Cave Normande Poire Domfront AOP Cuv\u00e9e R\u00e9serve 75cl\" \/>\n<meta property=\"og:description\" content=\"La Cave Normande Poire Domfront AOP Cuv\u00e9e R\u00e9serve is geproduceerd op de familieboerderij. Gemaakt uit een harmonieuze melange en wordt minimaal 12 maanden gerijpt in de beste vaten. Deze perenwijn is licht en fruitig. Heerlijk als aperitief en gaat perfect samen met schaaldieren en vis.\" \/>\n<meta property=\"og:url\" content=\"https:\/\/appelsenperen.amsterdam\/en\/product\/la-cave-normande-poire-domfront-aop-cuvee-reserve-75cl\/\" \/>\n<meta property=\"og:site_name\" content=\"Amsterdamse Ciderwinkel Appels &amp; Peren\" \/>\n<meta property=\"article:modified_time\" content=\"2026-04-04T21:32:27+00:00\" \/>\n<meta property=\"og:image\" content=\"https:\/\/appelsenperen.amsterdam\/wp-content\/uploads\/2021\/11\/LaCaveNormandePoirereservemethodtraditionelle.png\" \/>\n\t<meta property=\"og:image:width\" content=\"500\" \/>\n\t<meta property=\"og:image:height\" content=\"500\" \/>\n\t<meta property=\"og:image:type\" content=\"image\/png\" \/>\n<meta name=\"twitter:card\" content=\"summary_large_image\" \/>\n<meta name=\"twitter:label1\" content=\"Estimated reading time\" \/>\n\t<meta name=\"twitter:data1\" content=\"1 minute\" \/>\n<script type=\"application\/ld+json\" class=\"yoast-schema-graph\">{\"@context\":\"https:\/\/schema.org\",\"@graph\":[{\"@type\":\"WebPage\",\"@id\":\"https:\/\/appelsenperen.amsterdam\/product\/la-cave-normande-poire-domfront-aop-cuvee-reserve-75cl\/\",\"url\":\"https:\/\/appelsenperen.amsterdam\/product\/la-cave-normande-poire-domfront-aop-cuvee-reserve-75cl\/\",\"name\":\"La Cave Normande Poire Domfront AOP Cuv\u00e9e R\u00e9serve 75cl\",\"isPartOf\":{\"@id\":\"https:\/\/appelsenperen.amsterdam\/#website\"},\"primaryImageOfPage\":{\"@id\":\"https:\/\/appelsenperen.amsterdam\/product\/la-cave-normande-poire-domfront-aop-cuvee-reserve-75cl\/#primaryimage\"},\"image\":{\"@id\":\"https:\/\/appelsenperen.amsterdam\/product\/la-cave-normande-poire-domfront-aop-cuvee-reserve-75cl\/#primaryimage\"},\"thumbnailUrl\":\"https:\/\/appelsenperen.amsterdam\/wp-content\/uploads\/2021\/11\/LaCaveNormandePoirereservemethodtraditionelle.png\",\"datePublished\":\"2021-05-18T13:03:18+00:00\",\"dateModified\":\"2026-04-04T21:32:27+00:00\",\"description\":\"La Cave Normande Poire Domfront AOP Cuv\u00e9e R\u00e9serve is geproduceerd op de familieboerderij. Gemaakt uit een harmonieuze melange en wordt minimaal 12 maanden gerijpt in de beste vaten. Deze perenwijn is licht en fruitig. Heerlijk als aperitief en gaat perfect samen met schaaldieren en vis.\",\"breadcrumb\":{\"@id\":\"https:\/\/appelsenperen.amsterdam\/product\/la-cave-normande-poire-domfront-aop-cuvee-reserve-75cl\/#breadcrumb\"},\"inLanguage\":\"en-GB\",\"potentialAction\":[{\"@type\":\"ReadAction\",\"target\":[\"https:\/\/appelsenperen.amsterdam\/product\/la-cave-normande-poire-domfront-aop-cuvee-reserve-75cl\/\"]}]},{\"@type\":\"ImageObject\",\"inLanguage\":\"en-GB\",\"@id\":\"https:\/\/appelsenperen.amsterdam\/product\/la-cave-normande-poire-domfront-aop-cuvee-reserve-75cl\/#primaryimage\",\"url\":\"https:\/\/appelsenperen.amsterdam\/wp-content\/uploads\/2021\/11\/LaCaveNormandePoirereservemethodtraditionelle.png\",\"contentUrl\":\"https:\/\/appelsenperen.amsterdam\/wp-content\/uploads\/2021\/11\/LaCaveNormandePoirereservemethodtraditionelle.png\",\"width\":500,\"height\":500,\"caption\":\"La-Cave-Normande-Poire-reserve-method-traditionelle\"},{\"@type\":\"BreadcrumbList\",\"@id\":\"https:\/\/appelsenperen.amsterdam\/product\/la-cave-normande-poire-domfront-aop-cuvee-reserve-75cl\/#breadcrumb\",\"itemListElement\":[{\"@type\":\"ListItem\",\"position\":1,\"name\":\"Home\",\"item\":\"https:\/\/appelsenperen.amsterdam\/\"},{\"@type\":\"ListItem\",\"position\":2,\"name\":\"Webshop\",\"item\":\"https:\/\/appelsenperen.amsterdam\/webshop\/\"},{\"@type\":\"ListItem\",\"position\":3,\"name\":\"La Cave Normande Poire 75cl Domfront AOP R\u00e9serve Methode Traditionelle 4% 75cl\"}]},{\"@type\":\"WebSite\",\"@id\":\"https:\/\/appelsenperen.amsterdam\/#website\",\"url\":\"https:\/\/appelsenperen.amsterdam\/\",\"name\":\"Amsterdamse Ciderwinkel Appels &amp; Peren\",\"description\":\"Everybody loves cider\",\"publisher\":{\"@id\":\"https:\/\/appelsenperen.amsterdam\/#organization\"},\"potentialAction\":[{\"@type\":\"SearchAction\",\"target\":{\"@type\":\"EntryPoint\",\"urlTemplate\":\"https:\/\/appelsenperen.amsterdam\/?s={search_term_string}\"},\"query-input\":{\"@type\":\"PropertyValueSpecification\",\"valueRequired\":true,\"valueName\":\"search_term_string\"}}],\"inLanguage\":\"en-GB\"},{\"@type\":\"Organization\",\"@id\":\"https:\/\/appelsenperen.amsterdam\/#organization\",\"name\":\"Appels en Peren, Ambachtelijke Cider en Poir\u00e9\",\"url\":\"https:\/\/appelsenperen.amsterdam\/\",\"logo\":{\"@type\":\"ImageObject\",\"inLanguage\":\"en-GB\",\"@id\":\"https:\/\/appelsenperen.amsterdam\/#\/schema\/logo\/image\/\",\"url\":\"https:\/\/appelsenperen.amsterdam\/wp-content\/uploads\/2021\/05\/logo-appels-en-peren.jpg\",\"contentUrl\":\"https:\/\/appelsenperen.amsterdam\/wp-content\/uploads\/2021\/05\/logo-appels-en-peren.jpg\",\"width\":677,\"height\":167,\"caption\":\"Appels en Peren, Ambachtelijke Cider en Poir\u00e9\"},\"image\":{\"@id\":\"https:\/\/appelsenperen.amsterdam\/#\/schema\/logo\/image\/\"}}]}<\/script>\n<!-- \/ Yoast SEO plugin. -->","yoast_head_json":{"title":"La Cave Normande Poire Domfront AOP Cuv\u00e9e R\u00e9serve 75cl","description":"La Cave Normande Poire Domfront AOP Cuv\u00e9e R\u00e9serve is produced on the family farm. Made from a harmonious blend and aged for a minimum of 12 months in the best barrels. This pear wine is light and fruity. Delicious as an aperitif and goes perfectly with shellfish and fish.","robots":{"index":"index","follow":"follow","max-snippet":"max-snippet:-1","max-image-preview":"max-image-preview:large","max-video-preview":"max-video-preview:-1"},"canonical":"https:\/\/appelsenperen.amsterdam\/en\/product\/la-cave-normande-poire-domfront-aop-cuvee-reserve-75cl\/","og_locale":"en_GB","og_type":"article","og_title":"La Cave Normande Poire Domfront AOP Cuv\u00e9e R\u00e9serve 75cl","og_description":"La Cave Normande Poire Domfront AOP Cuv\u00e9e R\u00e9serve is geproduceerd op de familieboerderij. Gemaakt uit een harmonieuze melange en wordt minimaal 12 maanden gerijpt in de beste vaten. Deze perenwijn is licht en fruitig. Heerlijk als aperitief en gaat perfect samen met schaaldieren en vis.","og_url":"https:\/\/appelsenperen.amsterdam\/en\/product\/la-cave-normande-poire-domfront-aop-cuvee-reserve-75cl\/","og_site_name":"Amsterdamse Ciderwinkel Appels &amp; Peren","article_modified_time":"2026-04-04T21:32:27+00:00","og_image":[{"width":500,"height":500,"url":"https:\/\/appelsenperen.amsterdam\/wp-content\/uploads\/2021\/11\/LaCaveNormandePoirereservemethodtraditionelle.png","type":"image\/png"}],"twitter_card":"summary_large_image","twitter_misc":{"Estimated reading time":"1 minute"},"schema":{"@context":"https:\/\/schema.org","@graph":[{"@type":"WebPage","@id":"https:\/\/appelsenperen.amsterdam\/product\/la-cave-normande-poire-domfront-aop-cuvee-reserve-75cl\/","url":"https:\/\/appelsenperen.amsterdam\/product\/la-cave-normande-poire-domfront-aop-cuvee-reserve-75cl\/","name":"La Cave Normande Poire Domfront AOP Cuv\u00e9e R\u00e9serve 75cl","isPartOf":{"@id":"https:\/\/appelsenperen.amsterdam\/#website"},"primaryImageOfPage":{"@id":"https:\/\/appelsenperen.amsterdam\/product\/la-cave-normande-poire-domfront-aop-cuvee-reserve-75cl\/#primaryimage"},"image":{"@id":"https:\/\/appelsenperen.amsterdam\/product\/la-cave-normande-poire-domfront-aop-cuvee-reserve-75cl\/#primaryimage"},"thumbnailUrl":"https:\/\/appelsenperen.amsterdam\/wp-content\/uploads\/2021\/11\/LaCaveNormandePoirereservemethodtraditionelle.png","datePublished":"2021-05-18T13:03:18+00:00","dateModified":"2026-04-04T21:32:27+00:00","description":"La Cave Normande Poire Domfront AOP Cuv\u00e9e R\u00e9serve is produced on the family farm. Made from a harmonious blend and aged for a minimum of 12 months in the best barrels. This pear wine is light and fruity. Delicious as an aperitif and goes perfectly with shellfish and fish.","breadcrumb":{"@id":"https:\/\/appelsenperen.amsterdam\/product\/la-cave-normande-poire-domfront-aop-cuvee-reserve-75cl\/#breadcrumb"},"inLanguage":"en-GB","potentialAction":[{"@type":"ReadAction","target":["https:\/\/appelsenperen.amsterdam\/product\/la-cave-normande-poire-domfront-aop-cuvee-reserve-75cl\/"]}]},{"@type":"ImageObject","inLanguage":"en-GB","@id":"https:\/\/appelsenperen.amsterdam\/product\/la-cave-normande-poire-domfront-aop-cuvee-reserve-75cl\/#primaryimage","url":"https:\/\/appelsenperen.amsterdam\/wp-content\/uploads\/2021\/11\/LaCaveNormandePoirereservemethodtraditionelle.png","contentUrl":"https:\/\/appelsenperen.amsterdam\/wp-content\/uploads\/2021\/11\/LaCaveNormandePoirereservemethodtraditionelle.png","width":500,"height":500,"caption":"La-Cave-Normande-Poire-reserve-method-traditionelle"},{"@type":"BreadcrumbList","@id":"https:\/\/appelsenperen.amsterdam\/product\/la-cave-normande-poire-domfront-aop-cuvee-reserve-75cl\/#breadcrumb","itemListElement":[{"@type":"ListItem","position":1,"name":"Home","item":"https:\/\/appelsenperen.amsterdam\/"},{"@type":"ListItem","position":2,"name":"Webshop","item":"https:\/\/appelsenperen.amsterdam\/webshop\/"},{"@type":"ListItem","position":3,"name":"La Cave Normande Poire 75cl Domfront AOP R\u00e9serve Methode Traditionelle 4% 75cl"}]},{"@type":"WebSite","@id":"https:\/\/appelsenperen.amsterdam\/#website","url":"https:\/\/appelsenperen.amsterdam\/","name":"Amsterdam Cider Shop Apples &amp; Pears","description":"Everybody loves cider","publisher":{"@id":"https:\/\/appelsenperen.amsterdam\/#organization"},"potentialAction":[{"@type":"SearchAction","target":{"@type":"EntryPoint","urlTemplate":"https:\/\/appelsenperen.amsterdam\/?s={search_term_string}"},"query-input":{"@type":"PropertyValueSpecification","valueRequired":true,"valueName":"search_term_string"}}],"inLanguage":"en-GB"},{"@type":"Organization","@id":"https:\/\/appelsenperen.amsterdam\/#organization","name":"Apples and Pears, Artisanal Cider and Poir\u00e9","url":"https:\/\/appelsenperen.amsterdam\/","logo":{"@type":"ImageObject","inLanguage":"en-GB","@id":"https:\/\/appelsenperen.amsterdam\/#\/schema\/logo\/image\/","url":"https:\/\/appelsenperen.amsterdam\/wp-content\/uploads\/2021\/05\/logo-appels-en-peren.jpg","contentUrl":"https:\/\/appelsenperen.amsterdam\/wp-content\/uploads\/2021\/05\/logo-appels-en-peren.jpg","width":677,"height":167,"caption":"Appels en Peren, Ambachtelijke Cider en Poir\u00e9"},"image":{"@id":"https:\/\/appelsenperen.amsterdam\/#\/schema\/logo\/image\/"}}]}},"_links":{"self":[{"href":"https:\/\/appelsenperen.amsterdam\/en\/wp-json\/wp\/v2\/product\/35618","targetHints":{"allow":["GET"]}}],"collection":[{"href":"https:\/\/appelsenperen.amsterdam\/en\/wp-json\/wp\/v2\/product"}],"about":[{"href":"https:\/\/appelsenperen.amsterdam\/en\/wp-json\/wp\/v2\/types\/product"}],"wp:featuredmedia":[{"embeddable":true,"href":"https:\/\/appelsenperen.amsterdam\/en\/wp-json\/wp\/v2\/media\/35619"}],"wp:attachment":[{"href":"https:\/\/appelsenperen.amsterdam\/en\/wp-json\/wp\/v2\/media?parent=35618"}],"wp:term":[{"taxonomy":"product_brand","embeddable":true,"href":"https:\/\/appelsenperen.amsterdam\/en\/wp-json\/wp\/v2\/product_brand?post=35618"},{"taxonomy":"product_cat","embeddable":true,"href":"https:\/\/appelsenperen.amsterdam\/en\/wp-json\/wp\/v2\/product_cat?post=35618"},{"taxonomy":"product_tag","embeddable":true,"href":"https:\/\/appelsenperen.amsterdam\/en\/wp-json\/wp\/v2\/product_tag?post=35618"}],"curies":[{"name":"wp","href":"https:\/\/api.w.org\/{rel}","templated":true}]}}