{"id":35481,"date":"2019-11-22T17:30:33","date_gmt":"2019-11-22T17:30:33","guid":{"rendered":"https:\/\/2021.appelsenperen.amsterdam\/?product=lemasson-cidre-opiedumur-6-75cl"},"modified":"2024-08-11T15:45:41","modified_gmt":"2024-08-11T13:45:41","slug":"lemasson-cidre-opiedumur-6-75cl","status":"publish","type":"product","link":"https:\/\/appelsenperen.amsterdam\/en\/product\/lemasson-cidre-opiedumur-6-75cl\/","title":{"rendered":"Lemasson Cidre Opiedumur 6% 75cl"},"content":{"rendered":"<p>The Lemasson family has run a farm in Normandy for generations. In addition, the farm has been certified organic since 1988. Daniel Lemasson moved the cider factory to Cametours in 2004, where he passionately makes organic cider and calvados from 22 different cider apple varieties.<\/p>\n<p>look at <a href=\"\/en\/webshop\/?swoof=1&#038;pa_producent=lemasson\">here<\/a> all ciders from Lemasson<\/p>","protected":false},"excerpt":{"rendered":"<p>Opi\u00e9dumur 2018 is a special cuv\u00e9e for which Damien Lemasson only uses cider apples from 50-year-old standard trees. This cider has notes of citrus and fresh acidity and can be drunk as an aperitif, but also goes well with white meat.<\/p>","protected":false},"featured_media":35482,"template":"","meta":[],"product_brand":[],"product_cat":[992],"product_tag":[235,273,382,392,395],"class_list":{"0":"post-35481","1":"product","2":"type-product","3":"status-publish","4":"has-post-thumbnail","6":"product_cat-geen-categorie","7":"product_tag-cider","8":"product_tag-cidre","9":"product_tag-frankrijk","10":"product_tag-lemasson","11":"product_tag-opiedumur","13":"first","14":"outofstock","15":"taxable","16":"shipping-taxable","17":"purchasable","18":"product-type-simple"},"yoast_head":"<!-- This site is optimized with the Yoast SEO plugin v27.2 - https:\/\/yoast.com\/product\/yoast-seo-wordpress\/ -->\n<title>Lemasson Cidre Opi\u00e9dumur Lemasson Cidre Opi\u00e9dumur 6 75cl<\/title>\n<meta name=\"description\" content=\"Opi\u00e9dumur 2018 is een speciale cuv\u00e9e waarvoor Damien Lemasson uitsluitend ciderappels gebruikt van 50 jaar oude hoogstambomen.\" \/>\n<meta name=\"robots\" content=\"index, follow, max-snippet:-1, max-image-preview:large, max-video-preview:-1\" \/>\n<link rel=\"canonical\" href=\"https:\/\/appelsenperen.amsterdam\/en\/product\/lemasson-cidre-opiedumur-6-75cl\/\" \/>\n<meta property=\"og:locale\" content=\"en_GB\" \/>\n<meta property=\"og:type\" content=\"article\" \/>\n<meta property=\"og:title\" content=\"Lemasson Cidre Opi\u00e9dumur Lemasson Cidre Opi\u00e9dumur 6 75cl\" \/>\n<meta property=\"og:description\" content=\"Opi\u00e9dumur 2018 is een speciale cuv\u00e9e waarvoor Damien Lemasson uitsluitend ciderappels gebruikt van 50 jaar oude hoogstambomen.\" \/>\n<meta property=\"og:url\" content=\"https:\/\/appelsenperen.amsterdam\/en\/product\/lemasson-cidre-opiedumur-6-75cl\/\" \/>\n<meta property=\"og:site_name\" content=\"Amsterdamse Ciderwinkel Appels &amp; Peren\" \/>\n<meta property=\"article:modified_time\" content=\"2024-08-11T13:45:41+00:00\" \/>\n<meta property=\"og:image\" content=\"https:\/\/appelsenperen.amsterdam\/wp-content\/uploads\/2021\/11\/LemassonCidreOpiedumur.jpg\" \/>\n\t<meta property=\"og:image:width\" content=\"500\" \/>\n\t<meta property=\"og:image:height\" content=\"500\" \/>\n\t<meta property=\"og:image:type\" content=\"image\/jpeg\" \/>\n<meta name=\"twitter:card\" content=\"summary_large_image\" \/>\n<script type=\"application\/ld+json\" class=\"yoast-schema-graph\">{\"@context\":\"https:\/\/schema.org\",\"@graph\":[{\"@type\":\"WebPage\",\"@id\":\"https:\/\/appelsenperen.amsterdam\/product\/lemasson-cidre-opiedumur-6-75cl\/\",\"url\":\"https:\/\/appelsenperen.amsterdam\/product\/lemasson-cidre-opiedumur-6-75cl\/\",\"name\":\"Lemasson Cidre Opi\u00e9dumur Lemasson Cidre Opi\u00e9dumur 6 75cl\",\"isPartOf\":{\"@id\":\"https:\/\/appelsenperen.amsterdam\/#website\"},\"primaryImageOfPage\":{\"@id\":\"https:\/\/appelsenperen.amsterdam\/product\/lemasson-cidre-opiedumur-6-75cl\/#primaryimage\"},\"image\":{\"@id\":\"https:\/\/appelsenperen.amsterdam\/product\/lemasson-cidre-opiedumur-6-75cl\/#primaryimage\"},\"thumbnailUrl\":\"https:\/\/appelsenperen.amsterdam\/wp-content\/uploads\/2021\/11\/LemassonCidreOpiedumur.jpg\",\"datePublished\":\"2019-11-22T17:30:33+00:00\",\"dateModified\":\"2024-08-11T13:45:41+00:00\",\"description\":\"Opi\u00e9dumur 2018 is een speciale cuv\u00e9e waarvoor Damien Lemasson uitsluitend ciderappels gebruikt van 50 jaar oude hoogstambomen.\",\"breadcrumb\":{\"@id\":\"https:\/\/appelsenperen.amsterdam\/product\/lemasson-cidre-opiedumur-6-75cl\/#breadcrumb\"},\"inLanguage\":\"en-GB\",\"potentialAction\":[{\"@type\":\"ReadAction\",\"target\":[\"https:\/\/appelsenperen.amsterdam\/product\/lemasson-cidre-opiedumur-6-75cl\/\"]}]},{\"@type\":\"ImageObject\",\"inLanguage\":\"en-GB\",\"@id\":\"https:\/\/appelsenperen.amsterdam\/product\/lemasson-cidre-opiedumur-6-75cl\/#primaryimage\",\"url\":\"https:\/\/appelsenperen.amsterdam\/wp-content\/uploads\/2021\/11\/LemassonCidreOpiedumur.jpg\",\"contentUrl\":\"https:\/\/appelsenperen.amsterdam\/wp-content\/uploads\/2021\/11\/LemassonCidreOpiedumur.jpg\",\"width\":500,\"height\":500,\"caption\":\"Lemasson Cidre Opie\u0301dumur\"},{\"@type\":\"BreadcrumbList\",\"@id\":\"https:\/\/appelsenperen.amsterdam\/product\/lemasson-cidre-opiedumur-6-75cl\/#breadcrumb\",\"itemListElement\":[{\"@type\":\"ListItem\",\"position\":1,\"name\":\"Home\",\"item\":\"https:\/\/appelsenperen.amsterdam\/\"},{\"@type\":\"ListItem\",\"position\":2,\"name\":\"Webshop\",\"item\":\"https:\/\/appelsenperen.amsterdam\/webshop\/\"},{\"@type\":\"ListItem\",\"position\":3,\"name\":\"Lemasson Cidre Opi\u00e9dumur 6% 75cl\"}]},{\"@type\":\"WebSite\",\"@id\":\"https:\/\/appelsenperen.amsterdam\/#website\",\"url\":\"https:\/\/appelsenperen.amsterdam\/\",\"name\":\"Amsterdamse Ciderwinkel Appels &amp; Peren\",\"description\":\"Everybody loves cider\",\"publisher\":{\"@id\":\"https:\/\/appelsenperen.amsterdam\/#organization\"},\"potentialAction\":[{\"@type\":\"SearchAction\",\"target\":{\"@type\":\"EntryPoint\",\"urlTemplate\":\"https:\/\/appelsenperen.amsterdam\/?s={search_term_string}\"},\"query-input\":{\"@type\":\"PropertyValueSpecification\",\"valueRequired\":true,\"valueName\":\"search_term_string\"}}],\"inLanguage\":\"en-GB\"},{\"@type\":\"Organization\",\"@id\":\"https:\/\/appelsenperen.amsterdam\/#organization\",\"name\":\"Appels en Peren, Ambachtelijke Cider en Poir\u00e9\",\"url\":\"https:\/\/appelsenperen.amsterdam\/\",\"logo\":{\"@type\":\"ImageObject\",\"inLanguage\":\"en-GB\",\"@id\":\"https:\/\/appelsenperen.amsterdam\/#\/schema\/logo\/image\/\",\"url\":\"https:\/\/appelsenperen.amsterdam\/wp-content\/uploads\/2021\/05\/logo-appels-en-peren.jpg\",\"contentUrl\":\"https:\/\/appelsenperen.amsterdam\/wp-content\/uploads\/2021\/05\/logo-appels-en-peren.jpg\",\"width\":677,\"height\":167,\"caption\":\"Appels en Peren, Ambachtelijke Cider en Poir\u00e9\"},\"image\":{\"@id\":\"https:\/\/appelsenperen.amsterdam\/#\/schema\/logo\/image\/\"}}]}<\/script>\n<!-- \/ Yoast SEO plugin. -->","yoast_head_json":{"title":"Lemasson Cidre Opi\u00e9dumur Lemasson Cidre Opi\u00e9dumur 6 75cl","description":"Opi\u00e9dumur 2018 is een speciale cuv\u00e9e waarvoor Damien Lemasson uitsluitend ciderappels gebruikt van 50 jaar oude hoogstambomen.","robots":{"index":"index","follow":"follow","max-snippet":"max-snippet:-1","max-image-preview":"max-image-preview:large","max-video-preview":"max-video-preview:-1"},"canonical":"https:\/\/appelsenperen.amsterdam\/en\/product\/lemasson-cidre-opiedumur-6-75cl\/","og_locale":"en_GB","og_type":"article","og_title":"Lemasson Cidre Opi\u00e9dumur Lemasson Cidre Opi\u00e9dumur 6 75cl","og_description":"Opi\u00e9dumur 2018 is een speciale cuv\u00e9e waarvoor Damien Lemasson uitsluitend ciderappels gebruikt van 50 jaar oude hoogstambomen.","og_url":"https:\/\/appelsenperen.amsterdam\/en\/product\/lemasson-cidre-opiedumur-6-75cl\/","og_site_name":"Amsterdamse Ciderwinkel Appels &amp; Peren","article_modified_time":"2024-08-11T13:45:41+00:00","og_image":[{"width":500,"height":500,"url":"https:\/\/appelsenperen.amsterdam\/wp-content\/uploads\/2021\/11\/LemassonCidreOpiedumur.jpg","type":"image\/jpeg"}],"twitter_card":"summary_large_image","schema":{"@context":"https:\/\/schema.org","@graph":[{"@type":"WebPage","@id":"https:\/\/appelsenperen.amsterdam\/product\/lemasson-cidre-opiedumur-6-75cl\/","url":"https:\/\/appelsenperen.amsterdam\/product\/lemasson-cidre-opiedumur-6-75cl\/","name":"Lemasson Cidre Opi\u00e9dumur Lemasson Cidre Opi\u00e9dumur 6 75cl","isPartOf":{"@id":"https:\/\/appelsenperen.amsterdam\/#website"},"primaryImageOfPage":{"@id":"https:\/\/appelsenperen.amsterdam\/product\/lemasson-cidre-opiedumur-6-75cl\/#primaryimage"},"image":{"@id":"https:\/\/appelsenperen.amsterdam\/product\/lemasson-cidre-opiedumur-6-75cl\/#primaryimage"},"thumbnailUrl":"https:\/\/appelsenperen.amsterdam\/wp-content\/uploads\/2021\/11\/LemassonCidreOpiedumur.jpg","datePublished":"2019-11-22T17:30:33+00:00","dateModified":"2024-08-11T13:45:41+00:00","description":"Opi\u00e9dumur 2018 is een speciale cuv\u00e9e waarvoor Damien Lemasson uitsluitend ciderappels gebruikt van 50 jaar oude hoogstambomen.","breadcrumb":{"@id":"https:\/\/appelsenperen.amsterdam\/product\/lemasson-cidre-opiedumur-6-75cl\/#breadcrumb"},"inLanguage":"en-GB","potentialAction":[{"@type":"ReadAction","target":["https:\/\/appelsenperen.amsterdam\/product\/lemasson-cidre-opiedumur-6-75cl\/"]}]},{"@type":"ImageObject","inLanguage":"en-GB","@id":"https:\/\/appelsenperen.amsterdam\/product\/lemasson-cidre-opiedumur-6-75cl\/#primaryimage","url":"https:\/\/appelsenperen.amsterdam\/wp-content\/uploads\/2021\/11\/LemassonCidreOpiedumur.jpg","contentUrl":"https:\/\/appelsenperen.amsterdam\/wp-content\/uploads\/2021\/11\/LemassonCidreOpiedumur.jpg","width":500,"height":500,"caption":"Lemasson Cidre Opie\u0301dumur"},{"@type":"BreadcrumbList","@id":"https:\/\/appelsenperen.amsterdam\/product\/lemasson-cidre-opiedumur-6-75cl\/#breadcrumb","itemListElement":[{"@type":"ListItem","position":1,"name":"Home","item":"https:\/\/appelsenperen.amsterdam\/"},{"@type":"ListItem","position":2,"name":"Webshop","item":"https:\/\/appelsenperen.amsterdam\/webshop\/"},{"@type":"ListItem","position":3,"name":"Lemasson Cidre Opi\u00e9dumur 6% 75cl"}]},{"@type":"WebSite","@id":"https:\/\/appelsenperen.amsterdam\/#website","url":"https:\/\/appelsenperen.amsterdam\/","name":"Amsterdam Cider Shop Apples &amp; Pears","description":"Everybody loves cider","publisher":{"@id":"https:\/\/appelsenperen.amsterdam\/#organization"},"potentialAction":[{"@type":"SearchAction","target":{"@type":"EntryPoint","urlTemplate":"https:\/\/appelsenperen.amsterdam\/?s={search_term_string}"},"query-input":{"@type":"PropertyValueSpecification","valueRequired":true,"valueName":"search_term_string"}}],"inLanguage":"en-GB"},{"@type":"Organization","@id":"https:\/\/appelsenperen.amsterdam\/#organization","name":"Apples and Pears, Artisanal Cider and Poir\u00e9","url":"https:\/\/appelsenperen.amsterdam\/","logo":{"@type":"ImageObject","inLanguage":"en-GB","@id":"https:\/\/appelsenperen.amsterdam\/#\/schema\/logo\/image\/","url":"https:\/\/appelsenperen.amsterdam\/wp-content\/uploads\/2021\/05\/logo-appels-en-peren.jpg","contentUrl":"https:\/\/appelsenperen.amsterdam\/wp-content\/uploads\/2021\/05\/logo-appels-en-peren.jpg","width":677,"height":167,"caption":"Appels en Peren, Ambachtelijke Cider en Poir\u00e9"},"image":{"@id":"https:\/\/appelsenperen.amsterdam\/#\/schema\/logo\/image\/"}}]}},"_links":{"self":[{"href":"https:\/\/appelsenperen.amsterdam\/en\/wp-json\/wp\/v2\/product\/35481","targetHints":{"allow":["GET"]}}],"collection":[{"href":"https:\/\/appelsenperen.amsterdam\/en\/wp-json\/wp\/v2\/product"}],"about":[{"href":"https:\/\/appelsenperen.amsterdam\/en\/wp-json\/wp\/v2\/types\/product"}],"wp:featuredmedia":[{"embeddable":true,"href":"https:\/\/appelsenperen.amsterdam\/en\/wp-json\/wp\/v2\/media\/35482"}],"wp:attachment":[{"href":"https:\/\/appelsenperen.amsterdam\/en\/wp-json\/wp\/v2\/media?parent=35481"}],"wp:term":[{"taxonomy":"product_brand","embeddable":true,"href":"https:\/\/appelsenperen.amsterdam\/en\/wp-json\/wp\/v2\/product_brand?post=35481"},{"taxonomy":"product_cat","embeddable":true,"href":"https:\/\/appelsenperen.amsterdam\/en\/wp-json\/wp\/v2\/product_cat?post=35481"},{"taxonomy":"product_tag","embeddable":true,"href":"https:\/\/appelsenperen.amsterdam\/en\/wp-json\/wp\/v2\/product_tag?post=35481"}],"curies":[{"name":"wp","href":"https:\/\/api.w.org\/{rel}","templated":true}]}}