{"id":35469,"date":"2019-11-22T18:00:34","date_gmt":"2019-11-22T17:00:34","guid":{"rendered":"https:\/\/2021.appelsenperen.amsterdam\/?product=sehedic-fine-bretagne-bio-vsop-70cl"},"modified":"2024-12-17T16:33:17","modified_gmt":"2024-12-17T15:33:17","slug":"sehedic-fine-bretagne-bio-vsop-70cl","status":"publish","type":"product","link":"https:\/\/appelsenperen.amsterdam\/en\/product\/sehedic-fine-bretagne-bio-vsop-70cl\/","title":{"rendered":"S\u00e9h\u00e9dic Fine Brittany ORGANIC VSOP 70cl"},"content":{"rendered":"<p>The Breton family business, S\u00e9h\u00e9dic, has existed since 1950 and is certified organic. S\u00e9h\u00e9dic has almost 20 hectares of orchards in the Fouesnant region. They grow about thirty different types of cider apples in these orchards. The majority of these species originate from the Fouesnant and Cornouaille regions. About 1\/3 of the trees are standard trees, the rest are low-stem.<br \/>\nThe flavors of the apples can be divided into the categories: sweet, sweet\/bitter, bitter and sour. No pesticides are used. The apples are partly picked by hand and further collected with a special machine: the ramasseuse automotrice. S\u00e9h\u00e9dic also combines authentic methods with modern equipment in the production of the cider.<br \/>\nIn addition to cider, S\u00e9h\u00e9dic makes pommeau and cider brandy, called in Brittany\u00a0<em>Lamby.<\/em><\/p>","protected":false},"excerpt":{"rendered":"<p>Fine Bretagne AOC from S\u00e9h\u00e9dic is an organic <em>eau de vie de cidre <\/em>which has been aged in oak barrels for a minimum of 10 years.<br \/>\nWinner of the <em>Medal d&#039;or<\/em>\u00a0 on the <em>Concours G\u00e9n\u00e9ral Agricole de PARIS<\/em> in 2017, 2018 and 2019!<\/p>","protected":false},"featured_media":35470,"template":"","meta":[],"product_brand":[],"product_cat":[992],"product_tag":[272,264,286,312,376,391],"class_list":{"0":"post-35469","1":"product","2":"type-product","3":"status-publish","4":"has-post-thumbnail","6":"product_cat-geen-categorie","7":"product_tag-biologisch","8":"product_tag-bretagne","9":"product_tag-calvados","10":"product_tag-fine","11":"product_tag-sehedic","12":"product_tag-vsop","14":"first","15":"outofstock","16":"taxable","17":"shipping-taxable","18":"purchasable","19":"product-type-simple"},"yoast_head":"<!-- This site is optimized with the Yoast SEO plugin v27.2 - https:\/\/yoast.com\/product\/yoast-seo-wordpress\/ -->\n<title>S\u00e9h\u00e9dic Fine Bretagne BIO VSOP 70cl - Amsterdamse Ciderwinkel Appels &amp; Peren<\/title>\n<meta name=\"description\" content=\"Fine Bretagne van S\u00e9h\u00e9dic is een biologische eau de vie de cidre die minimaal 10 jaar op eikenhouten vaten gerijpt is. Winaar van de Medaille d&#039;or.\" \/>\n<meta name=\"robots\" content=\"index, follow, max-snippet:-1, max-image-preview:large, max-video-preview:-1\" \/>\n<link rel=\"canonical\" href=\"https:\/\/appelsenperen.amsterdam\/en\/product\/sehedic-fine-bretagne-bio-vsop-70cl\/\" \/>\n<meta property=\"og:locale\" content=\"en_GB\" \/>\n<meta property=\"og:type\" content=\"article\" \/>\n<meta property=\"og:title\" content=\"S\u00e9h\u00e9dic Fine Bretagne BIO VSOP 70cl - Amsterdamse Ciderwinkel Appels &amp; Peren\" \/>\n<meta property=\"og:description\" content=\"Fine Bretagne van S\u00e9h\u00e9dic is een biologische eau de vie de cidre die minimaal 10 jaar op eikenhouten vaten gerijpt is. Winaar van de Medaille d&#039;or.\" \/>\n<meta property=\"og:url\" content=\"https:\/\/appelsenperen.amsterdam\/en\/product\/sehedic-fine-bretagne-bio-vsop-70cl\/\" \/>\n<meta property=\"og:site_name\" content=\"Amsterdamse Ciderwinkel Appels &amp; Peren\" \/>\n<meta property=\"article:modified_time\" content=\"2024-12-17T15:33:17+00:00\" \/>\n<meta property=\"og:image\" content=\"https:\/\/appelsenperen.amsterdam\/wp-content\/uploads\/2021\/11\/ShdicFineBretagne70cl.jpg\" \/>\n\t<meta property=\"og:image:width\" content=\"498\" \/>\n\t<meta property=\"og:image:height\" content=\"498\" \/>\n\t<meta property=\"og:image:type\" content=\"image\/jpeg\" \/>\n<meta name=\"twitter:card\" content=\"summary_large_image\" \/>\n<meta name=\"twitter:label1\" content=\"Estimated reading time\" \/>\n\t<meta name=\"twitter:data1\" content=\"1 minute\" \/>\n<script type=\"application\/ld+json\" class=\"yoast-schema-graph\">{\"@context\":\"https:\/\/schema.org\",\"@graph\":[{\"@type\":\"WebPage\",\"@id\":\"https:\/\/appelsenperen.amsterdam\/product\/sehedic-fine-bretagne-bio-vsop-70cl\/\",\"url\":\"https:\/\/appelsenperen.amsterdam\/product\/sehedic-fine-bretagne-bio-vsop-70cl\/\",\"name\":\"S\u00e9h\u00e9dic Fine Bretagne BIO VSOP 70cl - Amsterdamse Ciderwinkel Appels &amp; Peren\",\"isPartOf\":{\"@id\":\"https:\/\/appelsenperen.amsterdam\/#website\"},\"primaryImageOfPage\":{\"@id\":\"https:\/\/appelsenperen.amsterdam\/product\/sehedic-fine-bretagne-bio-vsop-70cl\/#primaryimage\"},\"image\":{\"@id\":\"https:\/\/appelsenperen.amsterdam\/product\/sehedic-fine-bretagne-bio-vsop-70cl\/#primaryimage\"},\"thumbnailUrl\":\"https:\/\/appelsenperen.amsterdam\/wp-content\/uploads\/2021\/11\/ShdicFineBretagne70cl.jpg\",\"datePublished\":\"2019-11-22T17:00:34+00:00\",\"dateModified\":\"2024-12-17T15:33:17+00:00\",\"description\":\"Fine Bretagne van S\u00e9h\u00e9dic is een biologische eau de vie de cidre die minimaal 10 jaar op eikenhouten vaten gerijpt is. Winaar van de Medaille d'or.\",\"breadcrumb\":{\"@id\":\"https:\/\/appelsenperen.amsterdam\/product\/sehedic-fine-bretagne-bio-vsop-70cl\/#breadcrumb\"},\"inLanguage\":\"en-GB\",\"potentialAction\":[{\"@type\":\"ReadAction\",\"target\":[\"https:\/\/appelsenperen.amsterdam\/product\/sehedic-fine-bretagne-bio-vsop-70cl\/\"]}]},{\"@type\":\"ImageObject\",\"inLanguage\":\"en-GB\",\"@id\":\"https:\/\/appelsenperen.amsterdam\/product\/sehedic-fine-bretagne-bio-vsop-70cl\/#primaryimage\",\"url\":\"https:\/\/appelsenperen.amsterdam\/wp-content\/uploads\/2021\/11\/ShdicFineBretagne70cl.jpg\",\"contentUrl\":\"https:\/\/appelsenperen.amsterdam\/wp-content\/uploads\/2021\/11\/ShdicFineBretagne70cl.jpg\",\"width\":498,\"height\":498,\"caption\":\"S\u00e9h\u00e9dic Fine Bretagne 70cl\"},{\"@type\":\"BreadcrumbList\",\"@id\":\"https:\/\/appelsenperen.amsterdam\/product\/sehedic-fine-bretagne-bio-vsop-70cl\/#breadcrumb\",\"itemListElement\":[{\"@type\":\"ListItem\",\"position\":1,\"name\":\"Home\",\"item\":\"https:\/\/appelsenperen.amsterdam\/\"},{\"@type\":\"ListItem\",\"position\":2,\"name\":\"Webshop\",\"item\":\"https:\/\/appelsenperen.amsterdam\/webshop\/\"},{\"@type\":\"ListItem\",\"position\":3,\"name\":\"S\u00e9h\u00e9dic Fine Bretagne BIO VSOP 70cl\"}]},{\"@type\":\"WebSite\",\"@id\":\"https:\/\/appelsenperen.amsterdam\/#website\",\"url\":\"https:\/\/appelsenperen.amsterdam\/\",\"name\":\"Amsterdamse Ciderwinkel Appels &amp; Peren\",\"description\":\"Everybody loves cider\",\"publisher\":{\"@id\":\"https:\/\/appelsenperen.amsterdam\/#organization\"},\"potentialAction\":[{\"@type\":\"SearchAction\",\"target\":{\"@type\":\"EntryPoint\",\"urlTemplate\":\"https:\/\/appelsenperen.amsterdam\/?s={search_term_string}\"},\"query-input\":{\"@type\":\"PropertyValueSpecification\",\"valueRequired\":true,\"valueName\":\"search_term_string\"}}],\"inLanguage\":\"en-GB\"},{\"@type\":\"Organization\",\"@id\":\"https:\/\/appelsenperen.amsterdam\/#organization\",\"name\":\"Appels en Peren, Ambachtelijke Cider en Poir\u00e9\",\"url\":\"https:\/\/appelsenperen.amsterdam\/\",\"logo\":{\"@type\":\"ImageObject\",\"inLanguage\":\"en-GB\",\"@id\":\"https:\/\/appelsenperen.amsterdam\/#\/schema\/logo\/image\/\",\"url\":\"https:\/\/appelsenperen.amsterdam\/wp-content\/uploads\/2021\/05\/logo-appels-en-peren.jpg\",\"contentUrl\":\"https:\/\/appelsenperen.amsterdam\/wp-content\/uploads\/2021\/05\/logo-appels-en-peren.jpg\",\"width\":677,\"height\":167,\"caption\":\"Appels en Peren, Ambachtelijke Cider en Poir\u00e9\"},\"image\":{\"@id\":\"https:\/\/appelsenperen.amsterdam\/#\/schema\/logo\/image\/\"}}]}<\/script>\n<!-- \/ Yoast SEO plugin. -->","yoast_head_json":{"title":"S\u00e9h\u00e9dic Fine Bretagne BIO VSOP 70cl - Amsterdamse Ciderwinkel Appels &amp; Peren","description":"Fine Bretagne van S\u00e9h\u00e9dic is een biologische eau de vie de cidre die minimaal 10 jaar op eikenhouten vaten gerijpt is. Winaar van de Medaille d'or.","robots":{"index":"index","follow":"follow","max-snippet":"max-snippet:-1","max-image-preview":"max-image-preview:large","max-video-preview":"max-video-preview:-1"},"canonical":"https:\/\/appelsenperen.amsterdam\/en\/product\/sehedic-fine-bretagne-bio-vsop-70cl\/","og_locale":"en_GB","og_type":"article","og_title":"S\u00e9h\u00e9dic Fine Bretagne BIO VSOP 70cl - Amsterdamse Ciderwinkel Appels &amp; Peren","og_description":"Fine Bretagne van S\u00e9h\u00e9dic is een biologische eau de vie de cidre die minimaal 10 jaar op eikenhouten vaten gerijpt is. Winaar van de Medaille d'or.","og_url":"https:\/\/appelsenperen.amsterdam\/en\/product\/sehedic-fine-bretagne-bio-vsop-70cl\/","og_site_name":"Amsterdamse Ciderwinkel Appels &amp; Peren","article_modified_time":"2024-12-17T15:33:17+00:00","og_image":[{"width":498,"height":498,"url":"https:\/\/appelsenperen.amsterdam\/wp-content\/uploads\/2021\/11\/ShdicFineBretagne70cl.jpg","type":"image\/jpeg"}],"twitter_card":"summary_large_image","twitter_misc":{"Estimated reading time":"1 minute"},"schema":{"@context":"https:\/\/schema.org","@graph":[{"@type":"WebPage","@id":"https:\/\/appelsenperen.amsterdam\/product\/sehedic-fine-bretagne-bio-vsop-70cl\/","url":"https:\/\/appelsenperen.amsterdam\/product\/sehedic-fine-bretagne-bio-vsop-70cl\/","name":"S\u00e9h\u00e9dic Fine Bretagne BIO VSOP 70cl - Amsterdamse Ciderwinkel Appels &amp; Peren","isPartOf":{"@id":"https:\/\/appelsenperen.amsterdam\/#website"},"primaryImageOfPage":{"@id":"https:\/\/appelsenperen.amsterdam\/product\/sehedic-fine-bretagne-bio-vsop-70cl\/#primaryimage"},"image":{"@id":"https:\/\/appelsenperen.amsterdam\/product\/sehedic-fine-bretagne-bio-vsop-70cl\/#primaryimage"},"thumbnailUrl":"https:\/\/appelsenperen.amsterdam\/wp-content\/uploads\/2021\/11\/ShdicFineBretagne70cl.jpg","datePublished":"2019-11-22T17:00:34+00:00","dateModified":"2024-12-17T15:33:17+00:00","description":"Fine Bretagne van S\u00e9h\u00e9dic is een biologische eau de vie de cidre die minimaal 10 jaar op eikenhouten vaten gerijpt is. Winaar van de Medaille d'or.","breadcrumb":{"@id":"https:\/\/appelsenperen.amsterdam\/product\/sehedic-fine-bretagne-bio-vsop-70cl\/#breadcrumb"},"inLanguage":"en-GB","potentialAction":[{"@type":"ReadAction","target":["https:\/\/appelsenperen.amsterdam\/product\/sehedic-fine-bretagne-bio-vsop-70cl\/"]}]},{"@type":"ImageObject","inLanguage":"en-GB","@id":"https:\/\/appelsenperen.amsterdam\/product\/sehedic-fine-bretagne-bio-vsop-70cl\/#primaryimage","url":"https:\/\/appelsenperen.amsterdam\/wp-content\/uploads\/2021\/11\/ShdicFineBretagne70cl.jpg","contentUrl":"https:\/\/appelsenperen.amsterdam\/wp-content\/uploads\/2021\/11\/ShdicFineBretagne70cl.jpg","width":498,"height":498,"caption":"S\u00e9h\u00e9dic Fine Bretagne 70cl"},{"@type":"BreadcrumbList","@id":"https:\/\/appelsenperen.amsterdam\/product\/sehedic-fine-bretagne-bio-vsop-70cl\/#breadcrumb","itemListElement":[{"@type":"ListItem","position":1,"name":"Home","item":"https:\/\/appelsenperen.amsterdam\/"},{"@type":"ListItem","position":2,"name":"Webshop","item":"https:\/\/appelsenperen.amsterdam\/webshop\/"},{"@type":"ListItem","position":3,"name":"S\u00e9h\u00e9dic Fine Bretagne BIO VSOP 70cl"}]},{"@type":"WebSite","@id":"https:\/\/appelsenperen.amsterdam\/#website","url":"https:\/\/appelsenperen.amsterdam\/","name":"Amsterdam Cider Shop Apples &amp; Pears","description":"Everybody loves cider","publisher":{"@id":"https:\/\/appelsenperen.amsterdam\/#organization"},"potentialAction":[{"@type":"SearchAction","target":{"@type":"EntryPoint","urlTemplate":"https:\/\/appelsenperen.amsterdam\/?s={search_term_string}"},"query-input":{"@type":"PropertyValueSpecification","valueRequired":true,"valueName":"search_term_string"}}],"inLanguage":"en-GB"},{"@type":"Organization","@id":"https:\/\/appelsenperen.amsterdam\/#organization","name":"Apples and Pears, Artisanal Cider and Poir\u00e9","url":"https:\/\/appelsenperen.amsterdam\/","logo":{"@type":"ImageObject","inLanguage":"en-GB","@id":"https:\/\/appelsenperen.amsterdam\/#\/schema\/logo\/image\/","url":"https:\/\/appelsenperen.amsterdam\/wp-content\/uploads\/2021\/05\/logo-appels-en-peren.jpg","contentUrl":"https:\/\/appelsenperen.amsterdam\/wp-content\/uploads\/2021\/05\/logo-appels-en-peren.jpg","width":677,"height":167,"caption":"Appels en Peren, Ambachtelijke Cider en Poir\u00e9"},"image":{"@id":"https:\/\/appelsenperen.amsterdam\/#\/schema\/logo\/image\/"}}]}},"_links":{"self":[{"href":"https:\/\/appelsenperen.amsterdam\/en\/wp-json\/wp\/v2\/product\/35469","targetHints":{"allow":["GET"]}}],"collection":[{"href":"https:\/\/appelsenperen.amsterdam\/en\/wp-json\/wp\/v2\/product"}],"about":[{"href":"https:\/\/appelsenperen.amsterdam\/en\/wp-json\/wp\/v2\/types\/product"}],"wp:featuredmedia":[{"embeddable":true,"href":"https:\/\/appelsenperen.amsterdam\/en\/wp-json\/wp\/v2\/media\/35470"}],"wp:attachment":[{"href":"https:\/\/appelsenperen.amsterdam\/en\/wp-json\/wp\/v2\/media?parent=35469"}],"wp:term":[{"taxonomy":"product_brand","embeddable":true,"href":"https:\/\/appelsenperen.amsterdam\/en\/wp-json\/wp\/v2\/product_brand?post=35469"},{"taxonomy":"product_cat","embeddable":true,"href":"https:\/\/appelsenperen.amsterdam\/en\/wp-json\/wp\/v2\/product_cat?post=35469"},{"taxonomy":"product_tag","embeddable":true,"href":"https:\/\/appelsenperen.amsterdam\/en\/wp-json\/wp\/v2\/product_tag?post=35469"}],"curies":[{"name":"wp","href":"https:\/\/api.w.org\/{rel}","templated":true}]}}