{"id":35161,"date":"2017-03-09T17:00:31","date_gmt":"2017-03-09T16:00:31","guid":{"rendered":"https:\/\/2021.appelsenperen.amsterdam\/?product=ferme-de-la-poulardiere-poire-domfront-aop-bio-2019-75cl"},"modified":"2024-05-22T09:52:10","modified_gmt":"2024-05-22T07:52:10","slug":"ferme-de-la-poulardiere-poire-domfront-aop-bio-2019-75cl","status":"publish","type":"product","link":"https:\/\/appelsenperen.amsterdam\/en\/product\/ferme-de-la-poulardiere-poire-domfront-aop-bio-2019-75cl\/","title":{"rendered":"Ferme de la Poulardi\u00e8re Poir\u00e9 Domfront AOP Organic 4.5% 75cl"},"content":{"rendered":"<p>In Saint-Fraimbault (Orne, Basse-Normandie) the organic certified farm Ferme de la Poulardi\u00e8re of the brothers Dominique, Michel and Stephane Leroyer has been located since 1998. They produce cider, poir\u00e9, fruit juices and\u00a0<em>vinaigre de cidre<\/em>. It is a mixed farm where the dairy cows fertilize the orchards during the growing season.<\/p>\n<p>30 different poir\u00e9 pears are used in the Domfront. These are often small pears such as Rouge Vign\u00e9, Gros Blot, Plant Roux, De Cloche and Gaubert. In order to be allowed to carry the appellation Appellation d&#039;Origine Prot\u00e9g\u00e9 Domfront, the poir\u00e9 must also consist of at least 40% from the juicy and sour Plant de Blanc pears.<\/p>","protected":false},"excerpt":{"rendered":"<p>Since 2002, the Leroyer family has been allowed to use the Domfront Appellation d&#039;Origine Prot\u00e9g\u00e9e label. The Poir\u00e9 Domfront AOP from the Ferme de la Poulardi\u00e8re is a fresh, fruity unpasteurized poir\u00e9. The bubbles develop on the bottle without adding carbon dioxide.<\/p>","protected":false},"featured_media":35162,"template":"","meta":[],"product_brand":[],"product_cat":[992],"product_tag":[],"class_list":{"0":"post-35161","1":"product","2":"type-product","3":"status-publish","4":"has-post-thumbnail","6":"product_cat-geen-categorie","8":"first","9":"outofstock","10":"taxable","11":"shipping-taxable","12":"purchasable","13":"product-type-simple"},"yoast_head":"<!-- This site is optimized with the Yoast SEO plugin v27.2 - https:\/\/yoast.com\/product\/yoast-seo-wordpress\/ -->\n<title>Ferme de la Poulardi\u00e8re Poir\u00e9 Domfront AOP Bio 4.5% 75cl - Amsterdamse Ciderwinkel Appels &amp; Peren<\/title>\n<meta name=\"description\" content=\"De Poir\u00e9 Domfront Appellation d\u2019Origine Prot\u00e9g\u00e9 van de Ferme de la Poulardi\u00e8re is een frisse, fruitige ongepasteuriseerde poir\u00e9.\" \/>\n<meta name=\"robots\" content=\"index, follow, max-snippet:-1, max-image-preview:large, max-video-preview:-1\" \/>\n<link rel=\"canonical\" href=\"https:\/\/appelsenperen.amsterdam\/en\/product\/ferme-de-la-poulardiere-poire-domfront-aop-bio-2019-75cl\/\" \/>\n<meta property=\"og:locale\" content=\"en_GB\" \/>\n<meta property=\"og:type\" content=\"article\" \/>\n<meta property=\"og:title\" content=\"Ferme de la Poulardi\u00e8re Poir\u00e9 Domfront AOP Bio 4.5% 75cl - Amsterdamse Ciderwinkel Appels &amp; Peren\" \/>\n<meta property=\"og:description\" content=\"De Poir\u00e9 Domfront Appellation d\u2019Origine Prot\u00e9g\u00e9 van de Ferme de la Poulardi\u00e8re is een frisse, fruitige ongepasteuriseerde poir\u00e9.\" \/>\n<meta property=\"og:url\" content=\"https:\/\/appelsenperen.amsterdam\/en\/product\/ferme-de-la-poulardiere-poire-domfront-aop-bio-2019-75cl\/\" \/>\n<meta property=\"og:site_name\" content=\"Amsterdamse Ciderwinkel Appels &amp; Peren\" \/>\n<meta property=\"article:modified_time\" content=\"2024-05-22T07:52:10+00:00\" \/>\n<meta property=\"og:image\" content=\"https:\/\/appelsenperen.amsterdam\/wp-content\/uploads\/2021\/11\/FermedelaPoulardirePoirDomfrontAOPBio75cl.jpg\" \/>\n\t<meta property=\"og:image:width\" content=\"509\" \/>\n\t<meta property=\"og:image:height\" content=\"509\" \/>\n\t<meta property=\"og:image:type\" content=\"image\/jpeg\" \/>\n<meta name=\"twitter:card\" content=\"summary_large_image\" \/>\n<meta name=\"twitter:label1\" content=\"Estimated reading time\" \/>\n\t<meta name=\"twitter:data1\" content=\"1 minute\" \/>\n<script type=\"application\/ld+json\" class=\"yoast-schema-graph\">{\"@context\":\"https:\/\/schema.org\",\"@graph\":[{\"@type\":\"WebPage\",\"@id\":\"https:\/\/appelsenperen.amsterdam\/product\/ferme-de-la-poulardiere-poire-domfront-aop-bio-2019-75cl\/\",\"url\":\"https:\/\/appelsenperen.amsterdam\/product\/ferme-de-la-poulardiere-poire-domfront-aop-bio-2019-75cl\/\",\"name\":\"Ferme de la Poulardi\u00e8re Poir\u00e9 Domfront AOP Bio 4.5% 75cl - Amsterdamse Ciderwinkel Appels &amp; Peren\",\"isPartOf\":{\"@id\":\"https:\/\/appelsenperen.amsterdam\/#website\"},\"primaryImageOfPage\":{\"@id\":\"https:\/\/appelsenperen.amsterdam\/product\/ferme-de-la-poulardiere-poire-domfront-aop-bio-2019-75cl\/#primaryimage\"},\"image\":{\"@id\":\"https:\/\/appelsenperen.amsterdam\/product\/ferme-de-la-poulardiere-poire-domfront-aop-bio-2019-75cl\/#primaryimage\"},\"thumbnailUrl\":\"https:\/\/appelsenperen.amsterdam\/wp-content\/uploads\/2021\/11\/FermedelaPoulardirePoirDomfrontAOPBio75cl.jpg\",\"datePublished\":\"2017-03-09T16:00:31+00:00\",\"dateModified\":\"2024-05-22T07:52:10+00:00\",\"description\":\"De Poir\u00e9 Domfront Appellation d\u2019Origine Prot\u00e9g\u00e9 van de Ferme de la Poulardi\u00e8re is een frisse, fruitige ongepasteuriseerde poir\u00e9.\",\"breadcrumb\":{\"@id\":\"https:\/\/appelsenperen.amsterdam\/product\/ferme-de-la-poulardiere-poire-domfront-aop-bio-2019-75cl\/#breadcrumb\"},\"inLanguage\":\"en-GB\",\"potentialAction\":[{\"@type\":\"ReadAction\",\"target\":[\"https:\/\/appelsenperen.amsterdam\/product\/ferme-de-la-poulardiere-poire-domfront-aop-bio-2019-75cl\/\"]}]},{\"@type\":\"ImageObject\",\"inLanguage\":\"en-GB\",\"@id\":\"https:\/\/appelsenperen.amsterdam\/product\/ferme-de-la-poulardiere-poire-domfront-aop-bio-2019-75cl\/#primaryimage\",\"url\":\"https:\/\/appelsenperen.amsterdam\/wp-content\/uploads\/2021\/11\/FermedelaPoulardirePoirDomfrontAOPBio75cl.jpg\",\"contentUrl\":\"https:\/\/appelsenperen.amsterdam\/wp-content\/uploads\/2021\/11\/FermedelaPoulardirePoirDomfrontAOPBio75cl.jpg\",\"width\":509,\"height\":509,\"caption\":\"Ferme de la Poulardi\u00e8re Poir\u00e9 Domfront AOP Bio 75cl\"},{\"@type\":\"BreadcrumbList\",\"@id\":\"https:\/\/appelsenperen.amsterdam\/product\/ferme-de-la-poulardiere-poire-domfront-aop-bio-2019-75cl\/#breadcrumb\",\"itemListElement\":[{\"@type\":\"ListItem\",\"position\":1,\"name\":\"Home\",\"item\":\"https:\/\/appelsenperen.amsterdam\/\"},{\"@type\":\"ListItem\",\"position\":2,\"name\":\"Webshop\",\"item\":\"https:\/\/appelsenperen.amsterdam\/webshop\/\"},{\"@type\":\"ListItem\",\"position\":3,\"name\":\"Ferme de la Poulardi\u00e8re Poir\u00e9 Domfront AOP Bio 4.5% 75cl\"}]},{\"@type\":\"WebSite\",\"@id\":\"https:\/\/appelsenperen.amsterdam\/#website\",\"url\":\"https:\/\/appelsenperen.amsterdam\/\",\"name\":\"Amsterdamse Ciderwinkel Appels &amp; Peren\",\"description\":\"Everybody loves cider\",\"publisher\":{\"@id\":\"https:\/\/appelsenperen.amsterdam\/#organization\"},\"potentialAction\":[{\"@type\":\"SearchAction\",\"target\":{\"@type\":\"EntryPoint\",\"urlTemplate\":\"https:\/\/appelsenperen.amsterdam\/?s={search_term_string}\"},\"query-input\":{\"@type\":\"PropertyValueSpecification\",\"valueRequired\":true,\"valueName\":\"search_term_string\"}}],\"inLanguage\":\"en-GB\"},{\"@type\":\"Organization\",\"@id\":\"https:\/\/appelsenperen.amsterdam\/#organization\",\"name\":\"Appels en Peren, Ambachtelijke Cider en Poir\u00e9\",\"url\":\"https:\/\/appelsenperen.amsterdam\/\",\"logo\":{\"@type\":\"ImageObject\",\"inLanguage\":\"en-GB\",\"@id\":\"https:\/\/appelsenperen.amsterdam\/#\/schema\/logo\/image\/\",\"url\":\"https:\/\/appelsenperen.amsterdam\/wp-content\/uploads\/2021\/05\/logo-appels-en-peren.jpg\",\"contentUrl\":\"https:\/\/appelsenperen.amsterdam\/wp-content\/uploads\/2021\/05\/logo-appels-en-peren.jpg\",\"width\":677,\"height\":167,\"caption\":\"Appels en Peren, Ambachtelijke Cider en Poir\u00e9\"},\"image\":{\"@id\":\"https:\/\/appelsenperen.amsterdam\/#\/schema\/logo\/image\/\"}}]}<\/script>\n<!-- \/ Yoast SEO plugin. -->","yoast_head_json":{"title":"Ferme de la Poulardi\u00e8re Poir\u00e9 Domfront AOP Bio 4.5% 75cl - Amsterdamse Ciderwinkel Appels &amp; Peren","description":"De Poir\u00e9 Domfront Appellation d\u2019Origine Prot\u00e9g\u00e9 van de Ferme de la Poulardi\u00e8re is een frisse, fruitige ongepasteuriseerde poir\u00e9.","robots":{"index":"index","follow":"follow","max-snippet":"max-snippet:-1","max-image-preview":"max-image-preview:large","max-video-preview":"max-video-preview:-1"},"canonical":"https:\/\/appelsenperen.amsterdam\/en\/product\/ferme-de-la-poulardiere-poire-domfront-aop-bio-2019-75cl\/","og_locale":"en_GB","og_type":"article","og_title":"Ferme de la Poulardi\u00e8re Poir\u00e9 Domfront AOP Bio 4.5% 75cl - Amsterdamse Ciderwinkel Appels &amp; Peren","og_description":"De Poir\u00e9 Domfront Appellation d\u2019Origine Prot\u00e9g\u00e9 van de Ferme de la Poulardi\u00e8re is een frisse, fruitige ongepasteuriseerde poir\u00e9.","og_url":"https:\/\/appelsenperen.amsterdam\/en\/product\/ferme-de-la-poulardiere-poire-domfront-aop-bio-2019-75cl\/","og_site_name":"Amsterdamse Ciderwinkel Appels &amp; Peren","article_modified_time":"2024-05-22T07:52:10+00:00","og_image":[{"width":509,"height":509,"url":"https:\/\/appelsenperen.amsterdam\/wp-content\/uploads\/2021\/11\/FermedelaPoulardirePoirDomfrontAOPBio75cl.jpg","type":"image\/jpeg"}],"twitter_card":"summary_large_image","twitter_misc":{"Estimated reading time":"1 minute"},"schema":{"@context":"https:\/\/schema.org","@graph":[{"@type":"WebPage","@id":"https:\/\/appelsenperen.amsterdam\/product\/ferme-de-la-poulardiere-poire-domfront-aop-bio-2019-75cl\/","url":"https:\/\/appelsenperen.amsterdam\/product\/ferme-de-la-poulardiere-poire-domfront-aop-bio-2019-75cl\/","name":"Ferme de la Poulardi\u00e8re Poir\u00e9 Domfront AOP Bio 4.5% 75cl - Amsterdamse Ciderwinkel Appels &amp; Peren","isPartOf":{"@id":"https:\/\/appelsenperen.amsterdam\/#website"},"primaryImageOfPage":{"@id":"https:\/\/appelsenperen.amsterdam\/product\/ferme-de-la-poulardiere-poire-domfront-aop-bio-2019-75cl\/#primaryimage"},"image":{"@id":"https:\/\/appelsenperen.amsterdam\/product\/ferme-de-la-poulardiere-poire-domfront-aop-bio-2019-75cl\/#primaryimage"},"thumbnailUrl":"https:\/\/appelsenperen.amsterdam\/wp-content\/uploads\/2021\/11\/FermedelaPoulardirePoirDomfrontAOPBio75cl.jpg","datePublished":"2017-03-09T16:00:31+00:00","dateModified":"2024-05-22T07:52:10+00:00","description":"De Poir\u00e9 Domfront Appellation d\u2019Origine Prot\u00e9g\u00e9 van de Ferme de la Poulardi\u00e8re is een frisse, fruitige ongepasteuriseerde poir\u00e9.","breadcrumb":{"@id":"https:\/\/appelsenperen.amsterdam\/product\/ferme-de-la-poulardiere-poire-domfront-aop-bio-2019-75cl\/#breadcrumb"},"inLanguage":"en-GB","potentialAction":[{"@type":"ReadAction","target":["https:\/\/appelsenperen.amsterdam\/product\/ferme-de-la-poulardiere-poire-domfront-aop-bio-2019-75cl\/"]}]},{"@type":"ImageObject","inLanguage":"en-GB","@id":"https:\/\/appelsenperen.amsterdam\/product\/ferme-de-la-poulardiere-poire-domfront-aop-bio-2019-75cl\/#primaryimage","url":"https:\/\/appelsenperen.amsterdam\/wp-content\/uploads\/2021\/11\/FermedelaPoulardirePoirDomfrontAOPBio75cl.jpg","contentUrl":"https:\/\/appelsenperen.amsterdam\/wp-content\/uploads\/2021\/11\/FermedelaPoulardirePoirDomfrontAOPBio75cl.jpg","width":509,"height":509,"caption":"Ferme de la Poulardi\u00e8re Poir\u00e9 Domfront AOP Bio 75cl"},{"@type":"BreadcrumbList","@id":"https:\/\/appelsenperen.amsterdam\/product\/ferme-de-la-poulardiere-poire-domfront-aop-bio-2019-75cl\/#breadcrumb","itemListElement":[{"@type":"ListItem","position":1,"name":"Home","item":"https:\/\/appelsenperen.amsterdam\/"},{"@type":"ListItem","position":2,"name":"Webshop","item":"https:\/\/appelsenperen.amsterdam\/webshop\/"},{"@type":"ListItem","position":3,"name":"Ferme de la Poulardi\u00e8re Poir\u00e9 Domfront AOP Bio 4.5% 75cl"}]},{"@type":"WebSite","@id":"https:\/\/appelsenperen.amsterdam\/#website","url":"https:\/\/appelsenperen.amsterdam\/","name":"Amsterdam Cider Shop Apples &amp; Pears","description":"Everybody loves cider","publisher":{"@id":"https:\/\/appelsenperen.amsterdam\/#organization"},"potentialAction":[{"@type":"SearchAction","target":{"@type":"EntryPoint","urlTemplate":"https:\/\/appelsenperen.amsterdam\/?s={search_term_string}"},"query-input":{"@type":"PropertyValueSpecification","valueRequired":true,"valueName":"search_term_string"}}],"inLanguage":"en-GB"},{"@type":"Organization","@id":"https:\/\/appelsenperen.amsterdam\/#organization","name":"Apples and Pears, Artisanal Cider and Poir\u00e9","url":"https:\/\/appelsenperen.amsterdam\/","logo":{"@type":"ImageObject","inLanguage":"en-GB","@id":"https:\/\/appelsenperen.amsterdam\/#\/schema\/logo\/image\/","url":"https:\/\/appelsenperen.amsterdam\/wp-content\/uploads\/2021\/05\/logo-appels-en-peren.jpg","contentUrl":"https:\/\/appelsenperen.amsterdam\/wp-content\/uploads\/2021\/05\/logo-appels-en-peren.jpg","width":677,"height":167,"caption":"Appels en Peren, Ambachtelijke Cider en Poir\u00e9"},"image":{"@id":"https:\/\/appelsenperen.amsterdam\/#\/schema\/logo\/image\/"}}]}},"_links":{"self":[{"href":"https:\/\/appelsenperen.amsterdam\/en\/wp-json\/wp\/v2\/product\/35161","targetHints":{"allow":["GET"]}}],"collection":[{"href":"https:\/\/appelsenperen.amsterdam\/en\/wp-json\/wp\/v2\/product"}],"about":[{"href":"https:\/\/appelsenperen.amsterdam\/en\/wp-json\/wp\/v2\/types\/product"}],"wp:featuredmedia":[{"embeddable":true,"href":"https:\/\/appelsenperen.amsterdam\/en\/wp-json\/wp\/v2\/media\/35162"}],"wp:attachment":[{"href":"https:\/\/appelsenperen.amsterdam\/en\/wp-json\/wp\/v2\/media?parent=35161"}],"wp:term":[{"taxonomy":"product_brand","embeddable":true,"href":"https:\/\/appelsenperen.amsterdam\/en\/wp-json\/wp\/v2\/product_brand?post=35161"},{"taxonomy":"product_cat","embeddable":true,"href":"https:\/\/appelsenperen.amsterdam\/en\/wp-json\/wp\/v2\/product_cat?post=35161"},{"taxonomy":"product_tag","embeddable":true,"href":"https:\/\/appelsenperen.amsterdam\/en\/wp-json\/wp\/v2\/product_tag?post=35161"}],"curies":[{"name":"wp","href":"https:\/\/api.w.org\/{rel}","templated":true}]}}