{"id":35159,"date":"2017-03-09T17:00:30","date_gmt":"2017-03-09T16:00:30","guid":{"rendered":"https:\/\/2021.appelsenperen.amsterdam\/?product=sehedic-cidre-traditionnel-biologique-75cl"},"modified":"2026-03-28T15:27:39","modified_gmt":"2026-03-28T14:27:39","slug":"sehedic-cidre-traditionnel-biologique-75cl","status":"publish","type":"product","link":"https:\/\/appelsenperen.amsterdam\/en\/product\/sehedic-cidre-traditionnel-biologique-75cl\/","title":{"rendered":"S\u00e9h\u00e9dic Cidre Cuv\u00e9e Kertoban Biologique 5% 75cl"},"content":{"rendered":"<p>BBE Feb 2019<\/p>","protected":false},"excerpt":{"rendered":"<p>Organically certified traditional cider from S\u00e9h\u00e9dic. This slightly sparkling, coarsely filtered cider uses the first harvested bittersweet cider apples.<\/p>","protected":false},"featured_media":35160,"template":"","meta":[],"product_brand":[],"product_cat":[992],"product_tag":[],"class_list":{"0":"post-35159","1":"product","2":"type-product","3":"status-publish","4":"has-post-thumbnail","6":"product_cat-geen-categorie","8":"first","9":"instock","10":"taxable","11":"shipping-taxable","12":"purchasable","13":"product-type-simple"},"yoast_head":"<!-- This site is optimized with the Yoast SEO plugin v27.2 - https:\/\/yoast.com\/product\/yoast-seo-wordpress\/ -->\n<title>S\u00e9h\u00e9dic Cidre Cuv\u00e9e Kertoban Biologique 5% 75cl - Amsterdamse Ciderwinkel Appels &amp; Peren<\/title>\n<meta name=\"description\" content=\"Traditionnel: biologische traditionele cider van S\u00e9h\u00e9dic. Licht sprankelende, grof gefilterde cider gemaakt van de eerst geoogste bitterzoete appels.\" \/>\n<meta name=\"robots\" content=\"index, follow, max-snippet:-1, max-image-preview:large, max-video-preview:-1\" \/>\n<link rel=\"canonical\" href=\"https:\/\/appelsenperen.amsterdam\/en\/product\/sehedic-cidre-traditionnel-biologique-75cl\/\" \/>\n<meta property=\"og:locale\" content=\"en_GB\" \/>\n<meta property=\"og:type\" content=\"article\" \/>\n<meta property=\"og:title\" content=\"S\u00e9h\u00e9dic Cidre Cuv\u00e9e Kertoban Biologique 5% 75cl - Amsterdamse Ciderwinkel Appels &amp; Peren\" \/>\n<meta property=\"og:description\" content=\"Traditionnel: biologische traditionele cider van S\u00e9h\u00e9dic. Licht sprankelende, grof gefilterde cider gemaakt van de eerst geoogste bitterzoete appels.\" \/>\n<meta property=\"og:url\" content=\"https:\/\/appelsenperen.amsterdam\/en\/product\/sehedic-cidre-traditionnel-biologique-75cl\/\" \/>\n<meta property=\"og:site_name\" content=\"Amsterdamse Ciderwinkel Appels &amp; Peren\" \/>\n<meta property=\"article:modified_time\" content=\"2026-03-28T14:27:39+00:00\" \/>\n<meta property=\"og:image\" content=\"https:\/\/appelsenperen.amsterdam\/wp-content\/uploads\/2021\/11\/FranoisShdicCidreTraditionnel75cl.jpg\" \/>\n\t<meta property=\"og:image:width\" content=\"498\" \/>\n\t<meta property=\"og:image:height\" content=\"498\" \/>\n\t<meta property=\"og:image:type\" content=\"image\/jpeg\" \/>\n<meta name=\"twitter:card\" content=\"summary_large_image\" \/>\n<meta name=\"twitter:label1\" content=\"Estimated reading time\" \/>\n\t<meta name=\"twitter:data1\" content=\"1 minute\" \/>\n<script type=\"application\/ld+json\" class=\"yoast-schema-graph\">{\"@context\":\"https:\/\/schema.org\",\"@graph\":[{\"@type\":\"WebPage\",\"@id\":\"https:\/\/appelsenperen.amsterdam\/product\/sehedic-cidre-traditionnel-biologique-75cl\/\",\"url\":\"https:\/\/appelsenperen.amsterdam\/product\/sehedic-cidre-traditionnel-biologique-75cl\/\",\"name\":\"S\u00e9h\u00e9dic Cidre Cuv\u00e9e Kertoban Biologique 5% 75cl - Amsterdamse Ciderwinkel Appels &amp; Peren\",\"isPartOf\":{\"@id\":\"https:\/\/appelsenperen.amsterdam\/#website\"},\"primaryImageOfPage\":{\"@id\":\"https:\/\/appelsenperen.amsterdam\/product\/sehedic-cidre-traditionnel-biologique-75cl\/#primaryimage\"},\"image\":{\"@id\":\"https:\/\/appelsenperen.amsterdam\/product\/sehedic-cidre-traditionnel-biologique-75cl\/#primaryimage\"},\"thumbnailUrl\":\"https:\/\/appelsenperen.amsterdam\/wp-content\/uploads\/2021\/11\/FranoisShdicCidreTraditionnel75cl.jpg\",\"datePublished\":\"2017-03-09T16:00:30+00:00\",\"dateModified\":\"2026-03-28T14:27:39+00:00\",\"description\":\"Traditionnel: biologische traditionele cider van S\u00e9h\u00e9dic. Licht sprankelende, grof gefilterde cider gemaakt van de eerst geoogste bitterzoete appels.\",\"breadcrumb\":{\"@id\":\"https:\/\/appelsenperen.amsterdam\/product\/sehedic-cidre-traditionnel-biologique-75cl\/#breadcrumb\"},\"inLanguage\":\"en-GB\",\"potentialAction\":[{\"@type\":\"ReadAction\",\"target\":[\"https:\/\/appelsenperen.amsterdam\/product\/sehedic-cidre-traditionnel-biologique-75cl\/\"]}]},{\"@type\":\"ImageObject\",\"inLanguage\":\"en-GB\",\"@id\":\"https:\/\/appelsenperen.amsterdam\/product\/sehedic-cidre-traditionnel-biologique-75cl\/#primaryimage\",\"url\":\"https:\/\/appelsenperen.amsterdam\/wp-content\/uploads\/2021\/11\/FranoisShdicCidreTraditionnel75cl.jpg\",\"contentUrl\":\"https:\/\/appelsenperen.amsterdam\/wp-content\/uploads\/2021\/11\/FranoisShdicCidreTraditionnel75cl.jpg\",\"width\":498,\"height\":498,\"caption\":\"Fran\u00e7ois S\u00e9h\u00e9dic Cidre Traditionnel 75cl\"},{\"@type\":\"BreadcrumbList\",\"@id\":\"https:\/\/appelsenperen.amsterdam\/product\/sehedic-cidre-traditionnel-biologique-75cl\/#breadcrumb\",\"itemListElement\":[{\"@type\":\"ListItem\",\"position\":1,\"name\":\"Home\",\"item\":\"https:\/\/appelsenperen.amsterdam\/\"},{\"@type\":\"ListItem\",\"position\":2,\"name\":\"Webshop\",\"item\":\"https:\/\/appelsenperen.amsterdam\/webshop\/\"},{\"@type\":\"ListItem\",\"position\":3,\"name\":\"S\u00e9h\u00e9dic Cidre Cuv\u00e9e Kertoban Biologique 5% 75cl\"}]},{\"@type\":\"WebSite\",\"@id\":\"https:\/\/appelsenperen.amsterdam\/#website\",\"url\":\"https:\/\/appelsenperen.amsterdam\/\",\"name\":\"Amsterdamse Ciderwinkel Appels &amp; Peren\",\"description\":\"Everybody loves cider\",\"publisher\":{\"@id\":\"https:\/\/appelsenperen.amsterdam\/#organization\"},\"potentialAction\":[{\"@type\":\"SearchAction\",\"target\":{\"@type\":\"EntryPoint\",\"urlTemplate\":\"https:\/\/appelsenperen.amsterdam\/?s={search_term_string}\"},\"query-input\":{\"@type\":\"PropertyValueSpecification\",\"valueRequired\":true,\"valueName\":\"search_term_string\"}}],\"inLanguage\":\"en-GB\"},{\"@type\":\"Organization\",\"@id\":\"https:\/\/appelsenperen.amsterdam\/#organization\",\"name\":\"Appels en Peren, Ambachtelijke Cider en Poir\u00e9\",\"url\":\"https:\/\/appelsenperen.amsterdam\/\",\"logo\":{\"@type\":\"ImageObject\",\"inLanguage\":\"en-GB\",\"@id\":\"https:\/\/appelsenperen.amsterdam\/#\/schema\/logo\/image\/\",\"url\":\"https:\/\/appelsenperen.amsterdam\/wp-content\/uploads\/2021\/05\/logo-appels-en-peren.jpg\",\"contentUrl\":\"https:\/\/appelsenperen.amsterdam\/wp-content\/uploads\/2021\/05\/logo-appels-en-peren.jpg\",\"width\":677,\"height\":167,\"caption\":\"Appels en Peren, Ambachtelijke Cider en Poir\u00e9\"},\"image\":{\"@id\":\"https:\/\/appelsenperen.amsterdam\/#\/schema\/logo\/image\/\"}}]}<\/script>\n<!-- \/ Yoast SEO plugin. -->","yoast_head_json":{"title":"S\u00e9h\u00e9dic Cidre Cuv\u00e9e Kertoban Biologique 5% 75cl - Amsterdamse Ciderwinkel Appels &amp; Peren","description":"Traditionnel: biologische traditionele cider van S\u00e9h\u00e9dic. Licht sprankelende, grof gefilterde cider gemaakt van de eerst geoogste bitterzoete appels.","robots":{"index":"index","follow":"follow","max-snippet":"max-snippet:-1","max-image-preview":"max-image-preview:large","max-video-preview":"max-video-preview:-1"},"canonical":"https:\/\/appelsenperen.amsterdam\/en\/product\/sehedic-cidre-traditionnel-biologique-75cl\/","og_locale":"en_GB","og_type":"article","og_title":"S\u00e9h\u00e9dic Cidre Cuv\u00e9e Kertoban Biologique 5% 75cl - Amsterdamse Ciderwinkel Appels &amp; Peren","og_description":"Traditionnel: biologische traditionele cider van S\u00e9h\u00e9dic. Licht sprankelende, grof gefilterde cider gemaakt van de eerst geoogste bitterzoete appels.","og_url":"https:\/\/appelsenperen.amsterdam\/en\/product\/sehedic-cidre-traditionnel-biologique-75cl\/","og_site_name":"Amsterdamse Ciderwinkel Appels &amp; Peren","article_modified_time":"2026-03-28T14:27:39+00:00","og_image":[{"width":498,"height":498,"url":"https:\/\/appelsenperen.amsterdam\/wp-content\/uploads\/2021\/11\/FranoisShdicCidreTraditionnel75cl.jpg","type":"image\/jpeg"}],"twitter_card":"summary_large_image","twitter_misc":{"Estimated reading time":"1 minute"},"schema":{"@context":"https:\/\/schema.org","@graph":[{"@type":"WebPage","@id":"https:\/\/appelsenperen.amsterdam\/product\/sehedic-cidre-traditionnel-biologique-75cl\/","url":"https:\/\/appelsenperen.amsterdam\/product\/sehedic-cidre-traditionnel-biologique-75cl\/","name":"S\u00e9h\u00e9dic Cidre Cuv\u00e9e Kertoban Biologique 5% 75cl - Amsterdamse Ciderwinkel Appels &amp; Peren","isPartOf":{"@id":"https:\/\/appelsenperen.amsterdam\/#website"},"primaryImageOfPage":{"@id":"https:\/\/appelsenperen.amsterdam\/product\/sehedic-cidre-traditionnel-biologique-75cl\/#primaryimage"},"image":{"@id":"https:\/\/appelsenperen.amsterdam\/product\/sehedic-cidre-traditionnel-biologique-75cl\/#primaryimage"},"thumbnailUrl":"https:\/\/appelsenperen.amsterdam\/wp-content\/uploads\/2021\/11\/FranoisShdicCidreTraditionnel75cl.jpg","datePublished":"2017-03-09T16:00:30+00:00","dateModified":"2026-03-28T14:27:39+00:00","description":"Traditionnel: biologische traditionele cider van S\u00e9h\u00e9dic. Licht sprankelende, grof gefilterde cider gemaakt van de eerst geoogste bitterzoete appels.","breadcrumb":{"@id":"https:\/\/appelsenperen.amsterdam\/product\/sehedic-cidre-traditionnel-biologique-75cl\/#breadcrumb"},"inLanguage":"en-GB","potentialAction":[{"@type":"ReadAction","target":["https:\/\/appelsenperen.amsterdam\/product\/sehedic-cidre-traditionnel-biologique-75cl\/"]}]},{"@type":"ImageObject","inLanguage":"en-GB","@id":"https:\/\/appelsenperen.amsterdam\/product\/sehedic-cidre-traditionnel-biologique-75cl\/#primaryimage","url":"https:\/\/appelsenperen.amsterdam\/wp-content\/uploads\/2021\/11\/FranoisShdicCidreTraditionnel75cl.jpg","contentUrl":"https:\/\/appelsenperen.amsterdam\/wp-content\/uploads\/2021\/11\/FranoisShdicCidreTraditionnel75cl.jpg","width":498,"height":498,"caption":"Fran\u00e7ois S\u00e9h\u00e9dic Cidre Traditionnel 75cl"},{"@type":"BreadcrumbList","@id":"https:\/\/appelsenperen.amsterdam\/product\/sehedic-cidre-traditionnel-biologique-75cl\/#breadcrumb","itemListElement":[{"@type":"ListItem","position":1,"name":"Home","item":"https:\/\/appelsenperen.amsterdam\/"},{"@type":"ListItem","position":2,"name":"Webshop","item":"https:\/\/appelsenperen.amsterdam\/webshop\/"},{"@type":"ListItem","position":3,"name":"S\u00e9h\u00e9dic Cidre Cuv\u00e9e Kertoban Biologique 5% 75cl"}]},{"@type":"WebSite","@id":"https:\/\/appelsenperen.amsterdam\/#website","url":"https:\/\/appelsenperen.amsterdam\/","name":"Amsterdam Cider Shop Apples &amp; Pears","description":"Everybody loves cider","publisher":{"@id":"https:\/\/appelsenperen.amsterdam\/#organization"},"potentialAction":[{"@type":"SearchAction","target":{"@type":"EntryPoint","urlTemplate":"https:\/\/appelsenperen.amsterdam\/?s={search_term_string}"},"query-input":{"@type":"PropertyValueSpecification","valueRequired":true,"valueName":"search_term_string"}}],"inLanguage":"en-GB"},{"@type":"Organization","@id":"https:\/\/appelsenperen.amsterdam\/#organization","name":"Apples and Pears, Artisanal Cider and Poir\u00e9","url":"https:\/\/appelsenperen.amsterdam\/","logo":{"@type":"ImageObject","inLanguage":"en-GB","@id":"https:\/\/appelsenperen.amsterdam\/#\/schema\/logo\/image\/","url":"https:\/\/appelsenperen.amsterdam\/wp-content\/uploads\/2021\/05\/logo-appels-en-peren.jpg","contentUrl":"https:\/\/appelsenperen.amsterdam\/wp-content\/uploads\/2021\/05\/logo-appels-en-peren.jpg","width":677,"height":167,"caption":"Appels en Peren, Ambachtelijke Cider en Poir\u00e9"},"image":{"@id":"https:\/\/appelsenperen.amsterdam\/#\/schema\/logo\/image\/"}}]}},"_links":{"self":[{"href":"https:\/\/appelsenperen.amsterdam\/en\/wp-json\/wp\/v2\/product\/35159","targetHints":{"allow":["GET"]}}],"collection":[{"href":"https:\/\/appelsenperen.amsterdam\/en\/wp-json\/wp\/v2\/product"}],"about":[{"href":"https:\/\/appelsenperen.amsterdam\/en\/wp-json\/wp\/v2\/types\/product"}],"wp:featuredmedia":[{"embeddable":true,"href":"https:\/\/appelsenperen.amsterdam\/en\/wp-json\/wp\/v2\/media\/35160"}],"wp:attachment":[{"href":"https:\/\/appelsenperen.amsterdam\/en\/wp-json\/wp\/v2\/media?parent=35159"}],"wp:term":[{"taxonomy":"product_brand","embeddable":true,"href":"https:\/\/appelsenperen.amsterdam\/en\/wp-json\/wp\/v2\/product_brand?post=35159"},{"taxonomy":"product_cat","embeddable":true,"href":"https:\/\/appelsenperen.amsterdam\/en\/wp-json\/wp\/v2\/product_cat?post=35159"},{"taxonomy":"product_tag","embeddable":true,"href":"https:\/\/appelsenperen.amsterdam\/en\/wp-json\/wp\/v2\/product_tag?post=35159"}],"curies":[{"name":"wp","href":"https:\/\/api.w.org\/{rel}","templated":true}]}}