{"id":35149,"date":"2017-03-09T16:31:35","date_gmt":"2017-03-09T15:31:35","guid":{"rendered":"https:\/\/2021.appelsenperen.amsterdam\/?product=sehedic-cidre-blanc-darmorique-75cl"},"modified":"2026-03-22T13:05:36","modified_gmt":"2026-03-22T12:05:36","slug":"sehedic-cidre-blanc-darmorique-75cl","status":"publish","type":"product","link":"https:\/\/appelsenperen.amsterdam\/en\/product\/sehedic-cidre-blanc-darmorique-75cl\/","title":{"rendered":"S\u00e9h\u00e9dic Cidre Blanc d&#039;Armorique 2023 5.5% 75cl"},"content":{"rendered":"<p>The Breton family business, S\u00e9h\u00e9dic, has existed since 1950 and is certified organic. S\u00e9h\u00e9dic has almost 20 hectares of orchards in the Fouesnant region. They grow about thirty different types of cider apples in these orchards. The majority of these species originate from the Fouesnant and Cornouaille regions. About 1\/3 of the trees are standard trees, the rest are low-stem.<br \/>\nThe flavors of the apples can be divided into the categories: sweet, sweet\/bitter, bitter and sour. No pesticides are used. The apples are partly picked by hand and further collected with a special machine: the ramasseuse automotrice. S\u00e9h\u00e9dic also combines authentic methods with modern equipment in the production of the cider.<\/p>","protected":false},"excerpt":{"rendered":"<p>Blanc d&#039;Armorique is made from two apple varieties: Guillevic and Avrolles. The result is a fresh, fairly dry organic certified Breton cider.<\/p>","protected":false},"featured_media":35150,"template":"","meta":[],"product_brand":[],"product_cat":[992],"product_tag":[],"class_list":{"0":"post-35149","1":"product","2":"type-product","3":"status-publish","4":"has-post-thumbnail","6":"product_cat-geen-categorie","8":"first","9":"instock","10":"taxable","11":"shipping-taxable","12":"purchasable","13":"product-type-simple"},"yoast_head":"<!-- This site is optimized with the Yoast SEO plugin v27.2 - https:\/\/yoast.com\/product\/yoast-seo-wordpress\/ -->\n<title>S\u00e9h\u00e9dic Cidre Blanc d&#039;Armorique 2023 5.5% 75cl - Amsterdamse Ciderwinkel Appels &amp; Peren<\/title>\n<meta name=\"description\" content=\"S\u00e9h\u00e9dic Cidre Blanc d&#039;Armorique is gemaakt van twee appelsoorten: Guillevic en Avrolles. Het resultaat is een frisse biologische Bretonse cider.\" \/>\n<meta name=\"robots\" content=\"index, follow, max-snippet:-1, max-image-preview:large, max-video-preview:-1\" \/>\n<link rel=\"canonical\" href=\"https:\/\/appelsenperen.amsterdam\/en\/product\/sehedic-cidre-blanc-darmorique-75cl\/\" \/>\n<meta property=\"og:locale\" content=\"en_GB\" \/>\n<meta property=\"og:type\" content=\"article\" \/>\n<meta property=\"og:title\" content=\"S\u00e9h\u00e9dic Cidre Blanc d&#039;Armorique 2023 5.5% 75cl - Amsterdamse Ciderwinkel Appels &amp; Peren\" \/>\n<meta property=\"og:description\" content=\"S\u00e9h\u00e9dic Cidre Blanc d&#039;Armorique is gemaakt van twee appelsoorten: Guillevic en Avrolles. Het resultaat is een frisse biologische Bretonse cider.\" \/>\n<meta property=\"og:url\" content=\"https:\/\/appelsenperen.amsterdam\/en\/product\/sehedic-cidre-blanc-darmorique-75cl\/\" \/>\n<meta property=\"og:site_name\" content=\"Amsterdamse Ciderwinkel Appels &amp; Peren\" \/>\n<meta property=\"article:modified_time\" content=\"2026-03-22T12:05:36+00:00\" \/>\n<meta property=\"og:image\" content=\"https:\/\/appelsenperen.amsterdam\/wp-content\/uploads\/2021\/11\/FranoisShdicCidreBlancDArmorique75cl.jpg\" \/>\n\t<meta property=\"og:image:width\" content=\"499\" \/>\n\t<meta property=\"og:image:height\" content=\"499\" \/>\n\t<meta property=\"og:image:type\" content=\"image\/jpeg\" \/>\n<meta name=\"twitter:card\" content=\"summary_large_image\" \/>\n<meta name=\"twitter:label1\" content=\"Estimated reading time\" \/>\n\t<meta name=\"twitter:data1\" content=\"1 minute\" \/>\n<script type=\"application\/ld+json\" class=\"yoast-schema-graph\">{\"@context\":\"https:\/\/schema.org\",\"@graph\":[{\"@type\":\"WebPage\",\"@id\":\"https:\/\/appelsenperen.amsterdam\/product\/sehedic-cidre-blanc-darmorique-75cl\/\",\"url\":\"https:\/\/appelsenperen.amsterdam\/product\/sehedic-cidre-blanc-darmorique-75cl\/\",\"name\":\"S\u00e9h\u00e9dic Cidre Blanc d'Armorique 2023 5.5% 75cl - Amsterdamse Ciderwinkel Appels &amp; Peren\",\"isPartOf\":{\"@id\":\"https:\/\/appelsenperen.amsterdam\/#website\"},\"primaryImageOfPage\":{\"@id\":\"https:\/\/appelsenperen.amsterdam\/product\/sehedic-cidre-blanc-darmorique-75cl\/#primaryimage\"},\"image\":{\"@id\":\"https:\/\/appelsenperen.amsterdam\/product\/sehedic-cidre-blanc-darmorique-75cl\/#primaryimage\"},\"thumbnailUrl\":\"https:\/\/appelsenperen.amsterdam\/wp-content\/uploads\/2021\/11\/FranoisShdicCidreBlancDArmorique75cl.jpg\",\"datePublished\":\"2017-03-09T15:31:35+00:00\",\"dateModified\":\"2026-03-22T12:05:36+00:00\",\"description\":\"S\u00e9h\u00e9dic Cidre Blanc d'Armorique is gemaakt van twee appelsoorten: Guillevic en Avrolles. Het resultaat is een frisse biologische Bretonse cider.\",\"breadcrumb\":{\"@id\":\"https:\/\/appelsenperen.amsterdam\/product\/sehedic-cidre-blanc-darmorique-75cl\/#breadcrumb\"},\"inLanguage\":\"en-GB\",\"potentialAction\":[{\"@type\":\"ReadAction\",\"target\":[\"https:\/\/appelsenperen.amsterdam\/product\/sehedic-cidre-blanc-darmorique-75cl\/\"]}]},{\"@type\":\"ImageObject\",\"inLanguage\":\"en-GB\",\"@id\":\"https:\/\/appelsenperen.amsterdam\/product\/sehedic-cidre-blanc-darmorique-75cl\/#primaryimage\",\"url\":\"https:\/\/appelsenperen.amsterdam\/wp-content\/uploads\/2021\/11\/FranoisShdicCidreBlancDArmorique75cl.jpg\",\"contentUrl\":\"https:\/\/appelsenperen.amsterdam\/wp-content\/uploads\/2021\/11\/FranoisShdicCidreBlancDArmorique75cl.jpg\",\"width\":499,\"height\":499,\"caption\":\"Fran\u00e7ois S\u00e9h\u00e9dic Cidre Blanc D'Armorique 75cl\"},{\"@type\":\"BreadcrumbList\",\"@id\":\"https:\/\/appelsenperen.amsterdam\/product\/sehedic-cidre-blanc-darmorique-75cl\/#breadcrumb\",\"itemListElement\":[{\"@type\":\"ListItem\",\"position\":1,\"name\":\"Home\",\"item\":\"https:\/\/appelsenperen.amsterdam\/\"},{\"@type\":\"ListItem\",\"position\":2,\"name\":\"Webshop\",\"item\":\"https:\/\/appelsenperen.amsterdam\/webshop\/\"},{\"@type\":\"ListItem\",\"position\":3,\"name\":\"S\u00e9h\u00e9dic Cidre Blanc d&#8217;Armorique 2023 5.5% 75cl\"}]},{\"@type\":\"WebSite\",\"@id\":\"https:\/\/appelsenperen.amsterdam\/#website\",\"url\":\"https:\/\/appelsenperen.amsterdam\/\",\"name\":\"Amsterdamse Ciderwinkel Appels &amp; Peren\",\"description\":\"Everybody loves cider\",\"publisher\":{\"@id\":\"https:\/\/appelsenperen.amsterdam\/#organization\"},\"potentialAction\":[{\"@type\":\"SearchAction\",\"target\":{\"@type\":\"EntryPoint\",\"urlTemplate\":\"https:\/\/appelsenperen.amsterdam\/?s={search_term_string}\"},\"query-input\":{\"@type\":\"PropertyValueSpecification\",\"valueRequired\":true,\"valueName\":\"search_term_string\"}}],\"inLanguage\":\"en-GB\"},{\"@type\":\"Organization\",\"@id\":\"https:\/\/appelsenperen.amsterdam\/#organization\",\"name\":\"Appels en Peren, Ambachtelijke Cider en Poir\u00e9\",\"url\":\"https:\/\/appelsenperen.amsterdam\/\",\"logo\":{\"@type\":\"ImageObject\",\"inLanguage\":\"en-GB\",\"@id\":\"https:\/\/appelsenperen.amsterdam\/#\/schema\/logo\/image\/\",\"url\":\"https:\/\/appelsenperen.amsterdam\/wp-content\/uploads\/2021\/05\/logo-appels-en-peren.jpg\",\"contentUrl\":\"https:\/\/appelsenperen.amsterdam\/wp-content\/uploads\/2021\/05\/logo-appels-en-peren.jpg\",\"width\":677,\"height\":167,\"caption\":\"Appels en Peren, Ambachtelijke Cider en Poir\u00e9\"},\"image\":{\"@id\":\"https:\/\/appelsenperen.amsterdam\/#\/schema\/logo\/image\/\"}}]}<\/script>\n<!-- \/ Yoast SEO plugin. -->","yoast_head_json":{"title":"S\u00e9h\u00e9dic Cidre Blanc d'Armorique 2023 5.5% 75cl - Amsterdamse Ciderwinkel Appels &amp; Peren","description":"S\u00e9h\u00e9dic Cidre Blanc d'Armorique is gemaakt van twee appelsoorten: Guillevic en Avrolles. Het resultaat is een frisse biologische Bretonse cider.","robots":{"index":"index","follow":"follow","max-snippet":"max-snippet:-1","max-image-preview":"max-image-preview:large","max-video-preview":"max-video-preview:-1"},"canonical":"https:\/\/appelsenperen.amsterdam\/en\/product\/sehedic-cidre-blanc-darmorique-75cl\/","og_locale":"en_GB","og_type":"article","og_title":"S\u00e9h\u00e9dic Cidre Blanc d'Armorique 2023 5.5% 75cl - Amsterdamse Ciderwinkel Appels &amp; Peren","og_description":"S\u00e9h\u00e9dic Cidre Blanc d'Armorique is gemaakt van twee appelsoorten: Guillevic en Avrolles. Het resultaat is een frisse biologische Bretonse cider.","og_url":"https:\/\/appelsenperen.amsterdam\/en\/product\/sehedic-cidre-blanc-darmorique-75cl\/","og_site_name":"Amsterdamse Ciderwinkel Appels &amp; Peren","article_modified_time":"2026-03-22T12:05:36+00:00","og_image":[{"width":499,"height":499,"url":"https:\/\/appelsenperen.amsterdam\/wp-content\/uploads\/2021\/11\/FranoisShdicCidreBlancDArmorique75cl.jpg","type":"image\/jpeg"}],"twitter_card":"summary_large_image","twitter_misc":{"Estimated reading time":"1 minute"},"schema":{"@context":"https:\/\/schema.org","@graph":[{"@type":"WebPage","@id":"https:\/\/appelsenperen.amsterdam\/product\/sehedic-cidre-blanc-darmorique-75cl\/","url":"https:\/\/appelsenperen.amsterdam\/product\/sehedic-cidre-blanc-darmorique-75cl\/","name":"S\u00e9h\u00e9dic Cidre Blanc d'Armorique 2023 5.5% 75cl - Amsterdamse Ciderwinkel Appels &amp; Peren","isPartOf":{"@id":"https:\/\/appelsenperen.amsterdam\/#website"},"primaryImageOfPage":{"@id":"https:\/\/appelsenperen.amsterdam\/product\/sehedic-cidre-blanc-darmorique-75cl\/#primaryimage"},"image":{"@id":"https:\/\/appelsenperen.amsterdam\/product\/sehedic-cidre-blanc-darmorique-75cl\/#primaryimage"},"thumbnailUrl":"https:\/\/appelsenperen.amsterdam\/wp-content\/uploads\/2021\/11\/FranoisShdicCidreBlancDArmorique75cl.jpg","datePublished":"2017-03-09T15:31:35+00:00","dateModified":"2026-03-22T12:05:36+00:00","description":"S\u00e9h\u00e9dic Cidre Blanc d'Armorique is gemaakt van twee appelsoorten: Guillevic en Avrolles. Het resultaat is een frisse biologische Bretonse cider.","breadcrumb":{"@id":"https:\/\/appelsenperen.amsterdam\/product\/sehedic-cidre-blanc-darmorique-75cl\/#breadcrumb"},"inLanguage":"en-GB","potentialAction":[{"@type":"ReadAction","target":["https:\/\/appelsenperen.amsterdam\/product\/sehedic-cidre-blanc-darmorique-75cl\/"]}]},{"@type":"ImageObject","inLanguage":"en-GB","@id":"https:\/\/appelsenperen.amsterdam\/product\/sehedic-cidre-blanc-darmorique-75cl\/#primaryimage","url":"https:\/\/appelsenperen.amsterdam\/wp-content\/uploads\/2021\/11\/FranoisShdicCidreBlancDArmorique75cl.jpg","contentUrl":"https:\/\/appelsenperen.amsterdam\/wp-content\/uploads\/2021\/11\/FranoisShdicCidreBlancDArmorique75cl.jpg","width":499,"height":499,"caption":"Fran\u00e7ois S\u00e9h\u00e9dic Cidre Blanc D'Armorique 75cl"},{"@type":"BreadcrumbList","@id":"https:\/\/appelsenperen.amsterdam\/product\/sehedic-cidre-blanc-darmorique-75cl\/#breadcrumb","itemListElement":[{"@type":"ListItem","position":1,"name":"Home","item":"https:\/\/appelsenperen.amsterdam\/"},{"@type":"ListItem","position":2,"name":"Webshop","item":"https:\/\/appelsenperen.amsterdam\/webshop\/"},{"@type":"ListItem","position":3,"name":"S\u00e9h\u00e9dic Cidre Blanc d&#8217;Armorique 2023 5.5% 75cl"}]},{"@type":"WebSite","@id":"https:\/\/appelsenperen.amsterdam\/#website","url":"https:\/\/appelsenperen.amsterdam\/","name":"Amsterdam Cider Shop Apples &amp; Pears","description":"Everybody loves cider","publisher":{"@id":"https:\/\/appelsenperen.amsterdam\/#organization"},"potentialAction":[{"@type":"SearchAction","target":{"@type":"EntryPoint","urlTemplate":"https:\/\/appelsenperen.amsterdam\/?s={search_term_string}"},"query-input":{"@type":"PropertyValueSpecification","valueRequired":true,"valueName":"search_term_string"}}],"inLanguage":"en-GB"},{"@type":"Organization","@id":"https:\/\/appelsenperen.amsterdam\/#organization","name":"Apples and Pears, Artisanal Cider and Poir\u00e9","url":"https:\/\/appelsenperen.amsterdam\/","logo":{"@type":"ImageObject","inLanguage":"en-GB","@id":"https:\/\/appelsenperen.amsterdam\/#\/schema\/logo\/image\/","url":"https:\/\/appelsenperen.amsterdam\/wp-content\/uploads\/2021\/05\/logo-appels-en-peren.jpg","contentUrl":"https:\/\/appelsenperen.amsterdam\/wp-content\/uploads\/2021\/05\/logo-appels-en-peren.jpg","width":677,"height":167,"caption":"Appels en Peren, Ambachtelijke Cider en Poir\u00e9"},"image":{"@id":"https:\/\/appelsenperen.amsterdam\/#\/schema\/logo\/image\/"}}]}},"_links":{"self":[{"href":"https:\/\/appelsenperen.amsterdam\/en\/wp-json\/wp\/v2\/product\/35149","targetHints":{"allow":["GET"]}}],"collection":[{"href":"https:\/\/appelsenperen.amsterdam\/en\/wp-json\/wp\/v2\/product"}],"about":[{"href":"https:\/\/appelsenperen.amsterdam\/en\/wp-json\/wp\/v2\/types\/product"}],"wp:featuredmedia":[{"embeddable":true,"href":"https:\/\/appelsenperen.amsterdam\/en\/wp-json\/wp\/v2\/media\/35150"}],"wp:attachment":[{"href":"https:\/\/appelsenperen.amsterdam\/en\/wp-json\/wp\/v2\/media?parent=35149"}],"wp:term":[{"taxonomy":"product_brand","embeddable":true,"href":"https:\/\/appelsenperen.amsterdam\/en\/wp-json\/wp\/v2\/product_brand?post=35149"},{"taxonomy":"product_cat","embeddable":true,"href":"https:\/\/appelsenperen.amsterdam\/en\/wp-json\/wp\/v2\/product_cat?post=35149"},{"taxonomy":"product_tag","embeddable":true,"href":"https:\/\/appelsenperen.amsterdam\/en\/wp-json\/wp\/v2\/product_tag?post=35149"}],"curies":[{"name":"wp","href":"https:\/\/api.w.org\/{rel}","templated":true}]}}