{"id":4868,"date":"2018-09-29T16:51:34","date_gmt":"2018-09-29T14:51:34","guid":{"rendered":"https:\/\/appelsenperen.amsterdam\/?page_id=4868"},"modified":"2021-11-11T13:21:15","modified_gmt":"2021-11-11T12:21:15","slug":"glutenvrij-en-biologisch","status":"publish","type":"page","link":"https:\/\/appelsenperen.amsterdam\/en\/informatie\/glutenvrij-en-biologisch\/","title":{"rendered":"Gluten-free and organic"},"content":{"rendered":"\t\t<div data-elementor-type=\"wp-page\" data-elementor-id=\"4868\" class=\"elementor elementor-4868\" data-elementor-post-type=\"page\">\n\t\t\t\t\t\t<section class=\"elementor-section elementor-top-section elementor-element elementor-element-f65e776 elementor-section-full_width elementor-section-height-default elementor-section-height-default\" data-id=\"f65e776\" data-element_type=\"section\" data-e-type=\"section\" data-settings=\"{&quot;jet_parallax_layout_list&quot;:[{&quot;jet_parallax_layout_image&quot;:{&quot;url&quot;:&quot;&quot;,&quot;id&quot;:&quot;&quot;,&quot;size&quot;:&quot;&quot;},&quot;_id&quot;:&quot;e15a01f&quot;,&quot;jet_parallax_layout_image_tablet&quot;:{&quot;url&quot;:&quot;&quot;,&quot;id&quot;:&quot;&quot;,&quot;size&quot;:&quot;&quot;},&quot;jet_parallax_layout_image_mobile&quot;:{&quot;url&quot;:&quot;&quot;,&quot;id&quot;:&quot;&quot;,&quot;size&quot;:&quot;&quot;},&quot;jet_parallax_layout_speed&quot;:{&quot;unit&quot;:&quot;%&quot;,&quot;size&quot;:50,&quot;sizes&quot;:[]},&quot;jet_parallax_layout_type&quot;:&quot;scroll&quot;,&quot;jet_parallax_layout_direction&quot;:&quot;1&quot;,&quot;jet_parallax_layout_fx_direction&quot;:null,&quot;jet_parallax_layout_z_index&quot;:&quot;&quot;,&quot;jet_parallax_layout_bg_x&quot;:50,&quot;jet_parallax_layout_bg_x_tablet&quot;:&quot;&quot;,&quot;jet_parallax_layout_bg_x_mobile&quot;:&quot;&quot;,&quot;jet_parallax_layout_bg_y&quot;:50,&quot;jet_parallax_layout_bg_y_tablet&quot;:&quot;&quot;,&quot;jet_parallax_layout_bg_y_mobile&quot;:&quot;&quot;,&quot;jet_parallax_layout_bg_size&quot;:&quot;auto&quot;,&quot;jet_parallax_layout_bg_size_tablet&quot;:&quot;&quot;,&quot;jet_parallax_layout_bg_size_mobile&quot;:&quot;&quot;,&quot;jet_parallax_layout_animation_prop&quot;:&quot;transform&quot;,&quot;jet_parallax_layout_on&quot;:[&quot;desktop&quot;,&quot;tablet&quot;]}]}\">\n\t\t\t\t\t\t<div class=\"elementor-container elementor-column-gap-default\">\n\t\t\t\t\t<div class=\"elementor-column elementor-col-100 elementor-top-column elementor-element elementor-element-5d9d4ca8\" data-id=\"5d9d4ca8\" data-element_type=\"column\" data-e-type=\"column\">\n\t\t\t<div class=\"elementor-widget-wrap elementor-element-populated\">\n\t\t\t\t\t\t<section class=\"elementor-section elementor-inner-section elementor-element elementor-element-86e6bc4 elementor-section-full_width elementor-section-height-default elementor-section-height-default\" data-id=\"86e6bc4\" data-element_type=\"section\" data-e-type=\"section\" data-settings=\"{&quot;jet_parallax_layout_list&quot;:[{&quot;jet_parallax_layout_image&quot;:{&quot;url&quot;:&quot;&quot;,&quot;id&quot;:&quot;&quot;,&quot;size&quot;:&quot;&quot;},&quot;_id&quot;:&quot;fe043e0&quot;,&quot;jet_parallax_layout_image_tablet&quot;:{&quot;url&quot;:&quot;&quot;,&quot;id&quot;:&quot;&quot;,&quot;size&quot;:&quot;&quot;},&quot;jet_parallax_layout_image_mobile&quot;:{&quot;url&quot;:&quot;&quot;,&quot;id&quot;:&quot;&quot;,&quot;size&quot;:&quot;&quot;},&quot;jet_parallax_layout_speed&quot;:{&quot;unit&quot;:&quot;%&quot;,&quot;size&quot;:50,&quot;sizes&quot;:[]},&quot;jet_parallax_layout_type&quot;:&quot;scroll&quot;,&quot;jet_parallax_layout_direction&quot;:&quot;1&quot;,&quot;jet_parallax_layout_fx_direction&quot;:null,&quot;jet_parallax_layout_z_index&quot;:&quot;&quot;,&quot;jet_parallax_layout_bg_x&quot;:50,&quot;jet_parallax_layout_bg_x_tablet&quot;:&quot;&quot;,&quot;jet_parallax_layout_bg_x_mobile&quot;:&quot;&quot;,&quot;jet_parallax_layout_bg_y&quot;:50,&quot;jet_parallax_layout_bg_y_tablet&quot;:&quot;&quot;,&quot;jet_parallax_layout_bg_y_mobile&quot;:&quot;&quot;,&quot;jet_parallax_layout_bg_size&quot;:&quot;auto&quot;,&quot;jet_parallax_layout_bg_size_tablet&quot;:&quot;&quot;,&quot;jet_parallax_layout_bg_size_mobile&quot;:&quot;&quot;,&quot;jet_parallax_layout_animation_prop&quot;:&quot;transform&quot;,&quot;jet_parallax_layout_on&quot;:[&quot;desktop&quot;,&quot;tablet&quot;]}]}\">\n\t\t\t\t\t\t<div class=\"elementor-container elementor-column-gap-default\">\n\t\t\t\t\t<div class=\"elementor-column elementor-col-50 elementor-inner-column elementor-element elementor-element-b43d579\" data-id=\"b43d579\" data-element_type=\"column\" data-e-type=\"column\">\n\t\t\t<div class=\"elementor-widget-wrap elementor-element-populated\">\n\t\t\t\t\t\t<div class=\"elementor-element elementor-element-be8be8b elementor-widget elementor-widget-image\" data-id=\"be8be8b\" data-element_type=\"widget\" data-e-type=\"widget\" data-widget_type=\"image.default\">\n\t\t\t\t<div class=\"elementor-widget-container\">\n\t\t\t\t\t\t\t\t\t\t\t\t\t\t\t<img fetchpriority=\"high\" decoding=\"async\" width=\"350\" height=\"339\" src=\"https:\/\/appelsenperen.amsterdam\/wp-content\/uploads\/2018\/09\/Glutenfree.jpg\" class=\"attachment-large size-large wp-image-4871\" alt=\"Glutenvrij cider\" srcset=\"https:\/\/appelsenperen.amsterdam\/wp-content\/uploads\/2018\/09\/Glutenfree.jpg 350w, https:\/\/appelsenperen.amsterdam\/wp-content\/uploads\/2018\/09\/Glutenfree-300x291.jpg 300w, https:\/\/appelsenperen.amsterdam\/wp-content\/uploads\/2018\/09\/Glutenfree-151x146.jpg 151w, https:\/\/appelsenperen.amsterdam\/wp-content\/uploads\/2018\/09\/Glutenfree-50x48.jpg 50w, https:\/\/appelsenperen.amsterdam\/wp-content\/uploads\/2018\/09\/Glutenfree-77x75.jpg 77w\" sizes=\"(max-width: 350px) 100vw, 350px\" \/>\t\t\t\t\t\t\t\t\t\t\t\t\t\t\t<\/div>\n\t\t\t\t<\/div>\n\t\t\t\t\t<\/div>\n\t\t<\/div>\n\t\t\t\t<div class=\"elementor-column elementor-col-50 elementor-inner-column elementor-element elementor-element-07f3369\" data-id=\"07f3369\" data-element_type=\"column\" data-e-type=\"column\">\n\t\t\t<div class=\"elementor-widget-wrap elementor-element-populated\">\n\t\t\t\t\t\t<div class=\"elementor-element elementor-element-238e84b elementor-widget elementor-widget-heading\" data-id=\"238e84b\" data-element_type=\"widget\" data-e-type=\"widget\" data-widget_type=\"heading.default\">\n\t\t\t\t<div class=\"elementor-widget-container\">\n\t\t\t\t\t<h2 class=\"elementor-heading-title elementor-size-default\">Cider is glutenvrij<\/h2>\t\t\t\t<\/div>\n\t\t\t\t<\/div>\n\t\t\t\t<div class=\"elementor-element elementor-element-9ac33a0 elementor-widget elementor-widget-text-editor\" data-id=\"9ac33a0\" data-element_type=\"widget\" data-e-type=\"widget\" data-widget_type=\"text-editor.default\">\n\t\t\t\t<div class=\"elementor-widget-container\">\n\t\t\t\t\t\t\t\t\t<p>Wanneer je gluten in je dieet vermijdt, word je al snel beperkt in het aanbod. Dat geldt ook voor alcoholische dranken. Veel mensen die glutenvrij eten kunnen vaak alleen uit wijn (of sterke drank) kiezen. Maar soms wil je gewoon even wat anders. Gelukkig zijn er nog andere alternatieven: cider!<\/p><p>Cider is van nature glutenvrij omdat het van puur appelsap wordt gemaakt. Daarnaast is het alcoholpercentage van cider ook veel lager dan dat van wijn, dus het is lichter en bevat het minder calorie\u00ebn. Cider is net zo gevarieerd als wijn: van zeer droog tot fris zoet en verfijnd tot stevig en robuust. Het kan zowel als aperitief als bij het eten worden geschonken.<br \/>Een perfect drankje dus voor het glutenvrije dieet!<\/p>\t\t\t\t\t\t\t\t<\/div>\n\t\t\t\t<\/div>\n\t\t\t\t\t<\/div>\n\t\t<\/div>\n\t\t\t\t\t<\/div>\n\t\t<\/section>\n\t\t\t\t<section class=\"elementor-section elementor-inner-section elementor-element elementor-element-eea8b1e elementor-section-full_width elementor-section-height-default elementor-section-height-default\" data-id=\"eea8b1e\" data-element_type=\"section\" data-e-type=\"section\" data-settings=\"{&quot;jet_parallax_layout_list&quot;:[{&quot;jet_parallax_layout_image&quot;:{&quot;url&quot;:&quot;&quot;,&quot;id&quot;:&quot;&quot;,&quot;size&quot;:&quot;&quot;},&quot;_id&quot;:&quot;a743710&quot;,&quot;jet_parallax_layout_image_tablet&quot;:{&quot;url&quot;:&quot;&quot;,&quot;id&quot;:&quot;&quot;,&quot;size&quot;:&quot;&quot;},&quot;jet_parallax_layout_image_mobile&quot;:{&quot;url&quot;:&quot;&quot;,&quot;id&quot;:&quot;&quot;,&quot;size&quot;:&quot;&quot;},&quot;jet_parallax_layout_speed&quot;:{&quot;unit&quot;:&quot;%&quot;,&quot;size&quot;:50,&quot;sizes&quot;:[]},&quot;jet_parallax_layout_type&quot;:&quot;scroll&quot;,&quot;jet_parallax_layout_direction&quot;:&quot;1&quot;,&quot;jet_parallax_layout_fx_direction&quot;:null,&quot;jet_parallax_layout_z_index&quot;:&quot;&quot;,&quot;jet_parallax_layout_bg_x&quot;:50,&quot;jet_parallax_layout_bg_x_tablet&quot;:&quot;&quot;,&quot;jet_parallax_layout_bg_x_mobile&quot;:&quot;&quot;,&quot;jet_parallax_layout_bg_y&quot;:50,&quot;jet_parallax_layout_bg_y_tablet&quot;:&quot;&quot;,&quot;jet_parallax_layout_bg_y_mobile&quot;:&quot;&quot;,&quot;jet_parallax_layout_bg_size&quot;:&quot;auto&quot;,&quot;jet_parallax_layout_bg_size_tablet&quot;:&quot;&quot;,&quot;jet_parallax_layout_bg_size_mobile&quot;:&quot;&quot;,&quot;jet_parallax_layout_animation_prop&quot;:&quot;transform&quot;,&quot;jet_parallax_layout_on&quot;:[&quot;desktop&quot;,&quot;tablet&quot;]}]}\">\n\t\t\t\t\t\t<div class=\"elementor-container elementor-column-gap-default\">\n\t\t\t\t\t<div class=\"elementor-column elementor-col-50 elementor-inner-column elementor-element elementor-element-b37509f\" data-id=\"b37509f\" data-element_type=\"column\" data-e-type=\"column\">\n\t\t\t<div class=\"elementor-widget-wrap elementor-element-populated\">\n\t\t\t\t\t\t<div class=\"elementor-element elementor-element-d1df6b5 elementor-widget elementor-widget-heading\" data-id=\"d1df6b5\" data-element_type=\"widget\" data-e-type=\"widget\" data-widget_type=\"heading.default\">\n\t\t\t\t<div class=\"elementor-widget-container\">\n\t\t\t\t\t<h2 class=\"elementor-heading-title elementor-size-default\">Biologische cider<\/h2>\t\t\t\t<\/div>\n\t\t\t\t<\/div>\n\t\t\t\t<div class=\"elementor-element elementor-element-a26a636 elementor-widget elementor-widget-text-editor\" data-id=\"a26a636\" data-element_type=\"widget\" data-e-type=\"widget\" data-widget_type=\"text-editor.default\">\n\t\t\t\t<div class=\"elementor-widget-container\">\n\t\t\t\t\t\t\t\t\t<p>Tegenwoordig wordt steeds meer aandacht besteed aan de herkomst van ons voedsel en de manier waarop dit wordt geproduceerd. Ook wij vinden dit belangrijk en daarom hebben wij een ruim assortiment aan biologische cider, zoals Fran\u00e7ois S\u00e9h\u00e9dic, Ferme des Landes, Ferme de la Poulardi\u00e8re en Dunkertons. Wij geven de voorkeur aan producenten die op kleinere schaal produceren en kijken naar de impact die zij hebben om hun directe leefomgeving en de natuur.<\/p><p>Biologische cider wordt gemaakt van onbespoten appels die vaak uit eigen boomgaard of de lokale omgeving komen. Dat is niet alleen beter voor het milieu en voor onszelf, maar ook voor de smaak van de appel. Biologisch geteelde gewassen hebben namelijk meer smaak omdat ze minder water bevatten waardoor de smaak zich concentreert. Onze biologische ciders zijn te herkennen aan het Europees biologische keurmerk met het groene blaadje.<br \/>En goed om te weten: niet-gecertificeerde ciders die Appels &amp; Peren verkoopt komen vaak van kleine ciderboeren die minstens zo biologisch produceren als de gecertificeerde ciderproducenten.<\/p>\t\t\t\t\t\t\t\t<\/div>\n\t\t\t\t<\/div>\n\t\t\t\t\t<\/div>\n\t\t<\/div>\n\t\t\t\t<div class=\"elementor-column elementor-col-50 elementor-inner-column elementor-element elementor-element-b930255\" data-id=\"b930255\" data-element_type=\"column\" data-e-type=\"column\">\n\t\t\t<div class=\"elementor-widget-wrap elementor-element-populated\">\n\t\t\t\t\t\t<div class=\"elementor-element elementor-element-1d6443b elementor-widget elementor-widget-image\" data-id=\"1d6443b\" data-element_type=\"widget\" data-e-type=\"widget\" data-widget_type=\"image.default\">\n\t\t\t\t<div class=\"elementor-widget-container\">\n\t\t\t\t\t\t\t\t\t\t\t\t\t\t\t<img decoding=\"async\" width=\"500\" height=\"260\" src=\"https:\/\/appelsenperen.amsterdam\/wp-content\/uploads\/2018\/09\/Biologisch-gecertificeerd-logo-France.png\" class=\"attachment-large size-large wp-image-4870\" alt=\"Biologisch gecertificeerd logo France\" srcset=\"https:\/\/appelsenperen.amsterdam\/wp-content\/uploads\/2018\/09\/Biologisch-gecertificeerd-logo-France.png 500w, https:\/\/appelsenperen.amsterdam\/wp-content\/uploads\/2018\/09\/Biologisch-gecertificeerd-logo-France-300x156.png 300w, https:\/\/appelsenperen.amsterdam\/wp-content\/uploads\/2018\/09\/Biologisch-gecertificeerd-logo-France-260x135.png 260w, https:\/\/appelsenperen.amsterdam\/wp-content\/uploads\/2018\/09\/Biologisch-gecertificeerd-logo-France-50x26.png 50w, https:\/\/appelsenperen.amsterdam\/wp-content\/uploads\/2018\/09\/Biologisch-gecertificeerd-logo-France-144x75.png 144w\" sizes=\"(max-width: 500px) 100vw, 500px\" \/>\t\t\t\t\t\t\t\t\t\t\t\t\t\t\t<\/div>\n\t\t\t\t<\/div>\n\t\t\t\t\t<\/div>\n\t\t<\/div>\n\t\t\t\t\t<\/div>\n\t\t<\/section>\n\t\t\t\t\t<\/div>\n\t\t<\/div>\n\t\t\t\t\t<\/div>\n\t\t<\/section>\n\t\t\t\t<\/div>\n\t\t","protected":false},"excerpt":{"rendered":"<p>Cider is glutenvrij Wanneer je gluten in je dieet vermijdt, word je al snel beperkt in het aanbod. Dat geldt ook voor alcoholische dranken. Veel mensen die glutenvrij eten kunnen vaak alleen uit wijn (of sterke drank) kiezen. Maar soms wil je gewoon even wat anders. Gelukkig zijn er nog andere alternatieven: cider! Cider is [&hellip;]<\/p>\n","protected":false},"author":5,"featured_media":0,"parent":25870,"menu_order":3,"comment_status":"closed","ping_status":"closed","template":"","meta":{"footnotes":""},"class_list":["post-4868","page","type-page","status-publish","hentry"],"yoast_head":"<!-- This site is optimized with the Yoast SEO plugin v27.2 - https:\/\/yoast.com\/product\/yoast-seo-wordpress\/ -->\n<title>Glutenvrij en biologisch - Amsterdamse Ciderwinkel Appels &amp; Peren<\/title>\n<meta name=\"description\" content=\"Cider is altijd glutenvrij. Niet alle ciders zijn biologisch gecertificeerd, maar worden vaak wel biologisch of biologisch dynamisch geproduceerd.\" \/>\n<meta name=\"robots\" content=\"index, follow, max-snippet:-1, max-image-preview:large, max-video-preview:-1\" \/>\n<link rel=\"canonical\" href=\"https:\/\/appelsenperen.amsterdam\/en\/informatie\/glutenvrij-en-biologisch\/\" \/>\n<meta property=\"og:locale\" content=\"en_GB\" \/>\n<meta property=\"og:type\" content=\"article\" \/>\n<meta property=\"og:title\" content=\"Glutenvrij en biologisch - Amsterdamse Ciderwinkel Appels &amp; Peren\" \/>\n<meta property=\"og:description\" content=\"Cider is altijd glutenvrij. Niet alle ciders zijn biologisch gecertificeerd, maar worden vaak wel biologisch of biologisch dynamisch geproduceerd.\" \/>\n<meta property=\"og:url\" content=\"https:\/\/appelsenperen.amsterdam\/en\/informatie\/glutenvrij-en-biologisch\/\" \/>\n<meta property=\"og:site_name\" content=\"Amsterdamse Ciderwinkel Appels &amp; Peren\" \/>\n<meta property=\"article:modified_time\" content=\"2021-11-11T12:21:15+00:00\" \/>\n<meta property=\"og:image\" content=\"https:\/\/appelsenperen.amsterdam\/wp-content\/uploads\/2018\/09\/Glutenfree.jpg\" \/>\n<meta name=\"twitter:card\" content=\"summary_large_image\" \/>\n<meta name=\"twitter:label1\" content=\"Estimated reading time\" \/>\n\t<meta name=\"twitter:data1\" content=\"2 minutes\" \/>\n<script type=\"application\/ld+json\" class=\"yoast-schema-graph\">{\"@context\":\"https:\/\/schema.org\",\"@graph\":[{\"@type\":\"WebPage\",\"@id\":\"https:\/\/appelsenperen.amsterdam\/informatie\/glutenvrij-en-biologisch\/\",\"url\":\"https:\/\/appelsenperen.amsterdam\/informatie\/glutenvrij-en-biologisch\/\",\"name\":\"Glutenvrij en biologisch - Amsterdamse Ciderwinkel Appels &amp; Peren\",\"isPartOf\":{\"@id\":\"https:\/\/appelsenperen.amsterdam\/#website\"},\"primaryImageOfPage\":{\"@id\":\"https:\/\/appelsenperen.amsterdam\/informatie\/glutenvrij-en-biologisch\/#primaryimage\"},\"image\":{\"@id\":\"https:\/\/appelsenperen.amsterdam\/informatie\/glutenvrij-en-biologisch\/#primaryimage\"},\"thumbnailUrl\":\"https:\/\/appelsenperen.amsterdam\/wp-content\/uploads\/2018\/09\/Glutenfree.jpg\",\"datePublished\":\"2018-09-29T14:51:34+00:00\",\"dateModified\":\"2021-11-11T12:21:15+00:00\",\"description\":\"Cider is altijd glutenvrij. Niet alle ciders zijn biologisch gecertificeerd, maar worden vaak wel biologisch of biologisch dynamisch geproduceerd.\",\"breadcrumb\":{\"@id\":\"https:\/\/appelsenperen.amsterdam\/informatie\/glutenvrij-en-biologisch\/#breadcrumb\"},\"inLanguage\":\"en-GB\",\"potentialAction\":[{\"@type\":\"ReadAction\",\"target\":[\"https:\/\/appelsenperen.amsterdam\/informatie\/glutenvrij-en-biologisch\/\"]}]},{\"@type\":\"ImageObject\",\"inLanguage\":\"en-GB\",\"@id\":\"https:\/\/appelsenperen.amsterdam\/informatie\/glutenvrij-en-biologisch\/#primaryimage\",\"url\":\"https:\/\/appelsenperen.amsterdam\/wp-content\/uploads\/2018\/09\/Glutenfree.jpg\",\"contentUrl\":\"https:\/\/appelsenperen.amsterdam\/wp-content\/uploads\/2018\/09\/Glutenfree.jpg\"},{\"@type\":\"BreadcrumbList\",\"@id\":\"https:\/\/appelsenperen.amsterdam\/informatie\/glutenvrij-en-biologisch\/#breadcrumb\",\"itemListElement\":[{\"@type\":\"ListItem\",\"position\":1,\"name\":\"Home\",\"item\":\"https:\/\/appelsenperen.amsterdam\/\"},{\"@type\":\"ListItem\",\"position\":2,\"name\":\"Informatie\",\"item\":\"https:\/\/appelsenperen.amsterdam\/informatie\/\"},{\"@type\":\"ListItem\",\"position\":3,\"name\":\"Glutenvrij en biologisch\"}]},{\"@type\":\"WebSite\",\"@id\":\"https:\/\/appelsenperen.amsterdam\/#website\",\"url\":\"https:\/\/appelsenperen.amsterdam\/\",\"name\":\"Amsterdamse Ciderwinkel Appels &amp; Peren\",\"description\":\"Everybody loves cider\",\"publisher\":{\"@id\":\"https:\/\/appelsenperen.amsterdam\/#organization\"},\"potentialAction\":[{\"@type\":\"SearchAction\",\"target\":{\"@type\":\"EntryPoint\",\"urlTemplate\":\"https:\/\/appelsenperen.amsterdam\/?s={search_term_string}\"},\"query-input\":{\"@type\":\"PropertyValueSpecification\",\"valueRequired\":true,\"valueName\":\"search_term_string\"}}],\"inLanguage\":\"en-GB\"},{\"@type\":\"Organization\",\"@id\":\"https:\/\/appelsenperen.amsterdam\/#organization\",\"name\":\"Appels en Peren, Ambachtelijke Cider en Poir\u00e9\",\"url\":\"https:\/\/appelsenperen.amsterdam\/\",\"logo\":{\"@type\":\"ImageObject\",\"inLanguage\":\"en-GB\",\"@id\":\"https:\/\/appelsenperen.amsterdam\/#\/schema\/logo\/image\/\",\"url\":\"https:\/\/appelsenperen.amsterdam\/wp-content\/uploads\/2021\/05\/logo-appels-en-peren.jpg\",\"contentUrl\":\"https:\/\/appelsenperen.amsterdam\/wp-content\/uploads\/2021\/05\/logo-appels-en-peren.jpg\",\"width\":677,\"height\":167,\"caption\":\"Appels en Peren, Ambachtelijke Cider en Poir\u00e9\"},\"image\":{\"@id\":\"https:\/\/appelsenperen.amsterdam\/#\/schema\/logo\/image\/\"}}]}<\/script>\n<!-- \/ Yoast SEO plugin. -->","yoast_head_json":{"title":"Glutenvrij en biologisch - Amsterdamse Ciderwinkel Appels &amp; Peren","description":"Cider is altijd glutenvrij. Niet alle ciders zijn biologisch gecertificeerd, maar worden vaak wel biologisch of biologisch dynamisch geproduceerd.","robots":{"index":"index","follow":"follow","max-snippet":"max-snippet:-1","max-image-preview":"max-image-preview:large","max-video-preview":"max-video-preview:-1"},"canonical":"https:\/\/appelsenperen.amsterdam\/en\/informatie\/glutenvrij-en-biologisch\/","og_locale":"en_GB","og_type":"article","og_title":"Glutenvrij en biologisch - Amsterdamse Ciderwinkel Appels &amp; Peren","og_description":"Cider is altijd glutenvrij. Niet alle ciders zijn biologisch gecertificeerd, maar worden vaak wel biologisch of biologisch dynamisch geproduceerd.","og_url":"https:\/\/appelsenperen.amsterdam\/en\/informatie\/glutenvrij-en-biologisch\/","og_site_name":"Amsterdamse Ciderwinkel Appels &amp; Peren","article_modified_time":"2021-11-11T12:21:15+00:00","og_image":[{"url":"https:\/\/appelsenperen.amsterdam\/wp-content\/uploads\/2018\/09\/Glutenfree.jpg","type":"","width":"","height":""}],"twitter_card":"summary_large_image","twitter_misc":{"Estimated reading time":"2 minutes"},"schema":{"@context":"https:\/\/schema.org","@graph":[{"@type":"WebPage","@id":"https:\/\/appelsenperen.amsterdam\/informatie\/glutenvrij-en-biologisch\/","url":"https:\/\/appelsenperen.amsterdam\/informatie\/glutenvrij-en-biologisch\/","name":"Glutenvrij en biologisch - Amsterdamse Ciderwinkel Appels &amp; Peren","isPartOf":{"@id":"https:\/\/appelsenperen.amsterdam\/#website"},"primaryImageOfPage":{"@id":"https:\/\/appelsenperen.amsterdam\/informatie\/glutenvrij-en-biologisch\/#primaryimage"},"image":{"@id":"https:\/\/appelsenperen.amsterdam\/informatie\/glutenvrij-en-biologisch\/#primaryimage"},"thumbnailUrl":"https:\/\/appelsenperen.amsterdam\/wp-content\/uploads\/2018\/09\/Glutenfree.jpg","datePublished":"2018-09-29T14:51:34+00:00","dateModified":"2021-11-11T12:21:15+00:00","description":"Cider is altijd glutenvrij. Niet alle ciders zijn biologisch gecertificeerd, maar worden vaak wel biologisch of biologisch dynamisch geproduceerd.","breadcrumb":{"@id":"https:\/\/appelsenperen.amsterdam\/informatie\/glutenvrij-en-biologisch\/#breadcrumb"},"inLanguage":"en-GB","potentialAction":[{"@type":"ReadAction","target":["https:\/\/appelsenperen.amsterdam\/informatie\/glutenvrij-en-biologisch\/"]}]},{"@type":"ImageObject","inLanguage":"en-GB","@id":"https:\/\/appelsenperen.amsterdam\/informatie\/glutenvrij-en-biologisch\/#primaryimage","url":"https:\/\/appelsenperen.amsterdam\/wp-content\/uploads\/2018\/09\/Glutenfree.jpg","contentUrl":"https:\/\/appelsenperen.amsterdam\/wp-content\/uploads\/2018\/09\/Glutenfree.jpg"},{"@type":"BreadcrumbList","@id":"https:\/\/appelsenperen.amsterdam\/informatie\/glutenvrij-en-biologisch\/#breadcrumb","itemListElement":[{"@type":"ListItem","position":1,"name":"Home","item":"https:\/\/appelsenperen.amsterdam\/"},{"@type":"ListItem","position":2,"name":"Informatie","item":"https:\/\/appelsenperen.amsterdam\/informatie\/"},{"@type":"ListItem","position":3,"name":"Glutenvrij en biologisch"}]},{"@type":"WebSite","@id":"https:\/\/appelsenperen.amsterdam\/#website","url":"https:\/\/appelsenperen.amsterdam\/","name":"Amsterdam Cider Shop Apples &amp; Pears","description":"Everybody loves cider","publisher":{"@id":"https:\/\/appelsenperen.amsterdam\/#organization"},"potentialAction":[{"@type":"SearchAction","target":{"@type":"EntryPoint","urlTemplate":"https:\/\/appelsenperen.amsterdam\/?s={search_term_string}"},"query-input":{"@type":"PropertyValueSpecification","valueRequired":true,"valueName":"search_term_string"}}],"inLanguage":"en-GB"},{"@type":"Organization","@id":"https:\/\/appelsenperen.amsterdam\/#organization","name":"Apples and Pears, Artisanal Cider and Poir\u00e9","url":"https:\/\/appelsenperen.amsterdam\/","logo":{"@type":"ImageObject","inLanguage":"en-GB","@id":"https:\/\/appelsenperen.amsterdam\/#\/schema\/logo\/image\/","url":"https:\/\/appelsenperen.amsterdam\/wp-content\/uploads\/2021\/05\/logo-appels-en-peren.jpg","contentUrl":"https:\/\/appelsenperen.amsterdam\/wp-content\/uploads\/2021\/05\/logo-appels-en-peren.jpg","width":677,"height":167,"caption":"Appels en Peren, Ambachtelijke Cider en Poir\u00e9"},"image":{"@id":"https:\/\/appelsenperen.amsterdam\/#\/schema\/logo\/image\/"}}]}},"_links":{"self":[{"href":"https:\/\/appelsenperen.amsterdam\/en\/wp-json\/wp\/v2\/pages\/4868","targetHints":{"allow":["GET"]}}],"collection":[{"href":"https:\/\/appelsenperen.amsterdam\/en\/wp-json\/wp\/v2\/pages"}],"about":[{"href":"https:\/\/appelsenperen.amsterdam\/en\/wp-json\/wp\/v2\/types\/page"}],"author":[{"embeddable":true,"href":"https:\/\/appelsenperen.amsterdam\/en\/wp-json\/wp\/v2\/users\/5"}],"replies":[{"embeddable":true,"href":"https:\/\/appelsenperen.amsterdam\/en\/wp-json\/wp\/v2\/comments?post=4868"}],"version-history":[{"count":6,"href":"https:\/\/appelsenperen.amsterdam\/en\/wp-json\/wp\/v2\/pages\/4868\/revisions"}],"predecessor-version":[{"id":25985,"href":"https:\/\/appelsenperen.amsterdam\/en\/wp-json\/wp\/v2\/pages\/4868\/revisions\/25985"}],"up":[{"embeddable":true,"href":"https:\/\/appelsenperen.amsterdam\/en\/wp-json\/wp\/v2\/pages\/25870"}],"wp:attachment":[{"href":"https:\/\/appelsenperen.amsterdam\/en\/wp-json\/wp\/v2\/media?parent=4868"}],"curies":[{"name":"wp","href":"https:\/\/api.w.org\/{rel}","templated":true}]}}