{"id":196,"date":"2016-05-24T09:17:57","date_gmt":"2016-05-24T07:17:57","guid":{"rendered":"https:\/\/appelsenperen.amsterdam\/?page_id=196"},"modified":"2021-11-10T16:05:42","modified_gmt":"2021-11-10T15:05:42","slug":"lunch","status":"publish","type":"page","link":"https:\/\/appelsenperen.amsterdam\/en\/cider-food\/lunch\/","title":{"rendered":"Lunch"},"content":{"rendered":"\t\t<div data-elementor-type=\"wp-page\" data-elementor-id=\"196\" class=\"elementor elementor-196\" data-elementor-post-type=\"page\">\n\t\t\t\t\t\t<section class=\"elementor-section elementor-top-section elementor-element elementor-element-24c41fb3 elementor-section-full_width elementor-section-height-default elementor-section-height-default\" data-id=\"24c41fb3\" data-element_type=\"section\" data-e-type=\"section\" data-settings=\"{&quot;jet_parallax_layout_list&quot;:[{&quot;jet_parallax_layout_image&quot;:{&quot;url&quot;:&quot;&quot;,&quot;id&quot;:&quot;&quot;,&quot;size&quot;:&quot;&quot;},&quot;_id&quot;:&quot;3412e25&quot;,&quot;jet_parallax_layout_image_tablet&quot;:{&quot;url&quot;:&quot;&quot;,&quot;id&quot;:&quot;&quot;,&quot;size&quot;:&quot;&quot;},&quot;jet_parallax_layout_image_mobile&quot;:{&quot;url&quot;:&quot;&quot;,&quot;id&quot;:&quot;&quot;,&quot;size&quot;:&quot;&quot;},&quot;jet_parallax_layout_speed&quot;:{&quot;unit&quot;:&quot;%&quot;,&quot;size&quot;:50,&quot;sizes&quot;:[]},&quot;jet_parallax_layout_type&quot;:&quot;scroll&quot;,&quot;jet_parallax_layout_direction&quot;:&quot;1&quot;,&quot;jet_parallax_layout_fx_direction&quot;:null,&quot;jet_parallax_layout_z_index&quot;:&quot;&quot;,&quot;jet_parallax_layout_bg_x&quot;:50,&quot;jet_parallax_layout_bg_x_tablet&quot;:&quot;&quot;,&quot;jet_parallax_layout_bg_x_mobile&quot;:&quot;&quot;,&quot;jet_parallax_layout_bg_y&quot;:50,&quot;jet_parallax_layout_bg_y_tablet&quot;:&quot;&quot;,&quot;jet_parallax_layout_bg_y_mobile&quot;:&quot;&quot;,&quot;jet_parallax_layout_bg_size&quot;:&quot;auto&quot;,&quot;jet_parallax_layout_bg_size_tablet&quot;:&quot;&quot;,&quot;jet_parallax_layout_bg_size_mobile&quot;:&quot;&quot;,&quot;jet_parallax_layout_animation_prop&quot;:&quot;transform&quot;,&quot;jet_parallax_layout_on&quot;:[&quot;desktop&quot;,&quot;tablet&quot;]}]}\">\n\t\t\t\t\t\t<div class=\"elementor-container elementor-column-gap-default\">\n\t\t\t\t\t<div class=\"elementor-column elementor-col-100 elementor-top-column elementor-element elementor-element-403f44d6\" data-id=\"403f44d6\" data-element_type=\"column\" data-e-type=\"column\">\n\t\t\t<div class=\"elementor-widget-wrap elementor-element-populated\">\n\t\t\t\t\t\t<div class=\"elementor-element elementor-element-325ef85 elementor-widget elementor-widget-text-editor\" data-id=\"325ef85\" data-element_type=\"widget\" data-e-type=\"widget\" data-widget_type=\"text-editor.default\">\n\t\t\t\t<div class=\"elementor-widget-container\">\n\t\t\t\t\t\t\t\t\t<p>Hoewel het voor veel Nederlanders niet de gewoonte is om bij de lunch te drinken, doen zich natuurlijk altijd situaties zich voor die vragen om begeleiding door een glas wijn. Cider en poir\u00e9 zijn hiervoor uitstekende alternatieven, omdat ze qua alcoholpercentage een stuk lager liggen.<\/p>\t\t\t\t\t\t\t\t<\/div>\n\t\t\t\t<\/div>\n\t\t\t\t\t<\/div>\n\t\t<\/div>\n\t\t\t\t\t<\/div>\n\t\t<\/section>\n\t\t\t\t<section class=\"elementor-section elementor-top-section elementor-element elementor-element-ad7d3f5 elementor-section-full_width elementor-section-height-default elementor-section-height-default\" data-id=\"ad7d3f5\" data-element_type=\"section\" data-e-type=\"section\" data-settings=\"{&quot;jet_parallax_layout_list&quot;:[{&quot;jet_parallax_layout_image&quot;:{&quot;url&quot;:&quot;&quot;,&quot;id&quot;:&quot;&quot;,&quot;size&quot;:&quot;&quot;},&quot;_id&quot;:&quot;eb464ce&quot;,&quot;jet_parallax_layout_image_tablet&quot;:{&quot;url&quot;:&quot;&quot;,&quot;id&quot;:&quot;&quot;,&quot;size&quot;:&quot;&quot;},&quot;jet_parallax_layout_image_mobile&quot;:{&quot;url&quot;:&quot;&quot;,&quot;id&quot;:&quot;&quot;,&quot;size&quot;:&quot;&quot;},&quot;jet_parallax_layout_speed&quot;:{&quot;unit&quot;:&quot;%&quot;,&quot;size&quot;:50,&quot;sizes&quot;:[]},&quot;jet_parallax_layout_type&quot;:&quot;scroll&quot;,&quot;jet_parallax_layout_direction&quot;:&quot;1&quot;,&quot;jet_parallax_layout_fx_direction&quot;:null,&quot;jet_parallax_layout_z_index&quot;:&quot;&quot;,&quot;jet_parallax_layout_bg_x&quot;:50,&quot;jet_parallax_layout_bg_x_tablet&quot;:&quot;&quot;,&quot;jet_parallax_layout_bg_x_mobile&quot;:&quot;&quot;,&quot;jet_parallax_layout_bg_y&quot;:50,&quot;jet_parallax_layout_bg_y_tablet&quot;:&quot;&quot;,&quot;jet_parallax_layout_bg_y_mobile&quot;:&quot;&quot;,&quot;jet_parallax_layout_bg_size&quot;:&quot;auto&quot;,&quot;jet_parallax_layout_bg_size_tablet&quot;:&quot;&quot;,&quot;jet_parallax_layout_bg_size_mobile&quot;:&quot;&quot;,&quot;jet_parallax_layout_animation_prop&quot;:&quot;transform&quot;,&quot;jet_parallax_layout_on&quot;:[&quot;desktop&quot;,&quot;tablet&quot;]}]}\">\n\t\t\t\t\t\t<div class=\"elementor-container elementor-column-gap-default\">\n\t\t\t\t\t<div class=\"elementor-column elementor-col-50 elementor-top-column elementor-element elementor-element-ea349d5\" data-id=\"ea349d5\" data-element_type=\"column\" data-e-type=\"column\">\n\t\t\t<div class=\"elementor-widget-wrap elementor-element-populated\">\n\t\t\t\t\t\t<div class=\"elementor-element elementor-element-a4f5195 elementor-widget elementor-widget-image\" data-id=\"a4f5195\" data-element_type=\"widget\" data-e-type=\"widget\" data-widget_type=\"image.default\">\n\t\t\t\t<div class=\"elementor-widget-container\">\n\t\t\t\t\t\t\t\t\t\t\t\t\t\t\t<img fetchpriority=\"high\" decoding=\"async\" width=\"800\" height=\"534\" src=\"https:\/\/appelsenperen.amsterdam\/wp-content\/uploads\/2016\/06\/plat-cuisine-provence-gard-1024x683.jpg\" class=\"attachment-large size-large wp-image-590\" alt=\"\" srcset=\"https:\/\/appelsenperen.amsterdam\/wp-content\/uploads\/2016\/06\/plat-cuisine-provence-gard-1024x683.jpg 1024w, https:\/\/appelsenperen.amsterdam\/wp-content\/uploads\/2016\/06\/plat-cuisine-provence-gard-500x333.jpg 500w, https:\/\/appelsenperen.amsterdam\/wp-content\/uploads\/2016\/06\/plat-cuisine-provence-gard-300x200.jpg 300w, https:\/\/appelsenperen.amsterdam\/wp-content\/uploads\/2016\/06\/plat-cuisine-provence-gard-768x512.jpg 768w, https:\/\/appelsenperen.amsterdam\/wp-content\/uploads\/2016\/06\/plat-cuisine-provence-gard-219x146.jpg 219w, https:\/\/appelsenperen.amsterdam\/wp-content\/uploads\/2016\/06\/plat-cuisine-provence-gard-50x33.jpg 50w, https:\/\/appelsenperen.amsterdam\/wp-content\/uploads\/2016\/06\/plat-cuisine-provence-gard-113x75.jpg 113w, https:\/\/appelsenperen.amsterdam\/wp-content\/uploads\/2016\/06\/plat-cuisine-provence-gard.jpg 1200w\" sizes=\"(max-width: 800px) 100vw, 800px\" \/>\t\t\t\t\t\t\t\t\t\t\t\t\t\t\t<\/div>\n\t\t\t\t<\/div>\n\t\t\t\t\t<\/div>\n\t\t<\/div>\n\t\t\t\t<div class=\"elementor-column elementor-col-50 elementor-top-column elementor-element elementor-element-e2d947c\" data-id=\"e2d947c\" data-element_type=\"column\" data-e-type=\"column\">\n\t\t\t<div class=\"elementor-widget-wrap elementor-element-populated\">\n\t\t\t\t\t\t<div class=\"elementor-element elementor-element-3876444 elementor-widget elementor-widget-text-editor\" data-id=\"3876444\" data-element_type=\"widget\" data-e-type=\"widget\" data-widget_type=\"text-editor.default\">\n\t\t\t\t<div class=\"elementor-widget-container\">\n\t\t\t\t\t\t\t\t\t<p><strong><a href=\"https:\/\/appelsenperen.amsterdam\/product\/poire-domfront-aop-poulardiere-75cl\/\" target=\"_blank\" rel=\"noopener noreferrer\">Ferme de la Poulardi\u00e8re Poir\u00e9 Domfront AOP<\/a><\/strong><\/p><p>Een mooi fris alternatief voor een glas Sauvignon Blanc. Frisse zuren, een beetje mineralen en een klein beetje perenzoet. Met slechts 4% alcohol kan deze biologische poir\u00e9 uit het Domfront gebied mooi combineren bij een frisse salade, een visgerecht met niet te zware saus of een gevogelte gerecht.<\/p><p><strong><a href=\"https:\/\/appelsenperen.amsterdam\/product\/redlove-cider-75cl\/\" target=\"_blank\" rel=\"noopener noreferrer\">Redlove premium cider<\/a><\/strong><\/p><p>Nederlandse cider van de Redlove appel met een fris zuurtje. Toegankelijk met ook een klein appelzoetje. Lekker als aperitief, maar ook als begeleider van een lunch met vis of witvlees een prima optie.<\/p>\t\t\t\t\t\t\t\t<\/div>\n\t\t\t\t<\/div>\n\t\t\t\t\t<\/div>\n\t\t<\/div>\n\t\t\t\t\t<\/div>\n\t\t<\/section>\n\t\t\t\t<\/div>\n\t\t","protected":false},"excerpt":{"rendered":"<p>Hoewel het voor veel Nederlanders niet de gewoonte is om bij de lunch te drinken, doen zich natuurlijk altijd situaties zich voor die vragen om begeleiding door een glas wijn. Cider en poir\u00e9 zijn hiervoor uitstekende alternatieven, omdat ze qua alcoholpercentage een stuk lager liggen. Ferme de la Poulardi\u00e8re Poir\u00e9 Domfront AOP Een mooi fris [&hellip;]<\/p>\n","protected":false},"author":5,"featured_media":0,"parent":25828,"menu_order":2,"comment_status":"closed","ping_status":"closed","template":"","meta":{"footnotes":""},"class_list":["post-196","page","type-page","status-publish","hentry"],"yoast_head":"<!-- This site is optimized with the Yoast SEO plugin v27.2 - https:\/\/yoast.com\/product\/yoast-seo-wordpress\/ -->\n<title>Lunch - Amsterdamse Ciderwinkel Appels &amp; Peren<\/title>\n<meta name=\"description\" content=\"Cider en poir\u00e9 zijn uitstekende begeleiders van een lekkere lunch, omdat ze qua alcoholpercentage een stuk lager liggen dan bv. wijn.\" \/>\n<meta name=\"robots\" content=\"index, follow, max-snippet:-1, max-image-preview:large, max-video-preview:-1\" \/>\n<link rel=\"canonical\" href=\"https:\/\/appelsenperen.amsterdam\/en\/cider-food\/lunch\/\" \/>\n<meta property=\"og:locale\" content=\"en_GB\" \/>\n<meta property=\"og:type\" content=\"article\" \/>\n<meta property=\"og:title\" content=\"Lunch - Amsterdamse Ciderwinkel Appels &amp; Peren\" \/>\n<meta property=\"og:description\" content=\"Cider en poir\u00e9 zijn uitstekende begeleiders van een lekkere lunch, omdat ze qua alcoholpercentage een stuk lager liggen dan bv. wijn.\" \/>\n<meta property=\"og:url\" content=\"https:\/\/appelsenperen.amsterdam\/en\/cider-food\/lunch\/\" \/>\n<meta property=\"og:site_name\" content=\"Amsterdamse Ciderwinkel Appels &amp; Peren\" \/>\n<meta property=\"article:modified_time\" content=\"2021-11-10T15:05:42+00:00\" \/>\n<meta property=\"og:image\" content=\"https:\/\/appelsenperen.amsterdam\/wp-content\/uploads\/2016\/06\/plat-cuisine-provence-gard-1024x683.jpg\" \/>\n<meta name=\"twitter:card\" content=\"summary_large_image\" \/>\n<meta name=\"twitter:label1\" content=\"Estimated reading time\" \/>\n\t<meta name=\"twitter:data1\" content=\"1 minute\" \/>\n<script type=\"application\/ld+json\" class=\"yoast-schema-graph\">{\"@context\":\"https:\/\/schema.org\",\"@graph\":[{\"@type\":\"WebPage\",\"@id\":\"https:\/\/appelsenperen.amsterdam\/cider-food\/lunch\/\",\"url\":\"https:\/\/appelsenperen.amsterdam\/cider-food\/lunch\/\",\"name\":\"Lunch - Amsterdamse Ciderwinkel Appels &amp; Peren\",\"isPartOf\":{\"@id\":\"https:\/\/appelsenperen.amsterdam\/#website\"},\"primaryImageOfPage\":{\"@id\":\"https:\/\/appelsenperen.amsterdam\/cider-food\/lunch\/#primaryimage\"},\"image\":{\"@id\":\"https:\/\/appelsenperen.amsterdam\/cider-food\/lunch\/#primaryimage\"},\"thumbnailUrl\":\"https:\/\/appelsenperen.amsterdam\/wp-content\/uploads\/2016\/06\/plat-cuisine-provence-gard-1024x683.jpg\",\"datePublished\":\"2016-05-24T07:17:57+00:00\",\"dateModified\":\"2021-11-10T15:05:42+00:00\",\"description\":\"Cider en poir\u00e9 zijn uitstekende begeleiders van een lekkere lunch, omdat ze qua alcoholpercentage een stuk lager liggen dan bv. wijn.\",\"breadcrumb\":{\"@id\":\"https:\/\/appelsenperen.amsterdam\/cider-food\/lunch\/#breadcrumb\"},\"inLanguage\":\"en-GB\",\"potentialAction\":[{\"@type\":\"ReadAction\",\"target\":[\"https:\/\/appelsenperen.amsterdam\/cider-food\/lunch\/\"]}]},{\"@type\":\"ImageObject\",\"inLanguage\":\"en-GB\",\"@id\":\"https:\/\/appelsenperen.amsterdam\/cider-food\/lunch\/#primaryimage\",\"url\":\"https:\/\/appelsenperen.amsterdam\/wp-content\/uploads\/2016\/06\/plat-cuisine-provence-gard-1024x683.jpg\",\"contentUrl\":\"https:\/\/appelsenperen.amsterdam\/wp-content\/uploads\/2016\/06\/plat-cuisine-provence-gard-1024x683.jpg\"},{\"@type\":\"BreadcrumbList\",\"@id\":\"https:\/\/appelsenperen.amsterdam\/cider-food\/lunch\/#breadcrumb\",\"itemListElement\":[{\"@type\":\"ListItem\",\"position\":1,\"name\":\"Home\",\"item\":\"https:\/\/appelsenperen.amsterdam\/\"},{\"@type\":\"ListItem\",\"position\":2,\"name\":\"Cider &#038; Food\",\"item\":\"https:\/\/appelsenperen.amsterdam\/cider-food\/\"},{\"@type\":\"ListItem\",\"position\":3,\"name\":\"Lunch\"}]},{\"@type\":\"WebSite\",\"@id\":\"https:\/\/appelsenperen.amsterdam\/#website\",\"url\":\"https:\/\/appelsenperen.amsterdam\/\",\"name\":\"Amsterdamse Ciderwinkel Appels &amp; Peren\",\"description\":\"Everybody loves cider\",\"publisher\":{\"@id\":\"https:\/\/appelsenperen.amsterdam\/#organization\"},\"potentialAction\":[{\"@type\":\"SearchAction\",\"target\":{\"@type\":\"EntryPoint\",\"urlTemplate\":\"https:\/\/appelsenperen.amsterdam\/?s={search_term_string}\"},\"query-input\":{\"@type\":\"PropertyValueSpecification\",\"valueRequired\":true,\"valueName\":\"search_term_string\"}}],\"inLanguage\":\"en-GB\"},{\"@type\":\"Organization\",\"@id\":\"https:\/\/appelsenperen.amsterdam\/#organization\",\"name\":\"Appels en Peren, Ambachtelijke Cider en Poir\u00e9\",\"url\":\"https:\/\/appelsenperen.amsterdam\/\",\"logo\":{\"@type\":\"ImageObject\",\"inLanguage\":\"en-GB\",\"@id\":\"https:\/\/appelsenperen.amsterdam\/#\/schema\/logo\/image\/\",\"url\":\"https:\/\/appelsenperen.amsterdam\/wp-content\/uploads\/2021\/05\/logo-appels-en-peren.jpg\",\"contentUrl\":\"https:\/\/appelsenperen.amsterdam\/wp-content\/uploads\/2021\/05\/logo-appels-en-peren.jpg\",\"width\":677,\"height\":167,\"caption\":\"Appels en Peren, Ambachtelijke Cider en Poir\u00e9\"},\"image\":{\"@id\":\"https:\/\/appelsenperen.amsterdam\/#\/schema\/logo\/image\/\"}}]}<\/script>\n<!-- \/ Yoast SEO plugin. -->","yoast_head_json":{"title":"Lunch - Amsterdamse Ciderwinkel Appels &amp; Peren","description":"Cider en poir\u00e9 zijn uitstekende begeleiders van een lekkere lunch, omdat ze qua alcoholpercentage een stuk lager liggen dan bv. wijn.","robots":{"index":"index","follow":"follow","max-snippet":"max-snippet:-1","max-image-preview":"max-image-preview:large","max-video-preview":"max-video-preview:-1"},"canonical":"https:\/\/appelsenperen.amsterdam\/en\/cider-food\/lunch\/","og_locale":"en_GB","og_type":"article","og_title":"Lunch - Amsterdamse Ciderwinkel Appels &amp; Peren","og_description":"Cider en poir\u00e9 zijn uitstekende begeleiders van een lekkere lunch, omdat ze qua alcoholpercentage een stuk lager liggen dan bv. wijn.","og_url":"https:\/\/appelsenperen.amsterdam\/en\/cider-food\/lunch\/","og_site_name":"Amsterdamse Ciderwinkel Appels &amp; Peren","article_modified_time":"2021-11-10T15:05:42+00:00","og_image":[{"url":"https:\/\/appelsenperen.amsterdam\/wp-content\/uploads\/2016\/06\/plat-cuisine-provence-gard-1024x683.jpg","type":"","width":"","height":""}],"twitter_card":"summary_large_image","twitter_misc":{"Estimated reading time":"1 minute"},"schema":{"@context":"https:\/\/schema.org","@graph":[{"@type":"WebPage","@id":"https:\/\/appelsenperen.amsterdam\/cider-food\/lunch\/","url":"https:\/\/appelsenperen.amsterdam\/cider-food\/lunch\/","name":"Lunch - Amsterdamse Ciderwinkel Appels &amp; Peren","isPartOf":{"@id":"https:\/\/appelsenperen.amsterdam\/#website"},"primaryImageOfPage":{"@id":"https:\/\/appelsenperen.amsterdam\/cider-food\/lunch\/#primaryimage"},"image":{"@id":"https:\/\/appelsenperen.amsterdam\/cider-food\/lunch\/#primaryimage"},"thumbnailUrl":"https:\/\/appelsenperen.amsterdam\/wp-content\/uploads\/2016\/06\/plat-cuisine-provence-gard-1024x683.jpg","datePublished":"2016-05-24T07:17:57+00:00","dateModified":"2021-11-10T15:05:42+00:00","description":"Cider en poir\u00e9 zijn uitstekende begeleiders van een lekkere lunch, omdat ze qua alcoholpercentage een stuk lager liggen dan bv. wijn.","breadcrumb":{"@id":"https:\/\/appelsenperen.amsterdam\/cider-food\/lunch\/#breadcrumb"},"inLanguage":"en-GB","potentialAction":[{"@type":"ReadAction","target":["https:\/\/appelsenperen.amsterdam\/cider-food\/lunch\/"]}]},{"@type":"ImageObject","inLanguage":"en-GB","@id":"https:\/\/appelsenperen.amsterdam\/cider-food\/lunch\/#primaryimage","url":"https:\/\/appelsenperen.amsterdam\/wp-content\/uploads\/2016\/06\/plat-cuisine-provence-gard-1024x683.jpg","contentUrl":"https:\/\/appelsenperen.amsterdam\/wp-content\/uploads\/2016\/06\/plat-cuisine-provence-gard-1024x683.jpg"},{"@type":"BreadcrumbList","@id":"https:\/\/appelsenperen.amsterdam\/cider-food\/lunch\/#breadcrumb","itemListElement":[{"@type":"ListItem","position":1,"name":"Home","item":"https:\/\/appelsenperen.amsterdam\/"},{"@type":"ListItem","position":2,"name":"Cider &#038; Food","item":"https:\/\/appelsenperen.amsterdam\/cider-food\/"},{"@type":"ListItem","position":3,"name":"Lunch"}]},{"@type":"WebSite","@id":"https:\/\/appelsenperen.amsterdam\/#website","url":"https:\/\/appelsenperen.amsterdam\/","name":"Amsterdam Cider Shop Apples &amp; Pears","description":"Everybody loves cider","publisher":{"@id":"https:\/\/appelsenperen.amsterdam\/#organization"},"potentialAction":[{"@type":"SearchAction","target":{"@type":"EntryPoint","urlTemplate":"https:\/\/appelsenperen.amsterdam\/?s={search_term_string}"},"query-input":{"@type":"PropertyValueSpecification","valueRequired":true,"valueName":"search_term_string"}}],"inLanguage":"en-GB"},{"@type":"Organization","@id":"https:\/\/appelsenperen.amsterdam\/#organization","name":"Apples and Pears, Artisanal Cider and Poir\u00e9","url":"https:\/\/appelsenperen.amsterdam\/","logo":{"@type":"ImageObject","inLanguage":"en-GB","@id":"https:\/\/appelsenperen.amsterdam\/#\/schema\/logo\/image\/","url":"https:\/\/appelsenperen.amsterdam\/wp-content\/uploads\/2021\/05\/logo-appels-en-peren.jpg","contentUrl":"https:\/\/appelsenperen.amsterdam\/wp-content\/uploads\/2021\/05\/logo-appels-en-peren.jpg","width":677,"height":167,"caption":"Appels en Peren, Ambachtelijke Cider en Poir\u00e9"},"image":{"@id":"https:\/\/appelsenperen.amsterdam\/#\/schema\/logo\/image\/"}}]}},"_links":{"self":[{"href":"https:\/\/appelsenperen.amsterdam\/en\/wp-json\/wp\/v2\/pages\/196","targetHints":{"allow":["GET"]}}],"collection":[{"href":"https:\/\/appelsenperen.amsterdam\/en\/wp-json\/wp\/v2\/pages"}],"about":[{"href":"https:\/\/appelsenperen.amsterdam\/en\/wp-json\/wp\/v2\/types\/page"}],"author":[{"embeddable":true,"href":"https:\/\/appelsenperen.amsterdam\/en\/wp-json\/wp\/v2\/users\/5"}],"replies":[{"embeddable":true,"href":"https:\/\/appelsenperen.amsterdam\/en\/wp-json\/wp\/v2\/comments?post=196"}],"version-history":[{"count":15,"href":"https:\/\/appelsenperen.amsterdam\/en\/wp-json\/wp\/v2\/pages\/196\/revisions"}],"predecessor-version":[{"id":25834,"href":"https:\/\/appelsenperen.amsterdam\/en\/wp-json\/wp\/v2\/pages\/196\/revisions\/25834"}],"up":[{"embeddable":true,"href":"https:\/\/appelsenperen.amsterdam\/en\/wp-json\/wp\/v2\/pages\/25828"}],"wp:attachment":[{"href":"https:\/\/appelsenperen.amsterdam\/en\/wp-json\/wp\/v2\/media?parent=196"}],"curies":[{"name":"wp","href":"https:\/\/api.w.org\/{rel}","templated":true}]}}