{"id":166,"date":"2016-05-24T09:01:58","date_gmt":"2016-05-24T07:01:58","guid":{"rendered":"https:\/\/appelsenperen.amsterdam\/?page_id=166"},"modified":"2021-11-11T13:20:26","modified_gmt":"2021-11-11T12:20:26","slug":"poire-info","status":"publish","type":"page","link":"https:\/\/appelsenperen.amsterdam\/en\/informatie\/poire-info\/","title":{"rendered":"What is Poire"},"content":{"rendered":"\t\t<div data-elementor-type=\"wp-page\" data-elementor-id=\"166\" class=\"elementor elementor-166\" data-elementor-post-type=\"page\">\n\t\t\t\t\t\t<section class=\"elementor-section elementor-top-section elementor-element elementor-element-5614dee elementor-section-full_width elementor-section-height-default elementor-section-height-default\" data-id=\"5614dee\" data-element_type=\"section\" data-e-type=\"section\" data-settings=\"{&quot;jet_parallax_layout_list&quot;:[{&quot;jet_parallax_layout_image&quot;:{&quot;url&quot;:&quot;&quot;,&quot;id&quot;:&quot;&quot;,&quot;size&quot;:&quot;&quot;},&quot;_id&quot;:&quot;2fdf13a&quot;,&quot;jet_parallax_layout_image_tablet&quot;:{&quot;url&quot;:&quot;&quot;,&quot;id&quot;:&quot;&quot;,&quot;size&quot;:&quot;&quot;},&quot;jet_parallax_layout_image_mobile&quot;:{&quot;url&quot;:&quot;&quot;,&quot;id&quot;:&quot;&quot;,&quot;size&quot;:&quot;&quot;},&quot;jet_parallax_layout_speed&quot;:{&quot;unit&quot;:&quot;%&quot;,&quot;size&quot;:50,&quot;sizes&quot;:[]},&quot;jet_parallax_layout_type&quot;:&quot;scroll&quot;,&quot;jet_parallax_layout_direction&quot;:&quot;1&quot;,&quot;jet_parallax_layout_fx_direction&quot;:null,&quot;jet_parallax_layout_z_index&quot;:&quot;&quot;,&quot;jet_parallax_layout_bg_x&quot;:50,&quot;jet_parallax_layout_bg_x_tablet&quot;:&quot;&quot;,&quot;jet_parallax_layout_bg_x_mobile&quot;:&quot;&quot;,&quot;jet_parallax_layout_bg_y&quot;:50,&quot;jet_parallax_layout_bg_y_tablet&quot;:&quot;&quot;,&quot;jet_parallax_layout_bg_y_mobile&quot;:&quot;&quot;,&quot;jet_parallax_layout_bg_size&quot;:&quot;auto&quot;,&quot;jet_parallax_layout_bg_size_tablet&quot;:&quot;&quot;,&quot;jet_parallax_layout_bg_size_mobile&quot;:&quot;&quot;,&quot;jet_parallax_layout_animation_prop&quot;:&quot;transform&quot;,&quot;jet_parallax_layout_on&quot;:[&quot;desktop&quot;,&quot;tablet&quot;]}]}\">\n\t\t\t\t\t\t<div class=\"elementor-container elementor-column-gap-default\">\n\t\t\t\t\t<div class=\"elementor-column elementor-col-50 elementor-top-column elementor-element elementor-element-e626408\" data-id=\"e626408\" data-element_type=\"column\" data-e-type=\"column\">\n\t\t\t<div class=\"elementor-widget-wrap elementor-element-populated\">\n\t\t\t\t\t\t<div class=\"elementor-element elementor-element-ff0afce elementor-widget elementor-widget-text-editor\" data-id=\"ff0afce\" data-element_type=\"widget\" data-e-type=\"widget\" data-widget_type=\"text-editor.default\">\n\t\t\t\t<div class=\"elementor-widget-container\">\n\t\t\t\t\t\t\t\t\t<p>Poir\u00e9, in het Engels \u2018perry\u2019, is net als cider vergist 100% puur sap, maar dan van peren.\u00a0Een aantal cidermakers heeft ook perenbomen staan en maakt naast cider ook poir\u00e9 of perry.<br \/>Zo heeft het Nederlandse Uwe een mooie frisdroge perencider en maken vele Engelse producenten zoals o.a. Dunkertons, Gregg\u2019s Pit, Oliver\u2019s en Once Upon a Tree naast mooie ciders ook een hele mooie perry. De laatste maakt zelfs een bijzondere dessert perry genaamd \u2018The Wonder\u2019. De three counties (Herefordshire, Worcestershire en Gloucestershire) in Engeland staan bekend om hun uitstekende perries. Door de Slow Food UK beweging is perry met de herkomstbenaming Three Counties Perry dan ook opgenomen in de zgn. Ark van de Smaak. Veel Franse poir\u00e9s komen uit de regio Domfront, rondom het gelijknamige stadje.<\/p><p>Appels en Peren heeft ongeveer 20 verschillende poir\u00e9s en perry\u2019s op voorraad.\u00a0Net als cider varieert ook de smaak van poir\u00e9 van fris zoet tot zeer droog. Veel poir\u00e9s hebben een fruitige kenmerkende perengeur en een aangenaam zuurtje.\u00a0Lekker als heerlijk fris aperitief, maar ook om van te genieten bij lunch of dessert.<\/p>\t\t\t\t\t\t\t\t<\/div>\n\t\t\t\t<\/div>\n\t\t\t\t\t<\/div>\n\t\t<\/div>\n\t\t\t\t<div class=\"elementor-column elementor-col-50 elementor-top-column elementor-element elementor-element-8b09e3e\" data-id=\"8b09e3e\" data-element_type=\"column\" data-e-type=\"column\">\n\t\t\t<div class=\"elementor-widget-wrap elementor-element-populated\">\n\t\t\t\t\t\t<div class=\"elementor-element elementor-element-eb2dd19 elementor-widget elementor-widget-image\" data-id=\"eb2dd19\" data-element_type=\"widget\" data-e-type=\"widget\" data-widget_type=\"image.default\">\n\t\t\t\t<div class=\"elementor-widget-container\">\n\t\t\t\t\t\t\t\t\t\t\t\t\t\t\t<img fetchpriority=\"high\" decoding=\"async\" width=\"212\" height=\"300\" src=\"https:\/\/appelsenperen.amsterdam\/wp-content\/uploads\/2019\/11\/Appels-en-Peren-Ciderwinkel-Poir\u00e9-Perry-Perencider-212x300.jpg\" class=\"attachment-medium size-medium wp-image-6956\" alt=\"Appels en Peren Ciderwinkel Poir\u00e9 Perry Perencider\" srcset=\"https:\/\/appelsenperen.amsterdam\/wp-content\/uploads\/2019\/11\/Appels-en-Peren-Ciderwinkel-Poir\u00e9-Perry-Perencider-212x300.jpg.webp 212w, https:\/\/appelsenperen.amsterdam\/wp-content\/uploads\/2019\/11\/Appels-en-Peren-Ciderwinkel-Poir\u00e9-Perry-Perencider-768x1086.jpg.webp 768w, https:\/\/appelsenperen.amsterdam\/wp-content\/uploads\/2019\/11\/Appels-en-Peren-Ciderwinkel-Poir\u00e9-Perry-Perencider-724x1024.jpg.webp 724w, https:\/\/appelsenperen.amsterdam\/wp-content\/uploads\/2019\/11\/Appels-en-Peren-Ciderwinkel-Poir\u00e9-Perry-Perencider-103x146.jpg.webp 103w, https:\/\/appelsenperen.amsterdam\/wp-content\/uploads\/2019\/11\/Appels-en-Peren-Ciderwinkel-Poir\u00e9-Perry-Perencider-35x50.jpg.webp 35w, https:\/\/appelsenperen.amsterdam\/wp-content\/uploads\/2019\/11\/Appels-en-Peren-Ciderwinkel-Poir\u00e9-Perry-Perencider-53x75.jpg.webp 53w, https:\/\/appelsenperen.amsterdam\/wp-content\/uploads\/2019\/11\/Appels-en-Peren-Ciderwinkel-Poir\u00e9-Perry-Perencider-500x707.jpg.webp 500w, https:\/\/appelsenperen.amsterdam\/wp-content\/uploads\/2019\/11\/Appels-en-Peren-Ciderwinkel-Poir\u00e9-Perry-Perencider.jpg.webp 1424w\" sizes=\"(max-width: 212px) 100vw, 212px\" \/>\t\t\t\t\t\t\t\t\t\t\t\t\t\t\t<\/div>\n\t\t\t\t<\/div>\n\t\t\t\t\t<\/div>\n\t\t<\/div>\n\t\t\t\t\t<\/div>\n\t\t<\/section>\n\t\t\t\t<section class=\"elementor-section elementor-top-section elementor-element elementor-element-fb1133f elementor-section-full_width elementor-section-height-default elementor-section-height-default\" data-id=\"fb1133f\" data-element_type=\"section\" data-e-type=\"section\" data-settings=\"{&quot;jet_parallax_layout_list&quot;:[{&quot;jet_parallax_layout_image&quot;:{&quot;url&quot;:&quot;&quot;,&quot;id&quot;:&quot;&quot;,&quot;size&quot;:&quot;&quot;},&quot;_id&quot;:&quot;37d8e1d&quot;,&quot;jet_parallax_layout_image_tablet&quot;:{&quot;url&quot;:&quot;&quot;,&quot;id&quot;:&quot;&quot;,&quot;size&quot;:&quot;&quot;},&quot;jet_parallax_layout_image_mobile&quot;:{&quot;url&quot;:&quot;&quot;,&quot;id&quot;:&quot;&quot;,&quot;size&quot;:&quot;&quot;},&quot;jet_parallax_layout_speed&quot;:{&quot;unit&quot;:&quot;%&quot;,&quot;size&quot;:50,&quot;sizes&quot;:[]},&quot;jet_parallax_layout_type&quot;:&quot;scroll&quot;,&quot;jet_parallax_layout_direction&quot;:&quot;1&quot;,&quot;jet_parallax_layout_fx_direction&quot;:null,&quot;jet_parallax_layout_z_index&quot;:&quot;&quot;,&quot;jet_parallax_layout_bg_x&quot;:50,&quot;jet_parallax_layout_bg_x_tablet&quot;:&quot;&quot;,&quot;jet_parallax_layout_bg_x_mobile&quot;:&quot;&quot;,&quot;jet_parallax_layout_bg_y&quot;:50,&quot;jet_parallax_layout_bg_y_tablet&quot;:&quot;&quot;,&quot;jet_parallax_layout_bg_y_mobile&quot;:&quot;&quot;,&quot;jet_parallax_layout_bg_size&quot;:&quot;auto&quot;,&quot;jet_parallax_layout_bg_size_tablet&quot;:&quot;&quot;,&quot;jet_parallax_layout_bg_size_mobile&quot;:&quot;&quot;,&quot;jet_parallax_layout_animation_prop&quot;:&quot;transform&quot;,&quot;jet_parallax_layout_on&quot;:[&quot;desktop&quot;,&quot;tablet&quot;]}]}\">\n\t\t\t\t\t\t<div class=\"elementor-container elementor-column-gap-default\">\n\t\t\t\t\t<div class=\"elementor-column elementor-col-100 elementor-top-column elementor-element elementor-element-5827ab2\" data-id=\"5827ab2\" data-element_type=\"column\" data-e-type=\"column\">\n\t\t\t<div class=\"elementor-widget-wrap elementor-element-populated\">\n\t\t\t\t\t\t<div class=\"elementor-element elementor-element-f29eed3 elementor-widget elementor-widget-heading\" data-id=\"f29eed3\" data-element_type=\"widget\" data-e-type=\"widget\" data-widget_type=\"heading.default\">\n\t\t\t\t<div class=\"elementor-widget-container\">\n\t\t\t\t\t<h2 class=\"elementor-heading-title elementor-size-default\">Perensoorten voor poir\u00e9 en perry<\/h2>\t\t\t\t<\/div>\n\t\t\t\t<\/div>\n\t\t\t\t<div class=\"elementor-element elementor-element-06b69d5 elementor-widget elementor-widget-text-editor\" data-id=\"06b69d5\" data-element_type=\"widget\" data-e-type=\"widget\" data-widget_type=\"text-editor.default\">\n\t\t\t\t<div class=\"elementor-widget-container\">\n\t\t\t\t\t\t\t\t\t<p>Belangrijk bij het maken van een mooie poir\u00e9 of perry zijn, naast\u00a0<em>terroir\u00a0<\/em>en het vakmanschap tijdens het productieproces, de gebruikte perensoorten.\u00a0Engelse perryperen hebben vaak aparte namen, vernoemd naar hun vorm (Red Huffcap, Black Huffcap), hun eerste teler (Judge Amphlett, Stinking Bishop) of het effect wat het drinken zou hebben (Merrylegs, Mumblehead).\u00a0Alleen al in Gloucestershire zijn er meer dan 100 verschillende soorten. De meest gebruikte perry perensoort in Engeland is de Blakeney Red.<\/p><p>Franse poir\u00e9 peren zijn er in minstens zoveel soorten. In de Domfront worden 30 verschillende poir\u00e9 peren gebruikt. Dit zijn vaak kleine peren zoals Rouge Vign\u00e9, Gros Blot, Plant Roux, De Cloche en Gaubert. Om het predicaat\u00a0<em>Appellation d\u2019Origine Prot\u00e9g\u00e9<\/em>\u00a0Domfront te mogen voeren moet de poir\u00e9 verder voor minimaal 40% uit de sappig zure Plant de Blanc peren bestaan. Maar vaak is dat een hoger percentage 60-80% of zelfs 100%.<\/p>\t\t\t\t\t\t\t\t<\/div>\n\t\t\t\t<\/div>\n\t\t\t\t\t<\/div>\n\t\t<\/div>\n\t\t\t\t\t<\/div>\n\t\t<\/section>\n\t\t\t\t<section class=\"elementor-section elementor-top-section elementor-element elementor-element-f7c75a0 elementor-section-full_width elementor-section-height-default elementor-section-height-default\" data-id=\"f7c75a0\" data-element_type=\"section\" data-e-type=\"section\" data-settings=\"{&quot;jet_parallax_layout_list&quot;:[{&quot;jet_parallax_layout_image&quot;:{&quot;url&quot;:&quot;&quot;,&quot;id&quot;:&quot;&quot;,&quot;size&quot;:&quot;&quot;},&quot;_id&quot;:&quot;cc497c7&quot;,&quot;jet_parallax_layout_image_tablet&quot;:{&quot;url&quot;:&quot;&quot;,&quot;id&quot;:&quot;&quot;,&quot;size&quot;:&quot;&quot;},&quot;jet_parallax_layout_image_mobile&quot;:{&quot;url&quot;:&quot;&quot;,&quot;id&quot;:&quot;&quot;,&quot;size&quot;:&quot;&quot;},&quot;jet_parallax_layout_speed&quot;:{&quot;unit&quot;:&quot;%&quot;,&quot;size&quot;:50,&quot;sizes&quot;:[]},&quot;jet_parallax_layout_type&quot;:&quot;scroll&quot;,&quot;jet_parallax_layout_direction&quot;:&quot;1&quot;,&quot;jet_parallax_layout_fx_direction&quot;:null,&quot;jet_parallax_layout_z_index&quot;:&quot;&quot;,&quot;jet_parallax_layout_bg_x&quot;:50,&quot;jet_parallax_layout_bg_x_tablet&quot;:&quot;&quot;,&quot;jet_parallax_layout_bg_x_mobile&quot;:&quot;&quot;,&quot;jet_parallax_layout_bg_y&quot;:50,&quot;jet_parallax_layout_bg_y_tablet&quot;:&quot;&quot;,&quot;jet_parallax_layout_bg_y_mobile&quot;:&quot;&quot;,&quot;jet_parallax_layout_bg_size&quot;:&quot;auto&quot;,&quot;jet_parallax_layout_bg_size_tablet&quot;:&quot;&quot;,&quot;jet_parallax_layout_bg_size_mobile&quot;:&quot;&quot;,&quot;jet_parallax_layout_animation_prop&quot;:&quot;transform&quot;,&quot;jet_parallax_layout_on&quot;:[&quot;desktop&quot;,&quot;tablet&quot;]}]}\">\n\t\t\t\t\t\t<div class=\"elementor-container elementor-column-gap-default\">\n\t\t\t\t\t<div class=\"elementor-column elementor-col-50 elementor-top-column elementor-element elementor-element-e4f4e5b\" data-id=\"e4f4e5b\" data-element_type=\"column\" data-e-type=\"column\">\n\t\t\t<div class=\"elementor-widget-wrap elementor-element-populated\">\n\t\t\t\t\t\t<div class=\"elementor-element elementor-element-2e16a39 elementor-widget elementor-widget-image\" data-id=\"2e16a39\" data-element_type=\"widget\" data-e-type=\"widget\" data-widget_type=\"image.default\">\n\t\t\t\t<div class=\"elementor-widget-container\">\n\t\t\t\t\t\t\t\t\t\t\t\t<figure class=\"wp-caption\">\n\t\t\t\t\t\t\t\t\t\t<img decoding=\"async\" width=\"300\" height=\"300\" src=\"https:\/\/appelsenperen.amsterdam\/wp-content\/uploads\/2016\/06\/pear_blakeney_red-300x300.jpg\" class=\"attachment-medium size-medium wp-image-708\" alt=\"\" srcset=\"https:\/\/appelsenperen.amsterdam\/wp-content\/uploads\/2016\/06\/pear_blakeney_red-300x300.jpg.webp 300w, https:\/\/appelsenperen.amsterdam\/wp-content\/uploads\/2016\/06\/pear_blakeney_red-100x100.jpg.webp 100w, https:\/\/appelsenperen.amsterdam\/wp-content\/uploads\/2016\/06\/pear_blakeney_red-150x150.jpg.webp 150w, https:\/\/appelsenperen.amsterdam\/wp-content\/uploads\/2016\/06\/pear_blakeney_red-146x146.jpg.webp 146w, https:\/\/appelsenperen.amsterdam\/wp-content\/uploads\/2016\/06\/pear_blakeney_red-50x50.jpg.webp 50w, https:\/\/appelsenperen.amsterdam\/wp-content\/uploads\/2016\/06\/pear_blakeney_red-75x75.jpg.webp 75w, https:\/\/appelsenperen.amsterdam\/wp-content\/uploads\/2016\/06\/pear_blakeney_red-85x85.jpg.webp 85w, https:\/\/appelsenperen.amsterdam\/wp-content\/uploads\/2016\/06\/pear_blakeney_red-80x80.jpg.webp 80w, https:\/\/appelsenperen.amsterdam\/wp-content\/uploads\/2016\/06\/pear_blakeney_red.jpg.webp 400w\" sizes=\"(max-width: 300px) 100vw, 300px\" \/>\t\t\t\t\t\t\t\t\t\t\t<figcaption class=\"widget-image-caption wp-caption-text\">Blakeney Red<\/figcaption>\n\t\t\t\t\t\t\t\t\t\t<\/figure>\n\t\t\t\t\t\t\t\t\t<\/div>\n\t\t\t\t<\/div>\n\t\t\t\t\t<\/div>\n\t\t<\/div>\n\t\t\t\t<div class=\"elementor-column elementor-col-50 elementor-top-column elementor-element elementor-element-06f2e45\" data-id=\"06f2e45\" data-element_type=\"column\" data-e-type=\"column\">\n\t\t\t<div class=\"elementor-widget-wrap elementor-element-populated\">\n\t\t\t\t\t\t<div class=\"elementor-element elementor-element-069bd46 elementor-widget elementor-widget-image\" data-id=\"069bd46\" data-element_type=\"widget\" data-e-type=\"widget\" data-widget_type=\"image.default\">\n\t\t\t\t<div class=\"elementor-widget-container\">\n\t\t\t\t\t\t\t\t\t\t\t\t<figure class=\"wp-caption\">\n\t\t\t\t\t\t\t\t\t\t<img decoding=\"async\" width=\"300\" height=\"300\" src=\"https:\/\/appelsenperen.amsterdam\/wp-content\/uploads\/2016\/06\/plant_de_blanc-300x300.png\" class=\"attachment-medium size-medium wp-image-709\" alt=\"\" srcset=\"https:\/\/appelsenperen.amsterdam\/wp-content\/uploads\/2016\/06\/plant_de_blanc-300x300.png.webp 300w, https:\/\/appelsenperen.amsterdam\/wp-content\/uploads\/2016\/06\/plant_de_blanc-100x100.png.webp 100w, https:\/\/appelsenperen.amsterdam\/wp-content\/uploads\/2016\/06\/plant_de_blanc-150x150.png.webp 150w, https:\/\/appelsenperen.amsterdam\/wp-content\/uploads\/2016\/06\/plant_de_blanc-145x146.png.webp 145w, https:\/\/appelsenperen.amsterdam\/wp-content\/uploads\/2016\/06\/plant_de_blanc-50x50.png.webp 50w, https:\/\/appelsenperen.amsterdam\/wp-content\/uploads\/2016\/06\/plant_de_blanc-75x75.png.webp 75w, https:\/\/appelsenperen.amsterdam\/wp-content\/uploads\/2016\/06\/plant_de_blanc-85x85.png.webp 85w, https:\/\/appelsenperen.amsterdam\/wp-content\/uploads\/2016\/06\/plant_de_blanc-80x80.png.webp 80w, https:\/\/appelsenperen.amsterdam\/wp-content\/uploads\/2016\/06\/plant_de_blanc.png.webp 445w\" sizes=\"(max-width: 300px) 100vw, 300px\" \/>\t\t\t\t\t\t\t\t\t\t\t<figcaption class=\"widget-image-caption wp-caption-text\">Plant de Blanc<\/figcaption>\n\t\t\t\t\t\t\t\t\t\t<\/figure>\n\t\t\t\t\t\t\t\t\t<\/div>\n\t\t\t\t<\/div>\n\t\t\t\t\t<\/div>\n\t\t<\/div>\n\t\t\t\t\t<\/div>\n\t\t<\/section>\n\t\t\t\t<\/div>\n\t\t","protected":false},"excerpt":{"rendered":"<p>Poir\u00e9, in het Engels \u2018perry\u2019, is net als cider vergist 100% puur sap, maar dan van peren.&nbsp;Een aantal cidermakers heeft ook perenbomen staan en maakt naast cider ook poir\u00e9 of perry. Zo heeft het Nederlandse Uwe een mooie frisdroge perencider en maken vele Engelse producenten zoals o.a. Dunkertons, Gregg\u2019s Pit, Oliver\u2019s en Once Upon a [&hellip;]<\/p>\n","protected":false},"author":5,"featured_media":0,"parent":25870,"menu_order":4,"comment_status":"closed","ping_status":"closed","template":"","meta":{"footnotes":""},"class_list":["post-166","page","type-page","status-publish","hentry"],"yoast_head":"<!-- This site is optimized with the Yoast SEO plugin v27.2 - https:\/\/yoast.com\/product\/yoast-seo-wordpress\/ -->\n<title>Wat is Poir\u00e9 - Amsterdamse Ciderwinkel Appels &amp; Peren<\/title>\n<meta name=\"description\" content=\"Appels en Peren vertelt u graag wat meer over ambachtelijke poir\u00e9 of perry in het Engels. We verkopen in onze winkel meer dan 20 soorten.\" \/>\n<meta name=\"robots\" content=\"index, follow, max-snippet:-1, max-image-preview:large, max-video-preview:-1\" \/>\n<link rel=\"canonical\" href=\"https:\/\/appelsenperen.amsterdam\/en\/informatie\/poire-info\/\" \/>\n<meta property=\"og:locale\" content=\"en_GB\" \/>\n<meta property=\"og:type\" content=\"article\" \/>\n<meta property=\"og:title\" content=\"Wat is Poir\u00e9 - Amsterdamse Ciderwinkel Appels &amp; Peren\" \/>\n<meta property=\"og:description\" content=\"Appels en Peren vertelt u graag wat meer over ambachtelijke poir\u00e9 of perry in het Engels. We verkopen in onze winkel meer dan 20 soorten.\" \/>\n<meta property=\"og:url\" content=\"https:\/\/appelsenperen.amsterdam\/en\/informatie\/poire-info\/\" \/>\n<meta property=\"og:site_name\" content=\"Amsterdamse Ciderwinkel Appels &amp; Peren\" \/>\n<meta property=\"article:modified_time\" content=\"2021-11-11T12:20:26+00:00\" \/>\n<meta property=\"og:image\" content=\"https:\/\/appelsenperen.amsterdam\/wp-content\/uploads\/2019\/11\/Appels-en-Peren-Ciderwinkel-Poir\u00e9-Perry-Perencider-212x300.jpg\" \/>\n<meta name=\"twitter:card\" content=\"summary_large_image\" \/>\n<meta name=\"twitter:label1\" content=\"Estimated reading time\" \/>\n\t<meta name=\"twitter:data1\" content=\"3 minutes\" \/>\n<script type=\"application\/ld+json\" class=\"yoast-schema-graph\">{\"@context\":\"https:\/\/schema.org\",\"@graph\":[{\"@type\":\"WebPage\",\"@id\":\"https:\/\/appelsenperen.amsterdam\/informatie\/poire-info\/\",\"url\":\"https:\/\/appelsenperen.amsterdam\/informatie\/poire-info\/\",\"name\":\"Wat is Poir\u00e9 - Amsterdamse Ciderwinkel Appels &amp; Peren\",\"isPartOf\":{\"@id\":\"https:\/\/appelsenperen.amsterdam\/#website\"},\"primaryImageOfPage\":{\"@id\":\"https:\/\/appelsenperen.amsterdam\/informatie\/poire-info\/#primaryimage\"},\"image\":{\"@id\":\"https:\/\/appelsenperen.amsterdam\/informatie\/poire-info\/#primaryimage\"},\"thumbnailUrl\":\"https:\/\/appelsenperen.amsterdam\/wp-content\/uploads\/2016\/06\/pear_blakeney_red-300x300.jpg\",\"datePublished\":\"2016-05-24T07:01:58+00:00\",\"dateModified\":\"2021-11-11T12:20:26+00:00\",\"description\":\"Appels en Peren vertelt u graag wat meer over ambachtelijke poir\u00e9 of perry in het Engels. We verkopen in onze winkel meer dan 20 soorten.\",\"breadcrumb\":{\"@id\":\"https:\/\/appelsenperen.amsterdam\/informatie\/poire-info\/#breadcrumb\"},\"inLanguage\":\"en-GB\",\"potentialAction\":[{\"@type\":\"ReadAction\",\"target\":[\"https:\/\/appelsenperen.amsterdam\/informatie\/poire-info\/\"]}]},{\"@type\":\"ImageObject\",\"inLanguage\":\"en-GB\",\"@id\":\"https:\/\/appelsenperen.amsterdam\/informatie\/poire-info\/#primaryimage\",\"url\":\"https:\/\/appelsenperen.amsterdam\/wp-content\/uploads\/2016\/06\/pear_blakeney_red-300x300.jpg\",\"contentUrl\":\"https:\/\/appelsenperen.amsterdam\/wp-content\/uploads\/2016\/06\/pear_blakeney_red-300x300.jpg\"},{\"@type\":\"BreadcrumbList\",\"@id\":\"https:\/\/appelsenperen.amsterdam\/informatie\/poire-info\/#breadcrumb\",\"itemListElement\":[{\"@type\":\"ListItem\",\"position\":1,\"name\":\"Home\",\"item\":\"https:\/\/appelsenperen.amsterdam\/\"},{\"@type\":\"ListItem\",\"position\":2,\"name\":\"Informatie\",\"item\":\"https:\/\/appelsenperen.amsterdam\/informatie\/\"},{\"@type\":\"ListItem\",\"position\":3,\"name\":\"Wat is Poir\u00e9\"}]},{\"@type\":\"WebSite\",\"@id\":\"https:\/\/appelsenperen.amsterdam\/#website\",\"url\":\"https:\/\/appelsenperen.amsterdam\/\",\"name\":\"Amsterdamse Ciderwinkel Appels &amp; Peren\",\"description\":\"Everybody loves cider\",\"publisher\":{\"@id\":\"https:\/\/appelsenperen.amsterdam\/#organization\"},\"potentialAction\":[{\"@type\":\"SearchAction\",\"target\":{\"@type\":\"EntryPoint\",\"urlTemplate\":\"https:\/\/appelsenperen.amsterdam\/?s={search_term_string}\"},\"query-input\":{\"@type\":\"PropertyValueSpecification\",\"valueRequired\":true,\"valueName\":\"search_term_string\"}}],\"inLanguage\":\"en-GB\"},{\"@type\":\"Organization\",\"@id\":\"https:\/\/appelsenperen.amsterdam\/#organization\",\"name\":\"Appels en Peren, Ambachtelijke Cider en Poir\u00e9\",\"url\":\"https:\/\/appelsenperen.amsterdam\/\",\"logo\":{\"@type\":\"ImageObject\",\"inLanguage\":\"en-GB\",\"@id\":\"https:\/\/appelsenperen.amsterdam\/#\/schema\/logo\/image\/\",\"url\":\"https:\/\/appelsenperen.amsterdam\/wp-content\/uploads\/2021\/05\/logo-appels-en-peren.jpg\",\"contentUrl\":\"https:\/\/appelsenperen.amsterdam\/wp-content\/uploads\/2021\/05\/logo-appels-en-peren.jpg\",\"width\":677,\"height\":167,\"caption\":\"Appels en Peren, Ambachtelijke Cider en Poir\u00e9\"},\"image\":{\"@id\":\"https:\/\/appelsenperen.amsterdam\/#\/schema\/logo\/image\/\"}}]}<\/script>\n<!-- \/ Yoast SEO plugin. -->","yoast_head_json":{"title":"What is Poir\u00e9 - Amsterdam Cider Shop Apples &amp; Pears","description":"Appels en Peren is happy to tell you more about artisanal perry. We sell over 20 varieties in our shop.","robots":{"index":"index","follow":"follow","max-snippet":"max-snippet:-1","max-image-preview":"max-image-preview:large","max-video-preview":"max-video-preview:-1"},"canonical":"https:\/\/appelsenperen.amsterdam\/en\/informatie\/poire-info\/","og_locale":"en_GB","og_type":"article","og_title":"Wat is Poir\u00e9 - Amsterdamse Ciderwinkel Appels &amp; Peren","og_description":"Appels en Peren vertelt u graag wat meer over ambachtelijke poir\u00e9 of perry in het Engels. We verkopen in onze winkel meer dan 20 soorten.","og_url":"https:\/\/appelsenperen.amsterdam\/en\/informatie\/poire-info\/","og_site_name":"Amsterdamse Ciderwinkel Appels &amp; Peren","article_modified_time":"2021-11-11T12:20:26+00:00","og_image":[{"url":"https:\/\/appelsenperen.amsterdam\/wp-content\/uploads\/2019\/11\/Appels-en-Peren-Ciderwinkel-Poir\u00e9-Perry-Perencider-212x300.jpg","type":"","width":"","height":""}],"twitter_card":"summary_large_image","twitter_misc":{"Estimated reading time":"3 minutes"},"schema":{"@context":"https:\/\/schema.org","@graph":[{"@type":"WebPage","@id":"https:\/\/appelsenperen.amsterdam\/informatie\/poire-info\/","url":"https:\/\/appelsenperen.amsterdam\/informatie\/poire-info\/","name":"What is Poir\u00e9 - Amsterdam Cider Shop Apples &amp; Pears","isPartOf":{"@id":"https:\/\/appelsenperen.amsterdam\/#website"},"primaryImageOfPage":{"@id":"https:\/\/appelsenperen.amsterdam\/informatie\/poire-info\/#primaryimage"},"image":{"@id":"https:\/\/appelsenperen.amsterdam\/informatie\/poire-info\/#primaryimage"},"thumbnailUrl":"https:\/\/appelsenperen.amsterdam\/wp-content\/uploads\/2016\/06\/pear_blakeney_red-300x300.jpg","datePublished":"2016-05-24T07:01:58+00:00","dateModified":"2021-11-11T12:20:26+00:00","description":"Appels en Peren is happy to tell you more about artisanal perry. We sell over 20 varieties in our shop.","breadcrumb":{"@id":"https:\/\/appelsenperen.amsterdam\/informatie\/poire-info\/#breadcrumb"},"inLanguage":"en-GB","potentialAction":[{"@type":"ReadAction","target":["https:\/\/appelsenperen.amsterdam\/informatie\/poire-info\/"]}]},{"@type":"ImageObject","inLanguage":"en-GB","@id":"https:\/\/appelsenperen.amsterdam\/informatie\/poire-info\/#primaryimage","url":"https:\/\/appelsenperen.amsterdam\/wp-content\/uploads\/2016\/06\/pear_blakeney_red-300x300.jpg","contentUrl":"https:\/\/appelsenperen.amsterdam\/wp-content\/uploads\/2016\/06\/pear_blakeney_red-300x300.jpg"},{"@type":"BreadcrumbList","@id":"https:\/\/appelsenperen.amsterdam\/informatie\/poire-info\/#breadcrumb","itemListElement":[{"@type":"ListItem","position":1,"name":"Home","item":"https:\/\/appelsenperen.amsterdam\/"},{"@type":"ListItem","position":2,"name":"Informatie","item":"https:\/\/appelsenperen.amsterdam\/informatie\/"},{"@type":"ListItem","position":3,"name":"Wat is Poir\u00e9"}]},{"@type":"WebSite","@id":"https:\/\/appelsenperen.amsterdam\/#website","url":"https:\/\/appelsenperen.amsterdam\/","name":"Amsterdam Cider Shop Apples &amp; Pears","description":"Everybody loves cider","publisher":{"@id":"https:\/\/appelsenperen.amsterdam\/#organization"},"potentialAction":[{"@type":"SearchAction","target":{"@type":"EntryPoint","urlTemplate":"https:\/\/appelsenperen.amsterdam\/?s={search_term_string}"},"query-input":{"@type":"PropertyValueSpecification","valueRequired":true,"valueName":"search_term_string"}}],"inLanguage":"en-GB"},{"@type":"Organization","@id":"https:\/\/appelsenperen.amsterdam\/#organization","name":"Apples and Pears, Artisanal Cider and Poir\u00e9","url":"https:\/\/appelsenperen.amsterdam\/","logo":{"@type":"ImageObject","inLanguage":"en-GB","@id":"https:\/\/appelsenperen.amsterdam\/#\/schema\/logo\/image\/","url":"https:\/\/appelsenperen.amsterdam\/wp-content\/uploads\/2021\/05\/logo-appels-en-peren.jpg","contentUrl":"https:\/\/appelsenperen.amsterdam\/wp-content\/uploads\/2021\/05\/logo-appels-en-peren.jpg","width":677,"height":167,"caption":"Appels en Peren, Ambachtelijke Cider en Poir\u00e9"},"image":{"@id":"https:\/\/appelsenperen.amsterdam\/#\/schema\/logo\/image\/"}}]}},"_links":{"self":[{"href":"https:\/\/appelsenperen.amsterdam\/en\/wp-json\/wp\/v2\/pages\/166","targetHints":{"allow":["GET"]}}],"collection":[{"href":"https:\/\/appelsenperen.amsterdam\/en\/wp-json\/wp\/v2\/pages"}],"about":[{"href":"https:\/\/appelsenperen.amsterdam\/en\/wp-json\/wp\/v2\/types\/page"}],"author":[{"embeddable":true,"href":"https:\/\/appelsenperen.amsterdam\/en\/wp-json\/wp\/v2\/users\/5"}],"replies":[{"embeddable":true,"href":"https:\/\/appelsenperen.amsterdam\/en\/wp-json\/wp\/v2\/comments?post=166"}],"version-history":[{"count":44,"href":"https:\/\/appelsenperen.amsterdam\/en\/wp-json\/wp\/v2\/pages\/166\/revisions"}],"predecessor-version":[{"id":25984,"href":"https:\/\/appelsenperen.amsterdam\/en\/wp-json\/wp\/v2\/pages\/166\/revisions\/25984"}],"up":[{"embeddable":true,"href":"https:\/\/appelsenperen.amsterdam\/en\/wp-json\/wp\/v2\/pages\/25870"}],"wp:attachment":[{"href":"https:\/\/appelsenperen.amsterdam\/en\/wp-json\/wp\/v2\/media?parent=166"}],"curies":[{"name":"wp","href":"https:\/\/api.w.org\/{rel}","templated":true}]}}