{"id":1573,"date":"2016-12-19T13:41:55","date_gmt":"2016-12-19T12:41:55","guid":{"rendered":"https:\/\/appelsenperen.amsterdam\/?page_id=1573"},"modified":"2025-03-17T16:11:50","modified_gmt":"2025-03-17T15:11:50","slug":"winkelmandje","status":"publish","type":"page","link":"https:\/\/appelsenperen.amsterdam\/en\/winkelmandje\/","title":{"rendered":"Shopping cart"},"content":{"rendered":"<div data-elementor-type=\"wp-page\" data-elementor-id=\"1573\" class=\"elementor elementor-1573\" data-elementor-post-type=\"page\">\n\t\t\t\t<div class=\"elementor-element elementor-element-aa9e43d e-flex e-con-boxed e-con e-parent\" data-id=\"aa9e43d\" data-element_type=\"container\" data-e-type=\"container\" data-settings=\"{&quot;jet_parallax_layout_list&quot;:[]}\">\n\t\t\t\t\t<div class=\"e-con-inner\">\n\t\t\t\t\t<\/div>\n\t\t\t\t<\/div>\n\t\t\t\t<\/div>","protected":false},"excerpt":{"rendered":"<p>Artikel verwijderen Miniatuurafbeelding Product Prijs Aantal Subtotaal &times; Le P\u00e8re Jules Cidre de Normandie Brut 5% 75cl &euro;7,95 Le P\u00e8re Jules Cidre de Normandie Brut 5% 75cl aantal &euro;47,70 &times; Le P\u00e8re Jules Cidre de Normandie Demi-Sec 4.5% 75cl &euro;7,95 Le P\u00e8re Jules Cidre de Normandie Demi-Sec 4.5% 75cl aantal &euro;47,70 Winkelwagen bijwerken Waardebon toepassen [&hellip;]<\/p>\n","protected":false},"author":5,"featured_media":0,"parent":0,"menu_order":88,"comment_status":"closed","ping_status":"closed","template":"","meta":{"footnotes":""},"class_list":["post-1573","page","type-page","status-publish","hentry"],"yoast_head":"<!-- This site is optimized with the Yoast SEO plugin v27.2 - https:\/\/yoast.com\/product\/yoast-seo-wordpress\/ -->\n<title>Winkelmand - Amsterdamse Ciderwinkel Appels &amp; Peren<\/title>\n<meta name=\"robots\" content=\"index, follow, max-snippet:-1, max-image-preview:large, max-video-preview:-1\" \/>\n<link rel=\"canonical\" href=\"https:\/\/appelsenperen.amsterdam\/en\/winkelmandje\/\" \/>\n<meta property=\"og:locale\" content=\"en_GB\" \/>\n<meta property=\"og:type\" content=\"article\" \/>\n<meta property=\"og:title\" content=\"Winkelmand - Amsterdamse Ciderwinkel Appels &amp; Peren\" \/>\n<meta property=\"og:description\" content=\"Artikel verwijderen Miniatuurafbeelding Product Prijs Aantal Subtotaal &times; Le P\u00e8re Jules Cidre de Normandie Brut 5% 75cl &euro;7,95 Le P\u00e8re Jules Cidre de Normandie Brut 5% 75cl aantal &euro;47,70 &times; Le P\u00e8re Jules Cidre de Normandie Demi-Sec 4.5% 75cl &euro;7,95 Le P\u00e8re Jules Cidre de Normandie Demi-Sec 4.5% 75cl aantal &euro;47,70 Winkelwagen bijwerken Waardebon toepassen [&hellip;]\" \/>\n<meta property=\"og:url\" content=\"https:\/\/appelsenperen.amsterdam\/en\/winkelmandje\/\" \/>\n<meta property=\"og:site_name\" content=\"Amsterdamse Ciderwinkel Appels &amp; Peren\" \/>\n<meta property=\"article:modified_time\" content=\"2025-03-17T15:11:50+00:00\" \/>\n<meta property=\"og:image\" content=\"https:\/\/appelsenperen.amsterdam\/wp-content\/uploads\/2019\/11\/Le-Pere-Jules-Brut-500x500.jpg\" \/>\n<meta name=\"twitter:card\" content=\"summary_large_image\" \/>\n<meta name=\"twitter:label1\" content=\"Estimated reading time\" \/>\n\t<meta name=\"twitter:data1\" content=\"1 minute\" \/>\n<script type=\"application\/ld+json\" class=\"yoast-schema-graph\">{\"@context\":\"https:\/\/schema.org\",\"@graph\":[{\"@type\":\"WebPage\",\"@id\":\"https:\/\/appelsenperen.amsterdam\/winkelmandje\/\",\"url\":\"https:\/\/appelsenperen.amsterdam\/winkelmandje\/\",\"name\":\"Winkelmand - Amsterdamse Ciderwinkel Appels &amp; Peren\",\"isPartOf\":{\"@id\":\"https:\/\/appelsenperen.amsterdam\/#website\"},\"primaryImageOfPage\":{\"@id\":\"https:\/\/appelsenperen.amsterdam\/winkelmandje\/#primaryimage\"},\"image\":{\"@id\":\"https:\/\/appelsenperen.amsterdam\/winkelmandje\/#primaryimage\"},\"thumbnailUrl\":\"https:\/\/appelsenperen.amsterdam\/wp-content\/uploads\/2019\/11\/Le-Pere-Jules-Brut-500x500.jpg\",\"datePublished\":\"2016-12-19T12:41:55+00:00\",\"dateModified\":\"2025-03-17T15:11:50+00:00\",\"breadcrumb\":{\"@id\":\"https:\/\/appelsenperen.amsterdam\/winkelmandje\/#breadcrumb\"},\"inLanguage\":\"en-GB\",\"potentialAction\":[{\"@type\":\"ReadAction\",\"target\":[\"https:\/\/appelsenperen.amsterdam\/winkelmandje\/\"]}]},{\"@type\":\"ImageObject\",\"inLanguage\":\"en-GB\",\"@id\":\"https:\/\/appelsenperen.amsterdam\/winkelmandje\/#primaryimage\",\"url\":\"https:\/\/appelsenperen.amsterdam\/wp-content\/uploads\/2019\/11\/Le-Pere-Jules-Brut-500x500.jpg\",\"contentUrl\":\"https:\/\/appelsenperen.amsterdam\/wp-content\/uploads\/2019\/11\/Le-Pere-Jules-Brut-500x500.jpg\"},{\"@type\":\"BreadcrumbList\",\"@id\":\"https:\/\/appelsenperen.amsterdam\/winkelmandje\/#breadcrumb\",\"itemListElement\":[{\"@type\":\"ListItem\",\"position\":1,\"name\":\"Home\",\"item\":\"https:\/\/appelsenperen.amsterdam\/\"},{\"@type\":\"ListItem\",\"position\":2,\"name\":\"Winkelmand\"}]},{\"@type\":\"WebSite\",\"@id\":\"https:\/\/appelsenperen.amsterdam\/#website\",\"url\":\"https:\/\/appelsenperen.amsterdam\/\",\"name\":\"Amsterdamse Ciderwinkel Appels &amp; Peren\",\"description\":\"Everybody loves cider\",\"publisher\":{\"@id\":\"https:\/\/appelsenperen.amsterdam\/#organization\"},\"potentialAction\":[{\"@type\":\"SearchAction\",\"target\":{\"@type\":\"EntryPoint\",\"urlTemplate\":\"https:\/\/appelsenperen.amsterdam\/?s={search_term_string}\"},\"query-input\":{\"@type\":\"PropertyValueSpecification\",\"valueRequired\":true,\"valueName\":\"search_term_string\"}}],\"inLanguage\":\"en-GB\"},{\"@type\":\"Organization\",\"@id\":\"https:\/\/appelsenperen.amsterdam\/#organization\",\"name\":\"Appels en Peren, Ambachtelijke Cider en Poir\u00e9\",\"url\":\"https:\/\/appelsenperen.amsterdam\/\",\"logo\":{\"@type\":\"ImageObject\",\"inLanguage\":\"en-GB\",\"@id\":\"https:\/\/appelsenperen.amsterdam\/#\/schema\/logo\/image\/\",\"url\":\"https:\/\/appelsenperen.amsterdam\/wp-content\/uploads\/2021\/05\/logo-appels-en-peren.jpg\",\"contentUrl\":\"https:\/\/appelsenperen.amsterdam\/wp-content\/uploads\/2021\/05\/logo-appels-en-peren.jpg\",\"width\":677,\"height\":167,\"caption\":\"Appels en Peren, Ambachtelijke Cider en Poir\u00e9\"},\"image\":{\"@id\":\"https:\/\/appelsenperen.amsterdam\/#\/schema\/logo\/image\/\"}}]}<\/script>\n<!-- \/ Yoast SEO plugin. -->","yoast_head_json":{"title":"Winkelmand - Amsterdamse Ciderwinkel Appels &amp; Peren","robots":{"index":"index","follow":"follow","max-snippet":"max-snippet:-1","max-image-preview":"max-image-preview:large","max-video-preview":"max-video-preview:-1"},"canonical":"https:\/\/appelsenperen.amsterdam\/en\/winkelmandje\/","og_locale":"en_GB","og_type":"article","og_title":"Winkelmand - Amsterdamse Ciderwinkel Appels &amp; Peren","og_description":"Artikel verwijderen Miniatuurafbeelding Product Prijs Aantal Subtotaal &times; Le P\u00e8re Jules Cidre de Normandie Brut 5% 75cl &euro;7,95 Le P\u00e8re Jules Cidre de Normandie Brut 5% 75cl aantal &euro;47,70 &times; Le P\u00e8re Jules Cidre de Normandie Demi-Sec 4.5% 75cl &euro;7,95 Le P\u00e8re Jules Cidre de Normandie Demi-Sec 4.5% 75cl aantal &euro;47,70 Winkelwagen bijwerken Waardebon toepassen [&hellip;]","og_url":"https:\/\/appelsenperen.amsterdam\/en\/winkelmandje\/","og_site_name":"Amsterdamse Ciderwinkel Appels &amp; Peren","article_modified_time":"2025-03-17T15:11:50+00:00","og_image":[{"url":"https:\/\/appelsenperen.amsterdam\/wp-content\/uploads\/2019\/11\/Le-Pere-Jules-Brut-500x500.jpg","type":"","width":"","height":""}],"twitter_card":"summary_large_image","twitter_misc":{"Estimated reading time":"1 minute"},"schema":{"@context":"https:\/\/schema.org","@graph":[{"@type":"WebPage","@id":"https:\/\/appelsenperen.amsterdam\/winkelmandje\/","url":"https:\/\/appelsenperen.amsterdam\/winkelmandje\/","name":"Winkelmand - Amsterdamse Ciderwinkel Appels &amp; Peren","isPartOf":{"@id":"https:\/\/appelsenperen.amsterdam\/#website"},"primaryImageOfPage":{"@id":"https:\/\/appelsenperen.amsterdam\/winkelmandje\/#primaryimage"},"image":{"@id":"https:\/\/appelsenperen.amsterdam\/winkelmandje\/#primaryimage"},"thumbnailUrl":"https:\/\/appelsenperen.amsterdam\/wp-content\/uploads\/2019\/11\/Le-Pere-Jules-Brut-500x500.jpg","datePublished":"2016-12-19T12:41:55+00:00","dateModified":"2025-03-17T15:11:50+00:00","breadcrumb":{"@id":"https:\/\/appelsenperen.amsterdam\/winkelmandje\/#breadcrumb"},"inLanguage":"en-GB","potentialAction":[{"@type":"ReadAction","target":["https:\/\/appelsenperen.amsterdam\/winkelmandje\/"]}]},{"@type":"ImageObject","inLanguage":"en-GB","@id":"https:\/\/appelsenperen.amsterdam\/winkelmandje\/#primaryimage","url":"https:\/\/appelsenperen.amsterdam\/wp-content\/uploads\/2019\/11\/Le-Pere-Jules-Brut-500x500.jpg","contentUrl":"https:\/\/appelsenperen.amsterdam\/wp-content\/uploads\/2019\/11\/Le-Pere-Jules-Brut-500x500.jpg"},{"@type":"BreadcrumbList","@id":"https:\/\/appelsenperen.amsterdam\/winkelmandje\/#breadcrumb","itemListElement":[{"@type":"ListItem","position":1,"name":"Home","item":"https:\/\/appelsenperen.amsterdam\/"},{"@type":"ListItem","position":2,"name":"Winkelmand"}]},{"@type":"WebSite","@id":"https:\/\/appelsenperen.amsterdam\/#website","url":"https:\/\/appelsenperen.amsterdam\/","name":"Amsterdam Cider Shop Apples &amp; Pears","description":"Everybody loves cider","publisher":{"@id":"https:\/\/appelsenperen.amsterdam\/#organization"},"potentialAction":[{"@type":"SearchAction","target":{"@type":"EntryPoint","urlTemplate":"https:\/\/appelsenperen.amsterdam\/?s={search_term_string}"},"query-input":{"@type":"PropertyValueSpecification","valueRequired":true,"valueName":"search_term_string"}}],"inLanguage":"en-GB"},{"@type":"Organization","@id":"https:\/\/appelsenperen.amsterdam\/#organization","name":"Apples and Pears, Artisanal Cider and Poir\u00e9","url":"https:\/\/appelsenperen.amsterdam\/","logo":{"@type":"ImageObject","inLanguage":"en-GB","@id":"https:\/\/appelsenperen.amsterdam\/#\/schema\/logo\/image\/","url":"https:\/\/appelsenperen.amsterdam\/wp-content\/uploads\/2021\/05\/logo-appels-en-peren.jpg","contentUrl":"https:\/\/appelsenperen.amsterdam\/wp-content\/uploads\/2021\/05\/logo-appels-en-peren.jpg","width":677,"height":167,"caption":"Appels en Peren, Ambachtelijke Cider en Poir\u00e9"},"image":{"@id":"https:\/\/appelsenperen.amsterdam\/#\/schema\/logo\/image\/"}}]}},"_links":{"self":[{"href":"https:\/\/appelsenperen.amsterdam\/en\/wp-json\/wp\/v2\/pages\/1573","targetHints":{"allow":["GET"]}}],"collection":[{"href":"https:\/\/appelsenperen.amsterdam\/en\/wp-json\/wp\/v2\/pages"}],"about":[{"href":"https:\/\/appelsenperen.amsterdam\/en\/wp-json\/wp\/v2\/types\/page"}],"author":[{"embeddable":true,"href":"https:\/\/appelsenperen.amsterdam\/en\/wp-json\/wp\/v2\/users\/5"}],"replies":[{"embeddable":true,"href":"https:\/\/appelsenperen.amsterdam\/en\/wp-json\/wp\/v2\/comments?post=1573"}],"version-history":[{"count":22,"href":"https:\/\/appelsenperen.amsterdam\/en\/wp-json\/wp\/v2\/pages\/1573\/revisions"}],"predecessor-version":[{"id":39722,"href":"https:\/\/appelsenperen.amsterdam\/en\/wp-json\/wp\/v2\/pages\/1573\/revisions\/39722"}],"wp:attachment":[{"href":"https:\/\/appelsenperen.amsterdam\/en\/wp-json\/wp\/v2\/media?parent=1573"}],"curies":[{"name":"wp","href":"https:\/\/api.w.org\/{rel}","templated":true}]}}